{"id":125234,"date":"2026-05-06T17:31:09","date_gmt":"2026-05-06T20:31:09","guid":{"rendered":"https:\/\/www.hediyepazar.com\/?product=regal-luna-inverter-18000-btu-a-klima1923"},"modified":"2026-05-06T17:31:09","modified_gmt":"2026-05-06T20:31:09","slug":"regal-luna-inverter-18000-btu-a-klima1923","status":"publish","type":"product","link":"https:\/\/www.hediyepazar.com\/?product=regal-luna-inverter-18000-btu-a-klima1923","title":{"rendered":"Regal LUNA INVERTER 18000 BTU A++ Klima(1923)"},"content":{"rendered":"<p>\u00dcR\u00dcN HAKKINDAEnerji S\u0131n\u0131f\u0131Kullan\u0131m K\u0131lavuzu\u00dcr\u00fcn Bilgi Formu\u00dcR\u00dcN \u00d6ZELL\u0130KLER\u0130Tasarruf ModuTasarruf modu devreye al\u0131nd\u0131\u011f\u0131nda enerji t\u00fcketimi %30\u2019a varan oranda azalarak enerji tasarrufu sa\u011flar.Nem Alma FonksiyonuNem alma fonksiyonu sayesinde ortam\u0131n havas\u0131 ferahlar ve ortam\u0131n\u0131z d\u0131\u015far\u0131daki hava ko\u015fullar\u0131n\u0131n nem ile yo\u011funla\u015fm\u0131\u015f etkisinden ar\u0131nd\u0131r\u0131l\u0131r.Turbo \u00c7al\u0131\u015fma Modu\u00dc\u015f\u00fcd\u00fc\u011f\u00fcn\u00fcz veya s\u0131caklad\u0131\u011f\u0131n\u0131z zamanlarda turbo fan ile ortam\u0131 h\u0131zla istenilen s\u0131cakl\u0131\u011fa getirebilirsiniz.Uyku ModuUyku modu uyku s\u0131ras\u0131nda ortam\u0131n a\u015f\u0131r\u0131 so\u011fumas\u0131 veya \u0131s\u0131nmas\u0131 engeller. Kliman\u0131z siz uykudayken minimum ses seviyesi ile \u00e7al\u0131\u015farak uyku keyfinizi b\u00f6lmeden konfor sa\u011flar.Sessiz \u00c7al\u0131\u015fmaUltra sessiz Regal klimalar ile ortam\u0131 \u0131s\u0131t\u0131rken veya so\u011futurken sessizli\u011fin keyfini \u00e7\u0131karabilirsiniz.Toz FiltresiKlima filtresini temizlemek Regal ile \u00e7ok kolay. Toz filtresi ortamdaki tozlardan ar\u0131nd\u0131r\u0131r, klimaya hijyen sa\u011flar ve uzun \u00f6m\u00fcrl\u00fc olmas\u0131n\u0131 sa\u011flar.\u00a0Ek \u00d6zellikler-15\u02daC de Is\u0131tmaVar6 Kademeli \u0130\u00e7 \u00dcnite Fan H\u0131z\u0131VarAr\u0131za Durumunda \u00c7al\u0131\u015fmaVarBuz \u00c7\u00f6zme FonksiyonuVarDijital DC Inverter TeknolojisiVarHata Te\u015fhis ve Otomatik Koruma FonksiyonuVarOtomatik Dikey Hava Sal\u0131n\u0131m\u0131VarOtomatik \u0130\u00e7 \u00dcnite Temizleme FonksiyonuVarOtomatik S\u0131cakl\u0131k Kontrol\u00fcVarS\u0131cakl\u0131k G\u00f6stergesiVarLCD Ekranl\u0131 Uzaktan KumandaVarRestart FonksiyonuVar\u00dcfleme Y\u00f6n\u00fc Haf\u0131zas\u0131Beyaz\u0130\u00e7 \u00dcnite Bip Sesi \u0130ptaliVarFiltreler\u00c7\u0131kar\u0131l\u0131p Y\u0131kanabilen \u00d6n FiltreVarFiziksel Bilgiler: D\u0131\u015f \u00dcniteD\u0131\u015f \u00dcnite Ses G\u00fcc\u00fc (dBA)49D\u0131\u015f \u00dcnite RengiBeyazFiziksel Bilgiler: \u0130\u00e7 \u00dcnite\u0130\u00e7 \u00dcnite Boyutlar\u0131 (mm) (YxGxD)323*1053*226Ses Seviyesi (dBA)55Fonksiyon ve TeknolojilerTasarruf ModuVarTurbo ModuVarUyku ModuVarHisset FonksiyonuVarNem Alma FonksiyonuVarFavori ModuVarOtomatik Fan H\u0131z Ayar\u0131VarUltra Sessiz \u00c7al\u0131\u015fmaVarGenel \u00d6zelliklerBTU De\u011feri (Kapasite)18000 BTUSo\u011futucu GazR32 Yeni Nesil \u00c7evreci GazPerformans Bilgileri: Is\u0131tmaIs\u0131tma Enerji S\u0131n\u0131f\u0131A+Max. Is\u0131tma Kapasitesi (BTU)21500Sezonsal Enerji Verimlili\u011fi (SCOP)VarPerformans Bilgileri: So\u011futmaSo\u011futma Enerji S\u0131n\u0131f\u0131A++Di\u011fer Bilgiler\u00dcr\u00fcn Kodu20235079\u00dccretsiz Garanti S\u00fcresi3 Y\u0131l Garanti\u00dccretsiz MontajVar\u00a0<\/p>\n","protected":false},"excerpt":{"rendered":"<p>\u00dcR\u00dcN HAKKINDAEnerji S\u0131n\u0131f\u0131Kullan\u0131m K\u0131lavuzu\u00dcr\u00fcn Bilgi Formu\u00dcR\u00dcN \u00d6ZELL\u0130KLER\u0130Tasarruf ModuTasarruf modu devreye al\u0131nd\u0131\u011f\u0131nda enerji t\u00fcketimi %30\u2019a varan oranda azalarak enerji tasarrufu sa\u011flar.Nem Alma FonksiyonuNem alma fonksiyonu sayesinde ortam\u0131n havas\u0131 ferahlar ve ortam\u0131n\u0131z d\u0131\u015far\u0131daki hava ko\u015fullar\u0131n\u0131n nem ile yo\u011funla\u015fm\u0131\u015f etkisinden ar\u0131nd\u0131r\u0131l\u0131r.Turbo \u00c7al\u0131\u015fma Modu\u00dc\u015f\u00fcd\u00fc\u011f\u00fcn\u00fcz veya s\u0131caklad\u0131\u011f\u0131n\u0131z zamanlarda turbo fan ile ortam\u0131 h\u0131zla istenilen s\u0131cakl\u0131\u011fa getirebilirsiniz.Uyku ModuUyku modu uyku s\u0131ras\u0131nda&#8230;<\/p>\n","protected":false},"featured_media":125233,"comment_status":"open","ping_status":"closed","template":"","meta":{"_kad_post_transparent":"","_kad_post_title":"","_kad_post_layout":"","_kad_post_sidebar_id":"","_kad_post_content_style":"","_kad_post_vertical_padding":"","_kad_post_feature":"","_kad_post_feature_position":"","_kad_post_header":false,"_kad_post_footer":false,"_kad_post_classname":""},"product_brand":[],"product_cat":[15194],"product_tag":[],"class_list":{"0":"post-125234","1":"product","2":"type-product","3":"status-publish","4":"has-post-thumbnail","6":"product_cat-sogutucular-sogutucular","8":"first","9":"instock","10":"purchasable","11":"product-type-simple","12":"entry","13":"content-bg","14":"loop-entry"},"_links":{"self":[{"href":"https:\/\/www.hediyepazar.com\/index.php?rest_route=\/wp\/v2\/product\/125234","targetHints":{"allow":["GET"]}}],"collection":[{"href":"https:\/\/www.hediyepazar.com\/index.php?rest_route=\/wp\/v2\/product"}],"about":[{"href":"https:\/\/www.hediyepazar.com\/index.php?rest_route=\/wp\/v2\/types\/product"}],"replies":[{"embeddable":true,"href":"https:\/\/www.hediyepazar.com\/index.php?rest_route=%2Fwp%2Fv2%2Fcomments&post=125234"}],"wp:featuredmedia":[{"embeddable":true,"href":"https:\/\/www.hediyepazar.com\/index.php?rest_route=\/wp\/v2\/media\/125233"}],"wp:attachment":[{"href":"https:\/\/www.hediyepazar.com\/index.php?rest_route=%2Fwp%2Fv2%2Fmedia&parent=125234"}],"wp:term":[{"taxonomy":"product_brand","embeddable":true,"href":"https:\/\/www.hediyepazar.com\/index.php?rest_route=%2Fwp%2Fv2%2Fproduct_brand&post=125234"},{"taxonomy":"product_cat","embeddable":true,"href":"https:\/\/www.hediyepazar.com\/index.php?rest_route=%2Fwp%2Fv2%2Fproduct_cat&post=125234"},{"taxonomy":"product_tag","embeddable":true,"href":"https:\/\/www.hediyepazar.com\/index.php?rest_route=%2Fwp%2Fv2%2Fproduct_tag&post=125234"}],"curies":[{"name":"wp","href":"https:\/\/api.w.org\/{rel}","templated":true}]}}