{"id":125274,"date":"2026-05-06T17:37:06","date_gmt":"2026-05-06T20:37:06","guid":{"rendered":"https:\/\/www.hediyepazar.com\/?product=pg-ribon-wax-110mm-x-300m1923"},"modified":"2026-05-06T17:37:06","modified_gmt":"2026-05-06T20:37:06","slug":"pg-ribon-wax-110mm-x-300m1923","status":"publish","type":"product","link":"https:\/\/www.hediyepazar.com\/?product=pg-ribon-wax-110mm-x-300m1923","title":{"rendered":"PG Ribon Wax 110mm x 300m(1923)"},"content":{"rendered":"<p>\u00d6l\u00e7\u00fc\u00a0110 mm X 300 metre\u00a0Geni\u015flik\u00a0110 mm\u00a0Uzunluk\u00a0300 metre\u00a0Rulo i\u00e7 \u00e7ap\u0131\u00a025,4 mm\u00a0Rulo d\u0131\u015f \u00e7ap\u0131\u00a064 mm ( \u00b12 mm)\u00a0Kuka geni\u015fli\u011fi\u00a0110 mm\u00a0M\u00fcrekkepli Y\u00fczey\u00a0D\u0131\u015f\u00a0Renk\u00a0Siyah\u00a0Ta\u015f\u0131y\u0131c\u0131\u00a0Polyester\u00a0Kal\u0131nl\u0131k\u00a01.3 Mikron\u00a0G\u00f6r\u00fc\u015f yo\u011funlu\u011fu (Yans\u0131ma)\u00a0>1,90 Mikron\u00a0Is\u0131 Direnci\u00a0Silikon bazl\u0131\u00a0Erime S\u0131cakl\u0131\u011f\u0131\u00a070 \u00b0CArgox CP-2140Argox X-1000+Argox X-1000VArgox X-100VLArgox X-2000+Argox X-2000VArgox X-3000+Argox X-3200Argox G-6000Avery Denisson AP 5.4Avery Denisson AP 64.06Avery Denisson AP 64.08Beiyang BTP-2200EBeiyang BTP-2300EBirch Gemini TBirch Gemini 2MBirch Apollo 1-300RSBirch Apollo21-300RSBirch Apollo 3-200MBirch Apollo 3-300MCab A4+Cab A6+Cab A8+Cab Mach4Citizen Clp-521Citizen Clp-521ZCitizen Clp-621Citizen Clp-621ZCitizen Clp-631Citizen Clp-631ZDatamax W-8306Datamax W-6308Datamax W-6208Datamax H-8308XDatamax H-6310XDatamax H-6212XDatamax H-4606XDatamax H-4606XDatamax H-4310XDatamax H-4212XDatamax H-6308Datamax H-6210Datamax H-4606Datamax H-4408Datamax H-4310Datamax H-4212Datamax I-4604Datamax I-4606Datamax I-4308Datamax I-4212Datamax I-4210Datamax I-4208Datamax M-4308Datamax M-4210Datamax M-4206Godex EZ-2200PlusGodex EZ-2300PlusIntermec PD41Intermec PD42Intermec Px4iIntermec Px6iMonarch 9416 XLMonarch 9906Monarch 9825Monarch 9854Monarch 9855Monarch 9860Monarch 9864Sato CL408eSato CL412eSato CL608eSato CL612eToshiba Tec B-evtToshiba Tec B-SX600Toshiba Tec B-SX4Toshiba Tec B-SX5Toshiba Tec B-SX6Toshiba Tec B-SX8TSC TTP-384MTSC TTP-342MTSC TTP-244METSC TTP-244E PlusTSC TTP-344MTSC TTP-644MTSC TTP-246MTSC TTP-2410MTSC TTP-346MZebra ZM400Zebra ZM600Zebra S4MZebra 105SL<\/p>\n","protected":false},"excerpt":{"rendered":"<p>\u00d6l\u00e7\u00fc\u00a0110 mm X 300 metre\u00a0Geni\u015flik\u00a0110 mm\u00a0Uzunluk\u00a0300 metre\u00a0Rulo i\u00e7 \u00e7ap\u0131\u00a025,4 mm\u00a0Rulo d\u0131\u015f \u00e7ap\u0131\u00a064 mm ( \u00b12 mm)\u00a0Kuka geni\u015fli\u011fi\u00a0110 mm\u00a0M\u00fcrekkepli Y\u00fczey\u00a0D\u0131\u015f\u00a0Renk\u00a0Siyah\u00a0Ta\u015f\u0131y\u0131c\u0131\u00a0Polyester\u00a0Kal\u0131nl\u0131k\u00a01.3 Mikron\u00a0G\u00f6r\u00fc\u015f yo\u011funlu\u011fu (Yans\u0131ma)\u00a0>1,90 Mikron\u00a0Is\u0131 Direnci\u00a0Silikon bazl\u0131\u00a0Erime S\u0131cakl\u0131\u011f\u0131\u00a070 \u00b0CArgox CP-2140Argox X-1000+Argox X-1000VArgox X-100VLArgox X-2000+Argox X-2000VArgox X-3000+Argox X-3200Argox G-6000Avery Denisson AP 5.4Avery Denisson AP 64.06Avery Denisson AP 64.08Beiyang BTP-2200EBeiyang BTP-2300EBirch Gemini TBirch Gemini 2MBirch Apollo 1-300RSBirch Apollo21-300RSBirch Apollo&#8230;<\/p>\n","protected":false},"featured_media":125273,"comment_status":"open","ping_status":"closed","template":"","meta":{"_kad_post_transparent":"","_kad_post_title":"","_kad_post_layout":"","_kad_post_sidebar_id":"","_kad_post_content_style":"","_kad_post_vertical_padding":"","_kad_post_feature":"","_kad_post_feature_position":"","_kad_post_header":false,"_kad_post_footer":false,"_kad_post_classname":""},"product_brand":[],"product_cat":[14146],"product_tag":[],"class_list":{"0":"post-125274","1":"product","2":"type-product","3":"status-publish","4":"has-post-thumbnail","6":"product_cat-ofis-sarf-tuketim-malzemesi-kirtasiye-ofis-ofis-sarf-tuketim-malzemesi-kirtasiye-ofis","8":"first","9":"instock","10":"purchasable","11":"product-type-simple","12":"entry","13":"content-bg","14":"loop-entry"},"_links":{"self":[{"href":"https:\/\/www.hediyepazar.com\/index.php?rest_route=\/wp\/v2\/product\/125274","targetHints":{"allow":["GET"]}}],"collection":[{"href":"https:\/\/www.hediyepazar.com\/index.php?rest_route=\/wp\/v2\/product"}],"about":[{"href":"https:\/\/www.hediyepazar.com\/index.php?rest_route=\/wp\/v2\/types\/product"}],"replies":[{"embeddable":true,"href":"https:\/\/www.hediyepazar.com\/index.php?rest_route=%2Fwp%2Fv2%2Fcomments&post=125274"}],"wp:featuredmedia":[{"embeddable":true,"href":"https:\/\/www.hediyepazar.com\/index.php?rest_route=\/wp\/v2\/media\/125273"}],"wp:attachment":[{"href":"https:\/\/www.hediyepazar.com\/index.php?rest_route=%2Fwp%2Fv2%2Fmedia&parent=125274"}],"wp:term":[{"taxonomy":"product_brand","embeddable":true,"href":"https:\/\/www.hediyepazar.com\/index.php?rest_route=%2Fwp%2Fv2%2Fproduct_brand&post=125274"},{"taxonomy":"product_cat","embeddable":true,"href":"https:\/\/www.hediyepazar.com\/index.php?rest_route=%2Fwp%2Fv2%2Fproduct_cat&post=125274"},{"taxonomy":"product_tag","embeddable":true,"href":"https:\/\/www.hediyepazar.com\/index.php?rest_route=%2Fwp%2Fv2%2Fproduct_tag&post=125274"}],"curies":[{"name":"wp","href":"https:\/\/api.w.org\/{rel}","templated":true}]}}