{"id":125276,"date":"2026-05-06T17:37:11","date_gmt":"2026-05-06T20:37:11","guid":{"rendered":"https:\/\/www.hediyepazar.com\/?product=pg-ribon-wax-110mm-x-74m-10lu-paket1923"},"modified":"2026-05-06T17:37:11","modified_gmt":"2026-05-06T20:37:11","slug":"pg-ribon-wax-110mm-x-74m-10lu-paket1923","status":"publish","type":"product","link":"https:\/\/www.hediyepazar.com\/?product=pg-ribon-wax-110mm-x-74m-10lu-paket1923","title":{"rendered":"PG Ribon Wax 110mm x 74m (10lu Paket)(1923)"},"content":{"rendered":"<p>\u00a0\u00d6l\u00e7\u00fc\u00a0110 mm X 74 metre\u00a0Geni\u015flik\u00a0110 mm\u00a0Uzunluk\u00a074 metre\u00a0Rulo i\u00e7 \u00e7ap\u0131\u00a013\u00a0mm\u00a0Rulo d\u0131\u015f \u00e7ap\u0131\u00a036 mm ( \u00b12 mm)\u00a0Kuka geni\u015fli\u011fi\u00a0110 mm\u00a0M\u00fcrekkepli Y\u00fczey\u00a0D\u0131\u015f\u00a0Renk\u00a0Siyah\u00a0Ta\u015f\u0131y\u0131c\u0131\u00a0Polyester\u00a0Kal\u0131nl\u0131k\u00a01.3 Mikron\u00a0G\u00f6r\u00fc\u015f yo\u011funlu\u011fu (Yans\u0131ma)\u00a0>1,90 Mikron\u00a0Is\u0131 Direnci\u00a0Silikon bazl\u0131\u00a0Erime S\u0131cakl\u0131\u011f\u0131\u00a070 \u00b0C\u00a0KULLANILAB\u0130LEN YAZICI MODELLER\u0130\u00a0Argox OS-214TTArgox OS-214PlusArgox OS-2140Argox A-200Argox A-2240Beiyang Btp-L42Birch BP-742Birch BP-743Datamax E-4203Godex EZ-1105Godex EZ-1100 PlusIntermec PF8Intermec PC4Monarch 9416 XLSato CX400Toshiba TEC B-EV4T<\/p>\n","protected":false},"excerpt":{"rendered":"<p>\u00a0\u00d6l\u00e7\u00fc\u00a0110 mm X 74 metre\u00a0Geni\u015flik\u00a0110 mm\u00a0Uzunluk\u00a074 metre\u00a0Rulo i\u00e7 \u00e7ap\u0131\u00a013\u00a0mm\u00a0Rulo d\u0131\u015f \u00e7ap\u0131\u00a036 mm ( \u00b12 mm)\u00a0Kuka geni\u015fli\u011fi\u00a0110 mm\u00a0M\u00fcrekkepli Y\u00fczey\u00a0D\u0131\u015f\u00a0Renk\u00a0Siyah\u00a0Ta\u015f\u0131y\u0131c\u0131\u00a0Polyester\u00a0Kal\u0131nl\u0131k\u00a01.3 Mikron\u00a0G\u00f6r\u00fc\u015f yo\u011funlu\u011fu (Yans\u0131ma)\u00a0>1,90 Mikron\u00a0Is\u0131 Direnci\u00a0Silikon bazl\u0131\u00a0Erime S\u0131cakl\u0131\u011f\u0131\u00a070 \u00b0C\u00a0KULLANILAB\u0130LEN YAZICI MODELLER\u0130\u00a0Argox OS-214TTArgox OS-214PlusArgox OS-2140Argox A-200Argox A-2240Beiyang Btp-L42Birch BP-742Birch BP-743Datamax E-4203Godex EZ-1105Godex EZ-1100 PlusIntermec PF8Intermec PC4Monarch 9416 XLSato CX400Toshiba TEC B-EV4T<\/p>\n","protected":false},"featured_media":125275,"comment_status":"open","ping_status":"closed","template":"","meta":{"_kad_post_transparent":"","_kad_post_title":"","_kad_post_layout":"","_kad_post_sidebar_id":"","_kad_post_content_style":"","_kad_post_vertical_padding":"","_kad_post_feature":"","_kad_post_feature_position":"","_kad_post_header":false,"_kad_post_footer":false,"_kad_post_classname":""},"product_brand":[],"product_cat":[14146],"product_tag":[],"class_list":{"0":"post-125276","1":"product","2":"type-product","3":"status-publish","4":"has-post-thumbnail","6":"product_cat-ofis-sarf-tuketim-malzemesi-kirtasiye-ofis-ofis-sarf-tuketim-malzemesi-kirtasiye-ofis","8":"first","9":"instock","10":"purchasable","11":"product-type-simple","12":"entry","13":"content-bg","14":"loop-entry"},"_links":{"self":[{"href":"https:\/\/www.hediyepazar.com\/index.php?rest_route=\/wp\/v2\/product\/125276","targetHints":{"allow":["GET"]}}],"collection":[{"href":"https:\/\/www.hediyepazar.com\/index.php?rest_route=\/wp\/v2\/product"}],"about":[{"href":"https:\/\/www.hediyepazar.com\/index.php?rest_route=\/wp\/v2\/types\/product"}],"replies":[{"embeddable":true,"href":"https:\/\/www.hediyepazar.com\/index.php?rest_route=%2Fwp%2Fv2%2Fcomments&post=125276"}],"wp:featuredmedia":[{"embeddable":true,"href":"https:\/\/www.hediyepazar.com\/index.php?rest_route=\/wp\/v2\/media\/125275"}],"wp:attachment":[{"href":"https:\/\/www.hediyepazar.com\/index.php?rest_route=%2Fwp%2Fv2%2Fmedia&parent=125276"}],"wp:term":[{"taxonomy":"product_brand","embeddable":true,"href":"https:\/\/www.hediyepazar.com\/index.php?rest_route=%2Fwp%2Fv2%2Fproduct_brand&post=125276"},{"taxonomy":"product_cat","embeddable":true,"href":"https:\/\/www.hediyepazar.com\/index.php?rest_route=%2Fwp%2Fv2%2Fproduct_cat&post=125276"},{"taxonomy":"product_tag","embeddable":true,"href":"https:\/\/www.hediyepazar.com\/index.php?rest_route=%2Fwp%2Fv2%2Fproduct_tag&post=125276"}],"curies":[{"name":"wp","href":"https:\/\/api.w.org\/{rel}","templated":true}]}}