{"id":125296,"date":"2026-05-06T17:39:22","date_gmt":"2026-05-06T20:39:22","guid":{"rendered":"https:\/\/www.hediyepazar.com\/?product=s-link-sl-cat605-cat6-patch-5mt-kablo-gri1923"},"modified":"2026-05-06T17:39:22","modified_gmt":"2026-05-06T20:39:22","slug":"s-link-sl-cat605-cat6-patch-5mt-kablo-gri1923","status":"publish","type":"product","link":"https:\/\/www.hediyepazar.com\/?product=s-link-sl-cat605-cat6-patch-5mt-kablo-gri1923","title":{"rendered":"S-LINK SL-CAT605 CAT6 Patch 5Mt Kablo (Gri)(1923)"},"content":{"rendered":"<p>MarkaS-linkModelSL-CAT605RenkGriA\u00e7\u0131klamaEthernet KablosuKablo TipiCAT6 UTPKablo Uzunlu\u011fu5mVeri Aktar\u0131m H\u0131z\u0131100\/1000 Mbpskablo Kal\u0131nl\u0131\u011f\u013124 AWGKablo KaplamaPlastik<\/p>\n","protected":false},"excerpt":{"rendered":"<p>MarkaS-linkModelSL-CAT605RenkGriA\u00e7\u0131klamaEthernet KablosuKablo TipiCAT6 UTPKablo Uzunlu\u011fu5mVeri Aktar\u0131m H\u0131z\u0131100\/1000 Mbpskablo Kal\u0131nl\u0131\u011f\u013124 AWGKablo KaplamaPlastik<\/p>\n","protected":false},"featured_media":125295,"comment_status":"open","ping_status":"closed","template":"","meta":{"_kad_post_transparent":"","_kad_post_title":"","_kad_post_layout":"","_kad_post_sidebar_id":"","_kad_post_content_style":"","_kad_post_vertical_padding":"","_kad_post_feature":"","_kad_post_feature_position":"","_kad_post_header":false,"_kad_post_footer":false,"_kad_post_classname":""},"product_brand":[],"product_cat":[15213],"product_tag":[],"class_list":{"0":"post-125296","1":"product","2":"type-product","3":"status-publish","4":"has-post-thumbnail","6":"product_cat-kablo-sarf-malzemeler-elektrikli-ev-aletleri-elektronik-kablo-sarf-malzemeler","8":"first","9":"instock","10":"purchasable","11":"product-type-simple","12":"entry","13":"content-bg","14":"loop-entry"},"_links":{"self":[{"href":"https:\/\/www.hediyepazar.com\/index.php?rest_route=\/wp\/v2\/product\/125296","targetHints":{"allow":["GET"]}}],"collection":[{"href":"https:\/\/www.hediyepazar.com\/index.php?rest_route=\/wp\/v2\/product"}],"about":[{"href":"https:\/\/www.hediyepazar.com\/index.php?rest_route=\/wp\/v2\/types\/product"}],"replies":[{"embeddable":true,"href":"https:\/\/www.hediyepazar.com\/index.php?rest_route=%2Fwp%2Fv2%2Fcomments&post=125296"}],"wp:featuredmedia":[{"embeddable":true,"href":"https:\/\/www.hediyepazar.com\/index.php?rest_route=\/wp\/v2\/media\/125295"}],"wp:attachment":[{"href":"https:\/\/www.hediyepazar.com\/index.php?rest_route=%2Fwp%2Fv2%2Fmedia&parent=125296"}],"wp:term":[{"taxonomy":"product_brand","embeddable":true,"href":"https:\/\/www.hediyepazar.com\/index.php?rest_route=%2Fwp%2Fv2%2Fproduct_brand&post=125296"},{"taxonomy":"product_cat","embeddable":true,"href":"https:\/\/www.hediyepazar.com\/index.php?rest_route=%2Fwp%2Fv2%2Fproduct_cat&post=125296"},{"taxonomy":"product_tag","embeddable":true,"href":"https:\/\/www.hediyepazar.com\/index.php?rest_route=%2Fwp%2Fv2%2Fproduct_tag&post=125296"}],"curies":[{"name":"wp","href":"https:\/\/api.w.org\/{rel}","templated":true}]}}