{"id":125300,"date":"2026-05-06T17:41:06","date_gmt":"2026-05-06T20:41:06","guid":{"rendered":"https:\/\/www.hediyepazar.com\/?product=s-link-sl-cat606-cat6-patch-60cm-kablo-gri1923"},"modified":"2026-05-06T17:41:06","modified_gmt":"2026-05-06T20:41:06","slug":"s-link-sl-cat606-cat6-patch-60cm-kablo-gri1923","status":"publish","type":"product","link":"https:\/\/www.hediyepazar.com\/?product=s-link-sl-cat606-cat6-patch-60cm-kablo-gri1923","title":{"rendered":"S-LINK SL-CAT606 CAT6 Patch 60CM Kablo (Gri)(1923)"},"content":{"rendered":"<p>MarkaS-linkModelSL-CAT606A\u00e7\u0131klamaEthernet KablosuKablo TipiCAT6 UTPKablo Uzunlu\u011fu30cmKonnekt\u00f6rRJ45 Erkek\/ErkekVeri Aktar\u0131m H\u0131z\u0131100\/1000 Mbpskablo Kal\u0131nl\u0131\u011f\u013124 AWGKablo KaplamaPlastikToplam A\u011f\u0131rl\u0131k19gr \u00b15grPaket Boyutu170mm x 253mm x13mm (Plastik Po\u015fet i\u00e7inde)Garanti S\u00fcresi24 Ay<\/p>\n","protected":false},"excerpt":{"rendered":"<p>MarkaS-linkModelSL-CAT606A\u00e7\u0131klamaEthernet KablosuKablo TipiCAT6 UTPKablo Uzunlu\u011fu30cmKonnekt\u00f6rRJ45 Erkek\/ErkekVeri Aktar\u0131m H\u0131z\u0131100\/1000 Mbpskablo Kal\u0131nl\u0131\u011f\u013124 AWGKablo KaplamaPlastikToplam A\u011f\u0131rl\u0131k19gr \u00b15grPaket Boyutu170mm x 253mm x13mm (Plastik Po\u015fet i\u00e7inde)Garanti S\u00fcresi24 Ay<\/p>\n","protected":false},"featured_media":125299,"comment_status":"open","ping_status":"closed","template":"","meta":{"_kad_post_transparent":"","_kad_post_title":"","_kad_post_layout":"","_kad_post_sidebar_id":"","_kad_post_content_style":"","_kad_post_vertical_padding":"","_kad_post_feature":"","_kad_post_feature_position":"","_kad_post_header":false,"_kad_post_footer":false,"_kad_post_classname":""},"product_brand":[],"product_cat":[15213],"product_tag":[],"class_list":{"0":"post-125300","1":"product","2":"type-product","3":"status-publish","4":"has-post-thumbnail","6":"product_cat-kablo-sarf-malzemeler-elektrikli-ev-aletleri-elektronik-kablo-sarf-malzemeler","8":"first","9":"instock","10":"purchasable","11":"product-type-simple","12":"entry","13":"content-bg","14":"loop-entry"},"_links":{"self":[{"href":"https:\/\/www.hediyepazar.com\/index.php?rest_route=\/wp\/v2\/product\/125300","targetHints":{"allow":["GET"]}}],"collection":[{"href":"https:\/\/www.hediyepazar.com\/index.php?rest_route=\/wp\/v2\/product"}],"about":[{"href":"https:\/\/www.hediyepazar.com\/index.php?rest_route=\/wp\/v2\/types\/product"}],"replies":[{"embeddable":true,"href":"https:\/\/www.hediyepazar.com\/index.php?rest_route=%2Fwp%2Fv2%2Fcomments&post=125300"}],"wp:featuredmedia":[{"embeddable":true,"href":"https:\/\/www.hediyepazar.com\/index.php?rest_route=\/wp\/v2\/media\/125299"}],"wp:attachment":[{"href":"https:\/\/www.hediyepazar.com\/index.php?rest_route=%2Fwp%2Fv2%2Fmedia&parent=125300"}],"wp:term":[{"taxonomy":"product_brand","embeddable":true,"href":"https:\/\/www.hediyepazar.com\/index.php?rest_route=%2Fwp%2Fv2%2Fproduct_brand&post=125300"},{"taxonomy":"product_cat","embeddable":true,"href":"https:\/\/www.hediyepazar.com\/index.php?rest_route=%2Fwp%2Fv2%2Fproduct_cat&post=125300"},{"taxonomy":"product_tag","embeddable":true,"href":"https:\/\/www.hediyepazar.com\/index.php?rest_route=%2Fwp%2Fv2%2Fproduct_tag&post=125300"}],"curies":[{"name":"wp","href":"https:\/\/api.w.org\/{rel}","templated":true}]}}