{"id":125312,"date":"2026-05-06T17:41:50","date_gmt":"2026-05-06T20:41:50","guid":{"rendered":"https:\/\/www.hediyepazar.com\/?product=s-link-sl-p175-power-kablosu-075mm-15mt1923"},"modified":"2026-05-06T17:41:50","modified_gmt":"2026-05-06T20:41:50","slug":"s-link-sl-p175-power-kablosu-075mm-15mt1923","status":"publish","type":"product","link":"https:\/\/www.hediyepazar.com\/?product=s-link-sl-p175-power-kablosu-075mm-15mt1923","title":{"rendered":"S-LINK SL-P175 Power Kablosu 075mm 15mt(1923)"},"content":{"rendered":"<p>A\u00e7\u0131klamaAC G\u00fc\u00e7 KablosuMarkaS-linkModelSL-P175RenkSiyahKablo Uzunlu\u011fu1.5mSoket TipiTip C (AvrupaFi\u015f)\/Tip Fkablo Kal\u0131nl\u0131\u011f\u01313 Pin x 0.75mm<\/p>\n","protected":false},"excerpt":{"rendered":"<p>A\u00e7\u0131klamaAC G\u00fc\u00e7 KablosuMarkaS-linkModelSL-P175RenkSiyahKablo Uzunlu\u011fu1.5mSoket TipiTip C (AvrupaFi\u015f)\/Tip Fkablo Kal\u0131nl\u0131\u011f\u01313 Pin x 0.75mm<\/p>\n","protected":false},"featured_media":125311,"comment_status":"open","ping_status":"closed","template":"","meta":{"_kad_post_transparent":"","_kad_post_title":"","_kad_post_layout":"","_kad_post_sidebar_id":"","_kad_post_content_style":"","_kad_post_vertical_padding":"","_kad_post_feature":"","_kad_post_feature_position":"","_kad_post_header":false,"_kad_post_footer":false,"_kad_post_classname":""},"product_brand":[],"product_cat":[15213],"product_tag":[],"class_list":{"0":"post-125312","1":"product","2":"type-product","3":"status-publish","4":"has-post-thumbnail","6":"product_cat-kablo-sarf-malzemeler-elektrikli-ev-aletleri-elektronik-kablo-sarf-malzemeler","8":"first","9":"instock","10":"purchasable","11":"product-type-simple","12":"entry","13":"content-bg","14":"loop-entry"},"_links":{"self":[{"href":"https:\/\/www.hediyepazar.com\/index.php?rest_route=\/wp\/v2\/product\/125312","targetHints":{"allow":["GET"]}}],"collection":[{"href":"https:\/\/www.hediyepazar.com\/index.php?rest_route=\/wp\/v2\/product"}],"about":[{"href":"https:\/\/www.hediyepazar.com\/index.php?rest_route=\/wp\/v2\/types\/product"}],"replies":[{"embeddable":true,"href":"https:\/\/www.hediyepazar.com\/index.php?rest_route=%2Fwp%2Fv2%2Fcomments&post=125312"}],"wp:featuredmedia":[{"embeddable":true,"href":"https:\/\/www.hediyepazar.com\/index.php?rest_route=\/wp\/v2\/media\/125311"}],"wp:attachment":[{"href":"https:\/\/www.hediyepazar.com\/index.php?rest_route=%2Fwp%2Fv2%2Fmedia&parent=125312"}],"wp:term":[{"taxonomy":"product_brand","embeddable":true,"href":"https:\/\/www.hediyepazar.com\/index.php?rest_route=%2Fwp%2Fv2%2Fproduct_brand&post=125312"},{"taxonomy":"product_cat","embeddable":true,"href":"https:\/\/www.hediyepazar.com\/index.php?rest_route=%2Fwp%2Fv2%2Fproduct_cat&post=125312"},{"taxonomy":"product_tag","embeddable":true,"href":"https:\/\/www.hediyepazar.com\/index.php?rest_route=%2Fwp%2Fv2%2Fproduct_tag&post=125312"}],"curies":[{"name":"wp","href":"https:\/\/api.w.org\/{rel}","templated":true}]}}