{"id":125360,"date":"2026-05-06T17:47:11","date_gmt":"2026-05-06T20:47:11","guid":{"rendered":"https:\/\/www.hediyepazar.com\/?product=pilli-ramazan-ve-bayram-led-isik-zinciri-cami-temali-dekoratif"},"modified":"2026-05-06T17:47:11","modified_gmt":"2026-05-06T20:47:11","slug":"pilli-ramazan-ve-bayram-led-isik-zinciri-cami-temali-dekoratif","status":"publish","type":"product","link":"https:\/\/www.hediyepazar.com\/?product=pilli-ramazan-ve-bayram-led-isik-zinciri-cami-temali-dekoratif","title":{"rendered":"Pilli Ramazan ve Bayram LED I\u015f\u0131k Zinciri Cami Temal\u0131 Dekoratif"},"content":{"rendered":"<p>\u0130\u00e7 mekan ramazan dekorasyonu i\u00e7in tasarlanan LED \u0131\u015f\u0131k zinciri, cami fig\u00fcrleriyle estetik ve anlaml\u0131 bir g\u00f6r\u00fcn\u00fcm sunar. S\u0131cak sar\u0131 \u0131\u015f\u0131\u011f\u0131 sayesinde ortamda huzurlu bir ambiyans olu\u015fturur.Pilli kullan\u0131m \u00f6zelli\u011fi, \u00fcr\u00fcn\u00fc olduk\u00e7a pratik hale getirir. Elektrik ba\u011flant\u0131s\u0131na ihtiya\u00e7 duymadan \u00e7al\u0131\u015f\u0131r ve her alanda rahatl\u0131kla kullan\u0131labilir. Metal g\u00f6r\u00fcn\u00fcml\u00fc malzemesi dayan\u0131kl\u0131d\u0131r ve dekoratif yap\u0131s\u0131n\u0131 korur.Ramazan ve bayram s\u00fcslemelerinde, ev dekorasyonunda ve hediyelik olarak tercih edilebilecek \u015f\u0131k bir LED ayd\u0131nlatma \u00fcr\u00fcn\u00fcd\u00fcr.<\/p>\n","protected":false},"excerpt":{"rendered":"<p>\u0130\u00e7 mekan ramazan dekorasyonu i\u00e7in tasarlanan LED \u0131\u015f\u0131k zinciri, cami fig\u00fcrleriyle estetik ve anlaml\u0131 bir g\u00f6r\u00fcn\u00fcm sunar. S\u0131cak sar\u0131 \u0131\u015f\u0131\u011f\u0131 sayesinde ortamda huzurlu bir ambiyans olu\u015fturur.Pilli kullan\u0131m \u00f6zelli\u011fi, \u00fcr\u00fcn\u00fc olduk\u00e7a pratik hale getirir. Elektrik ba\u011flant\u0131s\u0131na ihtiya\u00e7 duymadan \u00e7al\u0131\u015f\u0131r ve her alanda rahatl\u0131kla kullan\u0131labilir. Metal g\u00f6r\u00fcn\u00fcml\u00fc malzemesi dayan\u0131kl\u0131d\u0131r ve dekoratif yap\u0131s\u0131n\u0131 korur.Ramazan ve bayram s\u00fcslemelerinde, ev&#8230;<\/p>\n","protected":false},"featured_media":125359,"comment_status":"open","ping_status":"closed","template":"","meta":{"_kad_post_transparent":"","_kad_post_title":"","_kad_post_layout":"","_kad_post_sidebar_id":"","_kad_post_content_style":"","_kad_post_vertical_padding":"","_kad_post_feature":"","_kad_post_feature_position":"","_kad_post_header":false,"_kad_post_footer":false,"_kad_post_classname":""},"product_brand":[],"product_cat":[14933],"product_tag":[],"class_list":{"0":"post-125360","1":"product","2":"type-product","3":"status-publish","4":"has-post-thumbnail","6":"product_cat-led-isik-led-isik","8":"first","9":"instock","10":"purchasable","11":"product-type-simple","12":"entry","13":"content-bg","14":"loop-entry"},"_links":{"self":[{"href":"https:\/\/www.hediyepazar.com\/index.php?rest_route=\/wp\/v2\/product\/125360","targetHints":{"allow":["GET"]}}],"collection":[{"href":"https:\/\/www.hediyepazar.com\/index.php?rest_route=\/wp\/v2\/product"}],"about":[{"href":"https:\/\/www.hediyepazar.com\/index.php?rest_route=\/wp\/v2\/types\/product"}],"replies":[{"embeddable":true,"href":"https:\/\/www.hediyepazar.com\/index.php?rest_route=%2Fwp%2Fv2%2Fcomments&post=125360"}],"wp:featuredmedia":[{"embeddable":true,"href":"https:\/\/www.hediyepazar.com\/index.php?rest_route=\/wp\/v2\/media\/125359"}],"wp:attachment":[{"href":"https:\/\/www.hediyepazar.com\/index.php?rest_route=%2Fwp%2Fv2%2Fmedia&parent=125360"}],"wp:term":[{"taxonomy":"product_brand","embeddable":true,"href":"https:\/\/www.hediyepazar.com\/index.php?rest_route=%2Fwp%2Fv2%2Fproduct_brand&post=125360"},{"taxonomy":"product_cat","embeddable":true,"href":"https:\/\/www.hediyepazar.com\/index.php?rest_route=%2Fwp%2Fv2%2Fproduct_cat&post=125360"},{"taxonomy":"product_tag","embeddable":true,"href":"https:\/\/www.hediyepazar.com\/index.php?rest_route=%2Fwp%2Fv2%2Fproduct_tag&post=125360"}],"curies":[{"name":"wp","href":"https:\/\/api.w.org\/{rel}","templated":true}]}}