{"id":125402,"date":"2026-05-06T17:51:40","date_gmt":"2026-05-06T20:51:40","guid":{"rendered":"https:\/\/www.hediyepazar.com\/?product=galaxy-efektli-led-projektor-tasinabilir-yildiz-gece-lambasi"},"modified":"2026-05-06T17:51:40","modified_gmt":"2026-05-06T20:51:40","slug":"galaxy-efektli-led-projektor-tasinabilir-yildiz-gece-lambasi","status":"publish","type":"product","link":"https:\/\/www.hediyepazar.com\/?product=galaxy-efektli-led-projektor-tasinabilir-yildiz-gece-lambasi","title":{"rendered":"Galaxy Efektli LED Projekt\u00f6r Ta\u015f\u0131nabilir Y\u0131ld\u0131z Gece Lambas\u0131"},"content":{"rendered":"<p>Galaxy efektli LED projekt\u00f6r, ya\u015fam alanlar\u0131nda s\u0131radan ayd\u0131nlatmalar\u0131n \u00f6tesine ge\u00e7mek isteyenler i\u00e7in etkileyici bir \u00e7\u00f6z\u00fcmd\u00fcr. Y\u0131ld\u0131z projeksiyonlar\u0131yla olu\u015fturdu\u011fu g\u00f6rsel \u015f\u00f6len, ortam\u0131n havas\u0131n\u0131 an\u0131nda de\u011fi\u015ftirir. \u00d6zellikle ak\u015fam saatlerinde lo\u015f bir ambiyans olu\u015fturarak daha huzurlu bir atmosfer sa\u011flar.Renk de\u011fi\u015ftirme \u00f6zelli\u011fi sayesinde farkl\u0131 ruh hallerine uygun \u0131\u015f\u0131k se\u00e7enekleri sunar. \u0130ster sakin ve dingin, ister enerjik ve e\u011flenceli bir ortam yaratmak isteyin, tek bir \u00fcr\u00fcnle bu deneyimi ya\u015fayabilirsiniz. Kullan\u0131m\u0131 son derece basittir ve ek ayar gerektirmez.Ta\u015f\u0131nabilir tasar\u0131m\u0131 sayesinde ev i\u00e7inde farkl\u0131 odalarda rahatl\u0131kla kullan\u0131labilir. Ayr\u0131ca k\u00fc\u00e7\u00fck etkinlikler ve partiler i\u00e7in de ideal bir dekoratif \u0131\u015f\u0131k kayna\u011f\u0131d\u0131r. Ortama hareket katan \u0131\u015f\u0131k yans\u0131malar\u0131 ile davetlerinizi daha e\u011flenceli hale getirir.Masa \u00fcst\u00fc kullan\u0131ma uygun kompakt yap\u0131s\u0131, yer tasarrufu sa\u011flar. \u015e\u0131k g\u00f6r\u00fcn\u00fcm\u00fcyle yaln\u0131zca bir \u0131\u015f\u0131k de\u011fil, ayn\u0131 zamanda dekoratif bir obje olarak da de\u011ferlendirilebilir. Hem i\u015flevsel hem estetik bir \u00fcr\u00fcn arayanlar i\u00e7in g\u00fc\u00e7l\u00fc bir alternatiftir.<\/p>\n","protected":false},"excerpt":{"rendered":"<p>Galaxy efektli LED projekt\u00f6r, ya\u015fam alanlar\u0131nda s\u0131radan ayd\u0131nlatmalar\u0131n \u00f6tesine ge\u00e7mek isteyenler i\u00e7in etkileyici bir \u00e7\u00f6z\u00fcmd\u00fcr. Y\u0131ld\u0131z projeksiyonlar\u0131yla olu\u015fturdu\u011fu g\u00f6rsel \u015f\u00f6len, ortam\u0131n havas\u0131n\u0131 an\u0131nda de\u011fi\u015ftirir. \u00d6zellikle ak\u015fam saatlerinde lo\u015f bir ambiyans olu\u015fturarak daha huzurlu bir atmosfer sa\u011flar.Renk de\u011fi\u015ftirme \u00f6zelli\u011fi sayesinde farkl\u0131 ruh hallerine uygun \u0131\u015f\u0131k se\u00e7enekleri sunar. \u0130ster sakin ve dingin, ister enerjik ve e\u011flenceli bir&#8230;<\/p>\n","protected":false},"featured_media":125401,"comment_status":"open","ping_status":"closed","template":"","meta":{"_kad_post_transparent":"","_kad_post_title":"","_kad_post_layout":"","_kad_post_sidebar_id":"","_kad_post_content_style":"","_kad_post_vertical_padding":"","_kad_post_feature":"","_kad_post_feature_position":"","_kad_post_header":false,"_kad_post_footer":false,"_kad_post_classname":""},"product_brand":[],"product_cat":[14967],"product_tag":[],"class_list":{"0":"post-125402","1":"product","2":"type-product","3":"status-publish","4":"has-post-thumbnail","6":"product_cat-gece-lambasi-gece-lambasi","8":"first","9":"instock","10":"purchasable","11":"product-type-simple","12":"entry","13":"content-bg","14":"loop-entry"},"_links":{"self":[{"href":"https:\/\/www.hediyepazar.com\/index.php?rest_route=\/wp\/v2\/product\/125402","targetHints":{"allow":["GET"]}}],"collection":[{"href":"https:\/\/www.hediyepazar.com\/index.php?rest_route=\/wp\/v2\/product"}],"about":[{"href":"https:\/\/www.hediyepazar.com\/index.php?rest_route=\/wp\/v2\/types\/product"}],"replies":[{"embeddable":true,"href":"https:\/\/www.hediyepazar.com\/index.php?rest_route=%2Fwp%2Fv2%2Fcomments&post=125402"}],"wp:featuredmedia":[{"embeddable":true,"href":"https:\/\/www.hediyepazar.com\/index.php?rest_route=\/wp\/v2\/media\/125401"}],"wp:attachment":[{"href":"https:\/\/www.hediyepazar.com\/index.php?rest_route=%2Fwp%2Fv2%2Fmedia&parent=125402"}],"wp:term":[{"taxonomy":"product_brand","embeddable":true,"href":"https:\/\/www.hediyepazar.com\/index.php?rest_route=%2Fwp%2Fv2%2Fproduct_brand&post=125402"},{"taxonomy":"product_cat","embeddable":true,"href":"https:\/\/www.hediyepazar.com\/index.php?rest_route=%2Fwp%2Fv2%2Fproduct_cat&post=125402"},{"taxonomy":"product_tag","embeddable":true,"href":"https:\/\/www.hediyepazar.com\/index.php?rest_route=%2Fwp%2Fv2%2Fproduct_tag&post=125402"}],"curies":[{"name":"wp","href":"https:\/\/api.w.org\/{rel}","templated":true}]}}