{"id":125458,"date":"2026-05-06T17:57:22","date_gmt":"2026-05-06T20:57:22","guid":{"rendered":"https:\/\/www.hediyepazar.com\/?product=ayarlanabilir-parmak-guclendirme-aleti-dayanikli-yapi"},"modified":"2026-05-06T17:57:22","modified_gmt":"2026-05-06T20:57:22","slug":"ayarlanabilir-parmak-guclendirme-aleti-dayanikli-yapi","status":"publish","type":"product","link":"https:\/\/www.hediyepazar.com\/?product=ayarlanabilir-parmak-guclendirme-aleti-dayanikli-yapi","title":{"rendered":"Ayarlanabilir Parmak G\u00fc\u00e7lendirme Aleti Dayan\u0131kl\u0131 Yap\u0131"},"content":{"rendered":"<p>Ayarlanabilir parmak g\u00fc\u00e7lendirme aleti, el kaslar\u0131n\u0131 geli\u015ftirmek isteyen kullan\u0131c\u0131lar i\u00e7in ideal bir \u00e7\u00f6z\u00fcmd\u00fcr. Parmaklara uygulanan kontroll\u00fc diren\u00e7, kas geli\u015fimini destekler. Farkl\u0131 diren\u00e7 seviyeleri sayesinde ki\u015fisel antrenman imk\u00e2n\u0131 sunar.M\u00fczik enstr\u00fcmanlar\u0131yla ilgilenenler i\u00e7in parmak hassasiyetini art\u0131rmaya yard\u0131mc\u0131 olur. G\u00fcnl\u00fck kullan\u0131mda kavrama g\u00fcc\u00fcn\u00fc geli\u015ftirmeye destek sa\u011flar. Dayan\u0131kl\u0131 malzeme yap\u0131s\u0131 uzun \u00f6m\u00fcrl\u00fc kullan\u0131m sunar.Ergonomik tasar\u0131m, elde rahat bir tutu\u015f sa\u011flar. Silikon pedler, g\u00fcvenli ve konforlu kullan\u0131m sunar. El ve \u00f6n kol kaslar\u0131n\u0131 birlikte \u00e7al\u0131\u015ft\u0131rarak dengeli bir egzersiz sa\u011flar.<\/p>\n","protected":false},"excerpt":{"rendered":"<p>Ayarlanabilir parmak g\u00fc\u00e7lendirme aleti, el kaslar\u0131n\u0131 geli\u015ftirmek isteyen kullan\u0131c\u0131lar i\u00e7in ideal bir \u00e7\u00f6z\u00fcmd\u00fcr. Parmaklara uygulanan kontroll\u00fc diren\u00e7, kas geli\u015fimini destekler. Farkl\u0131 diren\u00e7 seviyeleri sayesinde ki\u015fisel antrenman imk\u00e2n\u0131 sunar.M\u00fczik enstr\u00fcmanlar\u0131yla ilgilenenler i\u00e7in parmak hassasiyetini art\u0131rmaya yard\u0131mc\u0131 olur. G\u00fcnl\u00fck kullan\u0131mda kavrama g\u00fcc\u00fcn\u00fc geli\u015ftirmeye destek sa\u011flar. Dayan\u0131kl\u0131 malzeme yap\u0131s\u0131 uzun \u00f6m\u00fcrl\u00fc kullan\u0131m sunar.Ergonomik tasar\u0131m, elde rahat bir tutu\u015f&#8230;<\/p>\n","protected":false},"featured_media":125457,"comment_status":"open","ping_status":"closed","template":"","meta":{"_kad_post_transparent":"","_kad_post_title":"","_kad_post_layout":"","_kad_post_sidebar_id":"","_kad_post_content_style":"","_kad_post_vertical_padding":"","_kad_post_feature":"","_kad_post_feature_position":"","_kad_post_header":false,"_kad_post_footer":false,"_kad_post_classname":""},"product_brand":[],"product_cat":[15095],"product_tag":[],"class_list":{"0":"post-125458","1":"product","2":"type-product","3":"status-publish","4":"has-post-thumbnail","6":"product_cat-egzersiz-aletleri-egzersiz-aletleri","8":"first","9":"instock","10":"purchasable","11":"product-type-simple","12":"entry","13":"content-bg","14":"loop-entry"},"_links":{"self":[{"href":"https:\/\/www.hediyepazar.com\/index.php?rest_route=\/wp\/v2\/product\/125458","targetHints":{"allow":["GET"]}}],"collection":[{"href":"https:\/\/www.hediyepazar.com\/index.php?rest_route=\/wp\/v2\/product"}],"about":[{"href":"https:\/\/www.hediyepazar.com\/index.php?rest_route=\/wp\/v2\/types\/product"}],"replies":[{"embeddable":true,"href":"https:\/\/www.hediyepazar.com\/index.php?rest_route=%2Fwp%2Fv2%2Fcomments&post=125458"}],"wp:featuredmedia":[{"embeddable":true,"href":"https:\/\/www.hediyepazar.com\/index.php?rest_route=\/wp\/v2\/media\/125457"}],"wp:attachment":[{"href":"https:\/\/www.hediyepazar.com\/index.php?rest_route=%2Fwp%2Fv2%2Fmedia&parent=125458"}],"wp:term":[{"taxonomy":"product_brand","embeddable":true,"href":"https:\/\/www.hediyepazar.com\/index.php?rest_route=%2Fwp%2Fv2%2Fproduct_brand&post=125458"},{"taxonomy":"product_cat","embeddable":true,"href":"https:\/\/www.hediyepazar.com\/index.php?rest_route=%2Fwp%2Fv2%2Fproduct_cat&post=125458"},{"taxonomy":"product_tag","embeddable":true,"href":"https:\/\/www.hediyepazar.com\/index.php?rest_route=%2Fwp%2Fv2%2Fproduct_tag&post=125458"}],"curies":[{"name":"wp","href":"https:\/\/api.w.org\/{rel}","templated":true}]}}