{"id":125468,"date":"2026-05-06T17:58:21","date_gmt":"2026-05-06T20:58:21","guid":{"rendered":"https:\/\/www.hediyepazar.com\/?product=yeniden-doldurulabilir-cakmakli-kulluk-dayanikli-yapi"},"modified":"2026-05-06T17:58:21","modified_gmt":"2026-05-06T20:58:21","slug":"yeniden-doldurulabilir-cakmakli-kulluk-dayanikli-yapi","status":"publish","type":"product","link":"https:\/\/www.hediyepazar.com\/?product=yeniden-doldurulabilir-cakmakli-kulluk-dayanikli-yapi","title":{"rendered":"Yeniden Doldurulabilir \u00c7akmakl\u0131 K\u00fcll\u00fck Dayan\u0131kl\u0131 Yap\u0131"},"content":{"rendered":"<p>Paslanmaz g\u00f6vdeli \u00e7akmakl\u0131 k\u00fcll\u00fck, sa\u011flam yap\u0131s\u0131 ve sade tasar\u0131m\u0131yla dikkat \u00e7eker. K\u00fcll\u00fck ve \u00e7akma\u011f\u0131n bir arada sunulmas\u0131, kullan\u0131c\u0131ya pratiklik sa\u011flar. Masa \u00fcst\u00fc kullan\u0131m i\u00e7in idealdir.Metal malzeme, \u00fcr\u00fcn\u00fc darbelere ve \u0131s\u0131ya kar\u015f\u0131 dayan\u0131kl\u0131 hale getirir. Kolay temizlenebilir y\u00fczeyi, hijyenik kullan\u0131m sunar. \u00c7akmak b\u00f6l\u00fcm\u00fc \u00e7akmak benzini ile \u00e7al\u0131\u015f\u0131r ve yeniden doldurulabilir yap\u0131dad\u0131r.Yuvarlak formu sayesinde modern bir g\u00f6r\u00fcn\u00fcm sunar ve farkl\u0131 dekorasyonlarla uyum sa\u011flar.<\/p>\n","protected":false},"excerpt":{"rendered":"<p>Paslanmaz g\u00f6vdeli \u00e7akmakl\u0131 k\u00fcll\u00fck, sa\u011flam yap\u0131s\u0131 ve sade tasar\u0131m\u0131yla dikkat \u00e7eker. K\u00fcll\u00fck ve \u00e7akma\u011f\u0131n bir arada sunulmas\u0131, kullan\u0131c\u0131ya pratiklik sa\u011flar. Masa \u00fcst\u00fc kullan\u0131m i\u00e7in idealdir.Metal malzeme, \u00fcr\u00fcn\u00fc darbelere ve \u0131s\u0131ya kar\u015f\u0131 dayan\u0131kl\u0131 hale getirir. Kolay temizlenebilir y\u00fczeyi, hijyenik kullan\u0131m sunar. \u00c7akmak b\u00f6l\u00fcm\u00fc \u00e7akmak benzini ile \u00e7al\u0131\u015f\u0131r ve yeniden doldurulabilir yap\u0131dad\u0131r.Yuvarlak formu sayesinde modern bir g\u00f6r\u00fcn\u00fcm&#8230;<\/p>\n","protected":false},"featured_media":125467,"comment_status":"open","ping_status":"closed","template":"","meta":{"_kad_post_transparent":"","_kad_post_title":"","_kad_post_layout":"","_kad_post_sidebar_id":"","_kad_post_content_style":"","_kad_post_vertical_padding":"","_kad_post_feature":"","_kad_post_feature_position":"","_kad_post_header":false,"_kad_post_footer":false,"_kad_post_classname":""},"product_brand":[],"product_cat":[14995],"product_tag":[],"class_list":{"0":"post-125468","1":"product","2":"type-product","3":"status-publish","4":"has-post-thumbnail","6":"product_cat-kulluk-kulluk-2","8":"first","9":"instock","10":"purchasable","11":"product-type-simple","12":"entry","13":"content-bg","14":"loop-entry"},"_links":{"self":[{"href":"https:\/\/www.hediyepazar.com\/index.php?rest_route=\/wp\/v2\/product\/125468","targetHints":{"allow":["GET"]}}],"collection":[{"href":"https:\/\/www.hediyepazar.com\/index.php?rest_route=\/wp\/v2\/product"}],"about":[{"href":"https:\/\/www.hediyepazar.com\/index.php?rest_route=\/wp\/v2\/types\/product"}],"replies":[{"embeddable":true,"href":"https:\/\/www.hediyepazar.com\/index.php?rest_route=%2Fwp%2Fv2%2Fcomments&post=125468"}],"wp:featuredmedia":[{"embeddable":true,"href":"https:\/\/www.hediyepazar.com\/index.php?rest_route=\/wp\/v2\/media\/125467"}],"wp:attachment":[{"href":"https:\/\/www.hediyepazar.com\/index.php?rest_route=%2Fwp%2Fv2%2Fmedia&parent=125468"}],"wp:term":[{"taxonomy":"product_brand","embeddable":true,"href":"https:\/\/www.hediyepazar.com\/index.php?rest_route=%2Fwp%2Fv2%2Fproduct_brand&post=125468"},{"taxonomy":"product_cat","embeddable":true,"href":"https:\/\/www.hediyepazar.com\/index.php?rest_route=%2Fwp%2Fv2%2Fproduct_cat&post=125468"},{"taxonomy":"product_tag","embeddable":true,"href":"https:\/\/www.hediyepazar.com\/index.php?rest_route=%2Fwp%2Fv2%2Fproduct_tag&post=125468"}],"curies":[{"name":"wp","href":"https:\/\/api.w.org\/{rel}","templated":true}]}}