{"id":125476,"date":"2026-05-06T17:59:30","date_gmt":"2026-05-06T20:59:30","guid":{"rendered":"https:\/\/www.hediyepazar.com\/?product=cakmakli-kulluk-paslanmaz-metal-dayanikli-tasarim"},"modified":"2026-05-06T17:59:30","modified_gmt":"2026-05-06T20:59:30","slug":"cakmakli-kulluk-paslanmaz-metal-dayanikli-tasarim","status":"publish","type":"product","link":"https:\/\/www.hediyepazar.com\/?product=cakmakli-kulluk-paslanmaz-metal-dayanikli-tasarim","title":{"rendered":"\u00c7akmakl\u0131 K\u00fcll\u00fck Paslanmaz Metal Dayan\u0131kl\u0131 Tasar\u0131m"},"content":{"rendered":"<p>Gizli \u00e7akmakl\u0131 k\u00fcll\u00fck, pratik kullan\u0131m sunan ak\u0131ll\u0131 tasar\u0131m\u0131yla g\u00fcnl\u00fck ihtiya\u00e7lara \u00e7\u00f6z\u00fcm \u00fcretir. \u00c7akmak ve k\u00fcll\u00fc\u011f\u00fcn tek bir \u00fcr\u00fcnde bir araya gelmesi, kullan\u0131c\u0131y\u0131 yan\u0131n\u0131zda ayr\u0131ca \u00e7akmak ta\u015f\u0131ma zorunlulu\u011fundan kurtar\u0131r. K\u00fcll\u00fck \u00fczerinde yer alan \u00e7oklu sigara yuvalar\u0131, birden fazla kullan\u0131m i\u00e7in konfor sa\u011flar ve sigaran\u0131n g\u00fcvenli \u015fekilde yerle\u015ftirilmesine yard\u0131mc\u0131 olur.\u00dcr\u00fcn\u00fcn k\u00fcll\u00fck b\u00f6l\u00fcm\u00fcnde gizlenmi\u015f olan metal ate\u015fleme mekanizmas\u0131, d\u0131\u015far\u0131dan bak\u0131ld\u0131\u011f\u0131nda fark edilmez ve sade g\u00f6r\u00fcn\u00fcm\u00fc korur. Bu mekanizman\u0131n alt\u0131nda yer alan yak\u0131t haznesi sayesinde \u00fcr\u00fcn yeniden doldurulabilir \u015fekilde tasarlanm\u0131\u015ft\u0131r. Kayd\u0131rmal\u0131 b\u00f6l\u00fcm saat y\u00f6n\u00fcn\u00fcn tersine \u00e7evrilerek a\u00e7\u0131l\u0131r ve dolum i\u015flemi zahmetsizce ger\u00e7ekle\u015ftirilir. \u00c7akmak benzini \u00fcr\u00fcne dahil de\u011fildir ve kullan\u0131c\u0131 taraf\u0131ndan temin edilmelidir.\u0130lk kullan\u0131mda ate\u015fleme ta\u015f\u0131n\u0131n \u00fczerindeki koruyucu tabakan\u0131n temizlenmesi i\u00e7in birka\u00e7 kez s\u00fcrtme yap\u0131lmas\u0131 \u00f6nerilir. Ate\u015fleme s\u0131ras\u0131nda yakla\u015f\u0131k 45 derecelik a\u00e7\u0131yla kullan\u0131m, daha sa\u011fl\u0131kl\u0131 bir sonu\u00e7 elde edilmesini sa\u011flar. Bu kullan\u0131m \u015fekli, ergonomik yap\u0131y\u0131 destekler ve kontrol\u00fc art\u0131r\u0131r.Paslanmaz \u00e7elik ve ABS malzeme kombinasyonu, \u00fcr\u00fcn\u00fc sa\u011flam ve dayan\u0131kl\u0131 hale getirir. Darbelere kar\u015f\u0131 diren\u00e7li g\u00f6vde yap\u0131s\u0131, uzun s\u00fcreli kullan\u0131m i\u00e7in uygundur. Metal y\u00fczey, modern bir g\u00f6r\u00fcn\u00fcm sunarken ayn\u0131 zamanda kolay temizlenebilir yap\u0131s\u0131yla hijyen sa\u011flar. K\u00fcll\u00fck b\u00f6l\u00fcm\u00fc yaln\u0131zca su ile durulanarak temizlenebilir.Ev, ofis, balkon, kafe, bar, restoran ve otel gibi bir\u00e7ok alanda kullan\u0131labilen bu k\u00fcll\u00fck, ayn\u0131 zamanda dekoratif bir masa \u00fcst\u00fc aksesuar\u0131 olarak da tercih edilir. \u015e\u0131k ve i\u015flevsel yap\u0131s\u0131yla hediye alternatifi olarak da \u00f6ne \u00e7\u0131kar.<\/p>\n","protected":false},"excerpt":{"rendered":"<p>Gizli \u00e7akmakl\u0131 k\u00fcll\u00fck, pratik kullan\u0131m sunan ak\u0131ll\u0131 tasar\u0131m\u0131yla g\u00fcnl\u00fck ihtiya\u00e7lara \u00e7\u00f6z\u00fcm \u00fcretir. \u00c7akmak ve k\u00fcll\u00fc\u011f\u00fcn tek bir \u00fcr\u00fcnde bir araya gelmesi, kullan\u0131c\u0131y\u0131 yan\u0131n\u0131zda ayr\u0131ca \u00e7akmak ta\u015f\u0131ma zorunlulu\u011fundan kurtar\u0131r. K\u00fcll\u00fck \u00fczerinde yer alan \u00e7oklu sigara yuvalar\u0131, birden fazla kullan\u0131m i\u00e7in konfor sa\u011flar ve sigaran\u0131n g\u00fcvenli \u015fekilde yerle\u015ftirilmesine yard\u0131mc\u0131 olur.\u00dcr\u00fcn\u00fcn k\u00fcll\u00fck b\u00f6l\u00fcm\u00fcnde gizlenmi\u015f olan metal ate\u015fleme mekanizmas\u0131,&#8230;<\/p>\n","protected":false},"featured_media":125475,"comment_status":"open","ping_status":"closed","template":"","meta":{"_kad_post_transparent":"","_kad_post_title":"","_kad_post_layout":"","_kad_post_sidebar_id":"","_kad_post_content_style":"","_kad_post_vertical_padding":"","_kad_post_feature":"","_kad_post_feature_position":"","_kad_post_header":false,"_kad_post_footer":false,"_kad_post_classname":""},"product_brand":[],"product_cat":[14995],"product_tag":[],"class_list":{"0":"post-125476","1":"product","2":"type-product","3":"status-publish","4":"has-post-thumbnail","6":"product_cat-kulluk-kulluk-2","8":"first","9":"instock","10":"purchasable","11":"product-type-simple","12":"entry","13":"content-bg","14":"loop-entry"},"_links":{"self":[{"href":"https:\/\/www.hediyepazar.com\/index.php?rest_route=\/wp\/v2\/product\/125476","targetHints":{"allow":["GET"]}}],"collection":[{"href":"https:\/\/www.hediyepazar.com\/index.php?rest_route=\/wp\/v2\/product"}],"about":[{"href":"https:\/\/www.hediyepazar.com\/index.php?rest_route=\/wp\/v2\/types\/product"}],"replies":[{"embeddable":true,"href":"https:\/\/www.hediyepazar.com\/index.php?rest_route=%2Fwp%2Fv2%2Fcomments&post=125476"}],"wp:featuredmedia":[{"embeddable":true,"href":"https:\/\/www.hediyepazar.com\/index.php?rest_route=\/wp\/v2\/media\/125475"}],"wp:attachment":[{"href":"https:\/\/www.hediyepazar.com\/index.php?rest_route=%2Fwp%2Fv2%2Fmedia&parent=125476"}],"wp:term":[{"taxonomy":"product_brand","embeddable":true,"href":"https:\/\/www.hediyepazar.com\/index.php?rest_route=%2Fwp%2Fv2%2Fproduct_brand&post=125476"},{"taxonomy":"product_cat","embeddable":true,"href":"https:\/\/www.hediyepazar.com\/index.php?rest_route=%2Fwp%2Fv2%2Fproduct_cat&post=125476"},{"taxonomy":"product_tag","embeddable":true,"href":"https:\/\/www.hediyepazar.com\/index.php?rest_route=%2Fwp%2Fv2%2Fproduct_tag&post=125476"}],"curies":[{"name":"wp","href":"https:\/\/api.w.org\/{rel}","templated":true}]}}