{"id":125482,"date":"2026-05-06T18:02:15","date_gmt":"2026-05-06T21:02:15","guid":{"rendered":"https:\/\/www.hediyepazar.com\/?product=cakmakli-kulluk-paslanmaz-celik-sik-masa-aksesuari"},"modified":"2026-05-06T18:02:15","modified_gmt":"2026-05-06T21:02:15","slug":"cakmakli-kulluk-paslanmaz-celik-sik-masa-aksesuari","status":"publish","type":"product","link":"https:\/\/www.hediyepazar.com\/?product=cakmakli-kulluk-paslanmaz-celik-sik-masa-aksesuari","title":{"rendered":"\u00c7akmakl\u0131 K\u00fcll\u00fck Paslanmaz \u00c7elik \u015e\u0131k Masa Aksesuar\u0131"},"content":{"rendered":"<p>\u00c7akmakl\u0131 k\u00fcll\u00fck, masa \u00fcst\u00fc kullan\u0131m i\u00e7in tasarlanm\u0131\u015f pratik ve \u015f\u0131k bir \u00fcr\u00fcnd\u00fcr. \u00c7akmak ve k\u00fcll\u00fc\u011f\u00fcn tek bir g\u00f6vdede birle\u015fmesi, g\u00fcnl\u00fck kullan\u0131mda zaman kazand\u0131r\u0131r ve d\u00fczenli bir alan olu\u015fturur.Paslanmaz \u00e7elik g\u00f6r\u00fcn\u00fcml\u00fc metal g\u00f6vde, \u00fcr\u00fcn\u00fc sa\u011flam ve dayan\u0131kl\u0131 hale getirir. Is\u0131ya kar\u015f\u0131 diren\u00e7li yap\u0131s\u0131 sayesinde g\u00fcvenli kullan\u0131m sunar. Metal y\u00fczey, k\u00fcl ve izmarit kal\u0131nt\u0131lar\u0131n\u0131n kolayca temizlenmesini sa\u011flar ve hijyenik kullan\u0131m avantaj\u0131 sunar.\u00c7akmak b\u00f6l\u00fcm\u00fc \u00e7akmak benzini ile \u00e7al\u0131\u015f\u0131r. Yak\u0131t sipari\u015fe dahil de\u011fildir. Ate\u015fleme mekanizmas\u0131, pratik kullan\u0131m i\u00e7in tasarlanm\u0131\u015ft\u0131r ve kullan\u0131c\u0131y\u0131 yormaz. G\u00fcnl\u00fck kullan\u0131mda g\u00fcvenilir bir performans sunar.Yuvarlak formu ve sade tasar\u0131m\u0131, \u00fcr\u00fcn\u00fc hem i\u015flevsel hem de estetik bir aksesuar haline getirir. Masa \u00fcst\u00fcnde dikkat da\u011f\u0131tmadan \u015f\u0131k bir g\u00f6r\u00fcn\u00fcm sa\u011flar. Ev, ofis ve balkon kullan\u0131mlar\u0131 i\u00e7in uygundur.Bu metal \u00e7akmakl\u0131 k\u00fcll\u00fck, pratik kullan\u0131m, dayan\u0131kl\u0131 yap\u0131 ve modern tasar\u0131m\u0131 bir arada arayanlar i\u00e7in ideal bir tercihtir.<\/p>\n","protected":false},"excerpt":{"rendered":"<p>\u00c7akmakl\u0131 k\u00fcll\u00fck, masa \u00fcst\u00fc kullan\u0131m i\u00e7in tasarlanm\u0131\u015f pratik ve \u015f\u0131k bir \u00fcr\u00fcnd\u00fcr. \u00c7akmak ve k\u00fcll\u00fc\u011f\u00fcn tek bir g\u00f6vdede birle\u015fmesi, g\u00fcnl\u00fck kullan\u0131mda zaman kazand\u0131r\u0131r ve d\u00fczenli bir alan olu\u015fturur.Paslanmaz \u00e7elik g\u00f6r\u00fcn\u00fcml\u00fc metal g\u00f6vde, \u00fcr\u00fcn\u00fc sa\u011flam ve dayan\u0131kl\u0131 hale getirir. Is\u0131ya kar\u015f\u0131 diren\u00e7li yap\u0131s\u0131 sayesinde g\u00fcvenli kullan\u0131m sunar. Metal y\u00fczey, k\u00fcl ve izmarit kal\u0131nt\u0131lar\u0131n\u0131n kolayca temizlenmesini sa\u011flar&#8230;<\/p>\n","protected":false},"featured_media":125481,"comment_status":"open","ping_status":"closed","template":"","meta":{"_kad_post_transparent":"","_kad_post_title":"","_kad_post_layout":"","_kad_post_sidebar_id":"","_kad_post_content_style":"","_kad_post_vertical_padding":"","_kad_post_feature":"","_kad_post_feature_position":"","_kad_post_header":false,"_kad_post_footer":false,"_kad_post_classname":""},"product_brand":[],"product_cat":[14995],"product_tag":[],"class_list":{"0":"post-125482","1":"product","2":"type-product","3":"status-publish","4":"has-post-thumbnail","6":"product_cat-kulluk-kulluk-2","8":"first","9":"instock","10":"purchasable","11":"product-type-simple","12":"entry","13":"content-bg","14":"loop-entry"},"_links":{"self":[{"href":"https:\/\/www.hediyepazar.com\/index.php?rest_route=\/wp\/v2\/product\/125482","targetHints":{"allow":["GET"]}}],"collection":[{"href":"https:\/\/www.hediyepazar.com\/index.php?rest_route=\/wp\/v2\/product"}],"about":[{"href":"https:\/\/www.hediyepazar.com\/index.php?rest_route=\/wp\/v2\/types\/product"}],"replies":[{"embeddable":true,"href":"https:\/\/www.hediyepazar.com\/index.php?rest_route=%2Fwp%2Fv2%2Fcomments&post=125482"}],"wp:featuredmedia":[{"embeddable":true,"href":"https:\/\/www.hediyepazar.com\/index.php?rest_route=\/wp\/v2\/media\/125481"}],"wp:attachment":[{"href":"https:\/\/www.hediyepazar.com\/index.php?rest_route=%2Fwp%2Fv2%2Fmedia&parent=125482"}],"wp:term":[{"taxonomy":"product_brand","embeddable":true,"href":"https:\/\/www.hediyepazar.com\/index.php?rest_route=%2Fwp%2Fv2%2Fproduct_brand&post=125482"},{"taxonomy":"product_cat","embeddable":true,"href":"https:\/\/www.hediyepazar.com\/index.php?rest_route=%2Fwp%2Fv2%2Fproduct_cat&post=125482"},{"taxonomy":"product_tag","embeddable":true,"href":"https:\/\/www.hediyepazar.com\/index.php?rest_route=%2Fwp%2Fv2%2Fproduct_tag&post=125482"}],"curies":[{"name":"wp","href":"https:\/\/api.w.org\/{rel}","templated":true}]}}