{"id":125486,"date":"2026-05-06T18:03:22","date_gmt":"2026-05-06T21:03:22","guid":{"rendered":"https:\/\/www.hediyepazar.com\/?product=masa-ustu-cakmakli-kulluk-paslanmaz-metal-govde"},"modified":"2026-05-06T18:03:22","modified_gmt":"2026-05-06T21:03:22","slug":"masa-ustu-cakmakli-kulluk-paslanmaz-metal-govde","status":"publish","type":"product","link":"https:\/\/www.hediyepazar.com\/?product=masa-ustu-cakmakli-kulluk-paslanmaz-metal-govde","title":{"rendered":"Masa \u00dcst\u00fc \u00c7akmakl\u0131 K\u00fcll\u00fck Paslanmaz Metal G\u00f6vde"},"content":{"rendered":"<p>Masa \u00fcst\u00fc \u00e7akmakl\u0131 k\u00fcll\u00fck, g\u00fcnl\u00fck kullan\u0131mda pratiklik ve d\u00fczen arayan kullan\u0131c\u0131lar i\u00e7in tasarlanm\u0131\u015f fonksiyonel bir \u00fcr\u00fcnd\u00fcr. \u00c7akmak ve k\u00fcll\u00fc\u011f\u00fcn tek bir g\u00f6vdede birle\u015fmesi, kullan\u0131m s\u0131ras\u0131nda ayr\u0131 \u00fcr\u00fcnlerle u\u011fra\u015fma ihtiyac\u0131n\u0131 ortadan kald\u0131r\u0131r. \u00d6zellikle masa \u00fczerinde d\u00fczenli bir g\u00f6r\u00fcn\u00fcm elde etmek isteyenler i\u00e7in ideal bir \u00e7\u00f6z\u00fcmd\u00fcr.Paslanmaz metal g\u00f6vdesi, \u00fcr\u00fcn\u00fc uzun \u00f6m\u00fcrl\u00fc hale getirir. Metal y\u00fczey, \u0131s\u0131ya ve g\u00fcnl\u00fck kullan\u0131ma kar\u015f\u0131 dayan\u0131kl\u0131d\u0131r. Bu yap\u0131, \u00fcr\u00fcn\u00fcn zamanla deformasyona u\u011framas\u0131n\u0131 \u00f6nlemeye yard\u0131mc\u0131 olur. Ayn\u0131 zamanda metal malzeme, kolay temizlenebilir \u00f6zelli\u011fi sayesinde hijyenik kullan\u0131m imk\u00e2n\u0131 sunar. K\u00fcll\u00fck b\u00f6l\u00fcm\u00fcnde biriken k\u00fcl ve izmaritler zahmetsizce temizlenebilir.\u00c7akmak b\u00f6l\u00fcm\u00fc \u00e7akmak benzini ile \u00e7al\u0131\u015f\u0131r. Yak\u0131t \u00fcr\u00fcne dahil de\u011fildir ve kullan\u0131c\u0131 taraf\u0131ndan temin edilmelidir. Bu sistem, \u00e7akma\u011f\u0131n s\u00fcrekli ve dengeli bir \u015fekilde \u00e7al\u0131\u015fmas\u0131n\u0131 sa\u011flar. Ate\u015fleme mekanizmas\u0131, g\u00fcnl\u00fck kullan\u0131m i\u00e7in pratik ve kullan\u0131c\u0131 dostu bir yap\u0131 sunar.Yuvarlak tasar\u0131m\u0131, \u00fcr\u00fcne modern ve sade bir g\u00f6r\u00fcn\u00fcm kazand\u0131r\u0131r. Minimal yap\u0131s\u0131 sayesinde ev, ofis, balkon veya teras gibi farkl\u0131 alanlarda rahatl\u0131kla kullan\u0131labilir. Dekoratif bir masa \u00fcst\u00fc aksesuar\u0131 olarak da tercih edilebilir.\u00c7akmakl\u0131 k\u00fcll\u00fck, i\u015flevselli\u011fi, dayan\u0131kl\u0131 yap\u0131s\u0131 ve \u015f\u0131k tasar\u0131m\u0131yla g\u00fcnl\u00fck kullan\u0131mda konfor sunan kullan\u0131\u015fl\u0131 bir \u00fcr\u00fcnd\u00fcr.<\/p>\n","protected":false},"excerpt":{"rendered":"<p>Masa \u00fcst\u00fc \u00e7akmakl\u0131 k\u00fcll\u00fck, g\u00fcnl\u00fck kullan\u0131mda pratiklik ve d\u00fczen arayan kullan\u0131c\u0131lar i\u00e7in tasarlanm\u0131\u015f fonksiyonel bir \u00fcr\u00fcnd\u00fcr. \u00c7akmak ve k\u00fcll\u00fc\u011f\u00fcn tek bir g\u00f6vdede birle\u015fmesi, kullan\u0131m s\u0131ras\u0131nda ayr\u0131 \u00fcr\u00fcnlerle u\u011fra\u015fma ihtiyac\u0131n\u0131 ortadan kald\u0131r\u0131r. \u00d6zellikle masa \u00fczerinde d\u00fczenli bir g\u00f6r\u00fcn\u00fcm elde etmek isteyenler i\u00e7in ideal bir \u00e7\u00f6z\u00fcmd\u00fcr.Paslanmaz metal g\u00f6vdesi, \u00fcr\u00fcn\u00fc uzun \u00f6m\u00fcrl\u00fc hale getirir. Metal y\u00fczey, \u0131s\u0131ya ve&#8230;<\/p>\n","protected":false},"featured_media":125485,"comment_status":"open","ping_status":"closed","template":"","meta":{"_kad_post_transparent":"","_kad_post_title":"","_kad_post_layout":"","_kad_post_sidebar_id":"","_kad_post_content_style":"","_kad_post_vertical_padding":"","_kad_post_feature":"","_kad_post_feature_position":"","_kad_post_header":false,"_kad_post_footer":false,"_kad_post_classname":""},"product_brand":[],"product_cat":[14995],"product_tag":[],"class_list":{"0":"post-125486","1":"product","2":"type-product","3":"status-publish","4":"has-post-thumbnail","6":"product_cat-kulluk-kulluk-2","8":"first","9":"instock","10":"purchasable","11":"product-type-simple","12":"entry","13":"content-bg","14":"loop-entry"},"_links":{"self":[{"href":"https:\/\/www.hediyepazar.com\/index.php?rest_route=\/wp\/v2\/product\/125486","targetHints":{"allow":["GET"]}}],"collection":[{"href":"https:\/\/www.hediyepazar.com\/index.php?rest_route=\/wp\/v2\/product"}],"about":[{"href":"https:\/\/www.hediyepazar.com\/index.php?rest_route=\/wp\/v2\/types\/product"}],"replies":[{"embeddable":true,"href":"https:\/\/www.hediyepazar.com\/index.php?rest_route=%2Fwp%2Fv2%2Fcomments&post=125486"}],"wp:featuredmedia":[{"embeddable":true,"href":"https:\/\/www.hediyepazar.com\/index.php?rest_route=\/wp\/v2\/media\/125485"}],"wp:attachment":[{"href":"https:\/\/www.hediyepazar.com\/index.php?rest_route=%2Fwp%2Fv2%2Fmedia&parent=125486"}],"wp:term":[{"taxonomy":"product_brand","embeddable":true,"href":"https:\/\/www.hediyepazar.com\/index.php?rest_route=%2Fwp%2Fv2%2Fproduct_brand&post=125486"},{"taxonomy":"product_cat","embeddable":true,"href":"https:\/\/www.hediyepazar.com\/index.php?rest_route=%2Fwp%2Fv2%2Fproduct_cat&post=125486"},{"taxonomy":"product_tag","embeddable":true,"href":"https:\/\/www.hediyepazar.com\/index.php?rest_route=%2Fwp%2Fv2%2Fproduct_tag&post=125486"}],"curies":[{"name":"wp","href":"https:\/\/api.w.org\/{rel}","templated":true}]}}