{"id":125488,"date":"2026-05-06T18:03:33","date_gmt":"2026-05-06T21:03:33","guid":{"rendered":"https:\/\/www.hediyepazar.com\/?product=paslanmaz-cakmakli-kulluk-modern-masa-ustu-aksesuar"},"modified":"2026-05-06T18:03:33","modified_gmt":"2026-05-06T21:03:33","slug":"paslanmaz-cakmakli-kulluk-modern-masa-ustu-aksesuar","status":"publish","type":"product","link":"https:\/\/www.hediyepazar.com\/?product=paslanmaz-cakmakli-kulluk-modern-masa-ustu-aksesuar","title":{"rendered":"Paslanmaz \u00c7akmakl\u0131 K\u00fcll\u00fck Modern Masa \u00dcst\u00fc Aksesuar"},"content":{"rendered":"<p>Paslanmaz \u00e7akmakl\u0131 k\u00fcll\u00fck, masa \u00fcst\u00fc kullan\u0131m i\u00e7in tasarlanm\u0131\u015f pratik bir \u00fcr\u00fcnd\u00fcr. \u00c7akmak ve k\u00fcll\u00fc\u011f\u00fcn bir arada olmas\u0131, kullan\u0131c\u0131ya kullan\u0131m kolayl\u0131\u011f\u0131 sunar. G\u00fcnl\u00fck ya\u015famda d\u00fczenli ve eri\u015filebilir bir kullan\u0131m sa\u011flar.Metal malzemeden \u00fcretilmi\u015f olmas\u0131, \u00fcr\u00fcn\u00fc uzun \u00f6m\u00fcrl\u00fc hale getirir. Paslanmaz y\u00fczey, \u0131s\u0131ya ve d\u0131\u015f etkenlere kar\u015f\u0131 diren\u00e7lidir. Kolay temizlenebilir yap\u0131s\u0131, hijyenik kullan\u0131m imk\u00e2n\u0131 sunar.\u00c7akmak benzini ile \u00e7al\u0131\u015fan mekanizma, g\u00fcvenilir bir ate\u015fleme sa\u011flar. Yak\u0131t \u00fcr\u00fcne dahil de\u011fildir. Kullan\u0131m\u0131 kolayd\u0131r ve g\u00fcnl\u00fck kullan\u0131mda pratiklik sunar.Yuvarlak ve sade tasar\u0131m\u0131, modern dekorasyon anlay\u0131\u015f\u0131na uyum sa\u011flar. Ev ve ofis ortamlar\u0131nda dekoratif bir masa \u00fcst\u00fc aksesuar\u0131 olarak kullan\u0131labilir.Bu \u00e7akmakl\u0131 k\u00fcll\u00fck, dayan\u0131kl\u0131 yap\u0131s\u0131 ve \u015f\u0131k g\u00f6r\u00fcn\u00fcm\u00fc ile uzun s\u00fcreli kullan\u0131m i\u00e7in ideal bir \u00fcr\u00fcnd\u00fcr.<\/p>\n","protected":false},"excerpt":{"rendered":"<p>Paslanmaz \u00e7akmakl\u0131 k\u00fcll\u00fck, masa \u00fcst\u00fc kullan\u0131m i\u00e7in tasarlanm\u0131\u015f pratik bir \u00fcr\u00fcnd\u00fcr. \u00c7akmak ve k\u00fcll\u00fc\u011f\u00fcn bir arada olmas\u0131, kullan\u0131c\u0131ya kullan\u0131m kolayl\u0131\u011f\u0131 sunar. G\u00fcnl\u00fck ya\u015famda d\u00fczenli ve eri\u015filebilir bir kullan\u0131m sa\u011flar.Metal malzemeden \u00fcretilmi\u015f olmas\u0131, \u00fcr\u00fcn\u00fc uzun \u00f6m\u00fcrl\u00fc hale getirir. Paslanmaz y\u00fczey, \u0131s\u0131ya ve d\u0131\u015f etkenlere kar\u015f\u0131 diren\u00e7lidir. Kolay temizlenebilir yap\u0131s\u0131, hijyenik kullan\u0131m imk\u00e2n\u0131 sunar.\u00c7akmak benzini ile \u00e7al\u0131\u015fan&#8230;<\/p>\n","protected":false},"featured_media":125487,"comment_status":"open","ping_status":"closed","template":"","meta":{"_kad_post_transparent":"","_kad_post_title":"","_kad_post_layout":"","_kad_post_sidebar_id":"","_kad_post_content_style":"","_kad_post_vertical_padding":"","_kad_post_feature":"","_kad_post_feature_position":"","_kad_post_header":false,"_kad_post_footer":false,"_kad_post_classname":""},"product_brand":[],"product_cat":[14995],"product_tag":[],"class_list":{"0":"post-125488","1":"product","2":"type-product","3":"status-publish","4":"has-post-thumbnail","6":"product_cat-kulluk-kulluk-2","8":"first","9":"instock","10":"purchasable","11":"product-type-simple","12":"entry","13":"content-bg","14":"loop-entry"},"_links":{"self":[{"href":"https:\/\/www.hediyepazar.com\/index.php?rest_route=\/wp\/v2\/product\/125488","targetHints":{"allow":["GET"]}}],"collection":[{"href":"https:\/\/www.hediyepazar.com\/index.php?rest_route=\/wp\/v2\/product"}],"about":[{"href":"https:\/\/www.hediyepazar.com\/index.php?rest_route=\/wp\/v2\/types\/product"}],"replies":[{"embeddable":true,"href":"https:\/\/www.hediyepazar.com\/index.php?rest_route=%2Fwp%2Fv2%2Fcomments&post=125488"}],"wp:featuredmedia":[{"embeddable":true,"href":"https:\/\/www.hediyepazar.com\/index.php?rest_route=\/wp\/v2\/media\/125487"}],"wp:attachment":[{"href":"https:\/\/www.hediyepazar.com\/index.php?rest_route=%2Fwp%2Fv2%2Fmedia&parent=125488"}],"wp:term":[{"taxonomy":"product_brand","embeddable":true,"href":"https:\/\/www.hediyepazar.com\/index.php?rest_route=%2Fwp%2Fv2%2Fproduct_brand&post=125488"},{"taxonomy":"product_cat","embeddable":true,"href":"https:\/\/www.hediyepazar.com\/index.php?rest_route=%2Fwp%2Fv2%2Fproduct_cat&post=125488"},{"taxonomy":"product_tag","embeddable":true,"href":"https:\/\/www.hediyepazar.com\/index.php?rest_route=%2Fwp%2Fv2%2Fproduct_tag&post=125488"}],"curies":[{"name":"wp","href":"https:\/\/api.w.org\/{rel}","templated":true}]}}