{"id":125490,"date":"2026-05-06T18:04:06","date_gmt":"2026-05-06T21:04:06","guid":{"rendered":"https:\/\/www.hediyepazar.com\/?product=yuvarlak-cakmakli-kulluk-dayanikli-metal-yapi"},"modified":"2026-05-06T18:04:06","modified_gmt":"2026-05-06T21:04:06","slug":"yuvarlak-cakmakli-kulluk-dayanikli-metal-yapi","status":"publish","type":"product","link":"https:\/\/www.hediyepazar.com\/?product=yuvarlak-cakmakli-kulluk-dayanikli-metal-yapi","title":{"rendered":"Yuvarlak \u00c7akmakl\u0131 K\u00fcll\u00fck Dayan\u0131kl\u0131 Metal Yap\u0131"},"content":{"rendered":"<p>Yuvarlak \u00e7akmakl\u0131 k\u00fcll\u00fck, fonksiyonel tasar\u0131m\u0131 ile dikkat \u00e7eker. \u00c7akmak ve k\u00fcll\u00fc\u011f\u00fcn tek bir \u00fcr\u00fcnde birle\u015ftirilmesi, g\u00fcnl\u00fck kullan\u0131mda b\u00fcy\u00fck kolayl\u0131k sa\u011flar. Masa \u00fczerinde d\u00fczenli ve kullan\u0131\u015fl\u0131 bir alan olu\u015fturur.Paslanmaz metal g\u00f6vde, \u00fcr\u00fcne sa\u011flaml\u0131k kazand\u0131r\u0131r. G\u00fcnl\u00fck kullan\u0131mda olu\u015fabilecek \u00e7izilme ve deformasyonlara kar\u015f\u0131 dayan\u0131kl\u0131d\u0131r. Metal y\u00fczeyi sayesinde temizli\u011fi zahmetsizdir ve hijyenik kullan\u0131m sunar.\u00c7akmak k\u0131sm\u0131 \u00e7akmak benzini ile \u00e7al\u0131\u015f\u0131r. Yak\u0131t \u00fcr\u00fcne dahil de\u011fildir. Bu sistem, \u00e7akma\u011f\u0131n uzun s\u00fcreli kullan\u0131m\u0131na olanak tan\u0131r. Kolay ate\u015fleme \u00f6zelli\u011fi, kullan\u0131c\u0131ya pratiklik sa\u011flar.Modern ve yuvarlak tasar\u0131m\u0131, \u00fcr\u00fcn\u00fc dekoratif bir aksesuar haline getirir. Ev, ofis, balkon ve teras gibi farkl\u0131 alanlarda rahatl\u0131kla kullan\u0131labilir. \u015e\u0131k g\u00f6r\u00fcn\u00fcm\u00fc ile bulundu\u011fu ortama uyum sa\u011flar.Metal \u00e7akmakl\u0131 k\u00fcll\u00fck, hem estetik hem de i\u015flevsellik arayan kullan\u0131c\u0131lar i\u00e7in ideal bir tercihtir.<\/p>\n","protected":false},"excerpt":{"rendered":"<p>Yuvarlak \u00e7akmakl\u0131 k\u00fcll\u00fck, fonksiyonel tasar\u0131m\u0131 ile dikkat \u00e7eker. \u00c7akmak ve k\u00fcll\u00fc\u011f\u00fcn tek bir \u00fcr\u00fcnde birle\u015ftirilmesi, g\u00fcnl\u00fck kullan\u0131mda b\u00fcy\u00fck kolayl\u0131k sa\u011flar. Masa \u00fczerinde d\u00fczenli ve kullan\u0131\u015fl\u0131 bir alan olu\u015fturur.Paslanmaz metal g\u00f6vde, \u00fcr\u00fcne sa\u011flaml\u0131k kazand\u0131r\u0131r. G\u00fcnl\u00fck kullan\u0131mda olu\u015fabilecek \u00e7izilme ve deformasyonlara kar\u015f\u0131 dayan\u0131kl\u0131d\u0131r. Metal y\u00fczeyi sayesinde temizli\u011fi zahmetsizdir ve hijyenik kullan\u0131m sunar.\u00c7akmak k\u0131sm\u0131 \u00e7akmak benzini ile \u00e7al\u0131\u015f\u0131r&#8230;.<\/p>\n","protected":false},"featured_media":125489,"comment_status":"open","ping_status":"closed","template":"","meta":{"_kad_post_transparent":"","_kad_post_title":"","_kad_post_layout":"","_kad_post_sidebar_id":"","_kad_post_content_style":"","_kad_post_vertical_padding":"","_kad_post_feature":"","_kad_post_feature_position":"","_kad_post_header":false,"_kad_post_footer":false,"_kad_post_classname":""},"product_brand":[],"product_cat":[14995],"product_tag":[],"class_list":{"0":"post-125490","1":"product","2":"type-product","3":"status-publish","4":"has-post-thumbnail","6":"product_cat-kulluk-kulluk-2","8":"first","9":"instock","10":"purchasable","11":"product-type-simple","12":"entry","13":"content-bg","14":"loop-entry"},"_links":{"self":[{"href":"https:\/\/www.hediyepazar.com\/index.php?rest_route=\/wp\/v2\/product\/125490","targetHints":{"allow":["GET"]}}],"collection":[{"href":"https:\/\/www.hediyepazar.com\/index.php?rest_route=\/wp\/v2\/product"}],"about":[{"href":"https:\/\/www.hediyepazar.com\/index.php?rest_route=\/wp\/v2\/types\/product"}],"replies":[{"embeddable":true,"href":"https:\/\/www.hediyepazar.com\/index.php?rest_route=%2Fwp%2Fv2%2Fcomments&post=125490"}],"wp:featuredmedia":[{"embeddable":true,"href":"https:\/\/www.hediyepazar.com\/index.php?rest_route=\/wp\/v2\/media\/125489"}],"wp:attachment":[{"href":"https:\/\/www.hediyepazar.com\/index.php?rest_route=%2Fwp%2Fv2%2Fmedia&parent=125490"}],"wp:term":[{"taxonomy":"product_brand","embeddable":true,"href":"https:\/\/www.hediyepazar.com\/index.php?rest_route=%2Fwp%2Fv2%2Fproduct_brand&post=125490"},{"taxonomy":"product_cat","embeddable":true,"href":"https:\/\/www.hediyepazar.com\/index.php?rest_route=%2Fwp%2Fv2%2Fproduct_cat&post=125490"},{"taxonomy":"product_tag","embeddable":true,"href":"https:\/\/www.hediyepazar.com\/index.php?rest_route=%2Fwp%2Fv2%2Fproduct_tag&post=125490"}],"curies":[{"name":"wp","href":"https:\/\/api.w.org\/{rel}","templated":true}]}}