{"id":125492,"date":"2026-05-06T18:04:19","date_gmt":"2026-05-06T21:04:19","guid":{"rendered":"https:\/\/www.hediyepazar.com\/?product=kulluk-ve-cakmak-birlesik-set-paslanmaz-celik-govde"},"modified":"2026-05-06T18:04:19","modified_gmt":"2026-05-06T21:04:19","slug":"kulluk-ve-cakmak-birlesik-set-paslanmaz-celik-govde","status":"publish","type":"product","link":"https:\/\/www.hediyepazar.com\/?product=kulluk-ve-cakmak-birlesik-set-paslanmaz-celik-govde","title":{"rendered":"K\u00fcll\u00fck ve \u00c7akmak Birle\u015fik Set Paslanmaz \u00c7elik G\u00f6vde"},"content":{"rendered":"<p>K\u00fcll\u00fck ve \u00e7akmak birle\u015fik set, kullan\u0131m kolayl\u0131\u011f\u0131 sa\u011flayan kompakt bir tasar\u0131ma sahiptir. Tek \u00fcr\u00fcn i\u00e7erisinde hem k\u00fcll\u00fck hem de \u00e7akmak bulunmas\u0131, masa \u00fczerinde d\u00fczenli bir g\u00f6r\u00fcn\u00fcm olu\u015fturur. Sigara kullananlar i\u00e7in pratik bir \u00e7\u00f6z\u00fcm sunar.Paslanmaz metal malzemeden \u00fcretilmi\u015f olmas\u0131, \u00fcr\u00fcn\u00fc dayan\u0131kl\u0131 ve uzun \u00f6m\u00fcrl\u00fc hale getirir. Metal y\u00fczey, darbelere ve \u0131s\u0131ya kar\u015f\u0131 diren\u00e7lidir. Ayn\u0131 zamanda kolay temizlenebilir yap\u0131s\u0131 sayesinde hijyenik kullan\u0131m imk\u00e2n\u0131 sunar. K\u00fcll\u00fck b\u00f6l\u00fcm\u00fc, g\u00fcnl\u00fck kullan\u0131m sonras\u0131 zahmetsizce temizlenebilir.\u00c7akmak b\u00f6l\u00fcm\u00fc \u00e7akmak benzini ile \u00e7al\u0131\u015f\u0131r. Yak\u0131t sipari\u015f i\u00e7eri\u011fine dahil de\u011fildir. Bu sistem, \u00e7akma\u011f\u0131n s\u00fcrekli ve kontroll\u00fc \u015fekilde kullan\u0131lmas\u0131n\u0131 sa\u011flar. Kolay ate\u015fleme mekanizmas\u0131 sayesinde kullan\u0131c\u0131 dostu bir deneyim sunar.Yuvarlak formu ve sade tasar\u0131m\u0131, \u00fcr\u00fcn\u00fc yaln\u0131zca i\u015flevsel de\u011fil ayn\u0131 zamanda dekoratif bir aksesuar haline getirir. Ev, ofis, balkon veya masa \u00fcst\u00fc kullan\u0131mlar\u0131 i\u00e7in uygundur. Modern g\u00f6r\u00fcn\u00fcm\u00fc sayesinde farkl\u0131 dekorasyon stilleriyle uyum sa\u011flar.Metal k\u00fcll\u00fck ve \u00e7akmak seti, pratiklik, dayan\u0131kl\u0131l\u0131k ve \u015f\u0131kl\u0131\u011f\u0131 bir arada sunan kullan\u0131\u015fl\u0131 bir \u00fcr\u00fcnd\u00fcr.<\/p>\n","protected":false},"excerpt":{"rendered":"<p>K\u00fcll\u00fck ve \u00e7akmak birle\u015fik set, kullan\u0131m kolayl\u0131\u011f\u0131 sa\u011flayan kompakt bir tasar\u0131ma sahiptir. Tek \u00fcr\u00fcn i\u00e7erisinde hem k\u00fcll\u00fck hem de \u00e7akmak bulunmas\u0131, masa \u00fczerinde d\u00fczenli bir g\u00f6r\u00fcn\u00fcm olu\u015fturur. Sigara kullananlar i\u00e7in pratik bir \u00e7\u00f6z\u00fcm sunar.Paslanmaz metal malzemeden \u00fcretilmi\u015f olmas\u0131, \u00fcr\u00fcn\u00fc dayan\u0131kl\u0131 ve uzun \u00f6m\u00fcrl\u00fc hale getirir. Metal y\u00fczey, darbelere ve \u0131s\u0131ya kar\u015f\u0131 diren\u00e7lidir. Ayn\u0131 zamanda kolay&#8230;<\/p>\n","protected":false},"featured_media":125491,"comment_status":"open","ping_status":"closed","template":"","meta":{"_kad_post_transparent":"","_kad_post_title":"","_kad_post_layout":"","_kad_post_sidebar_id":"","_kad_post_content_style":"","_kad_post_vertical_padding":"","_kad_post_feature":"","_kad_post_feature_position":"","_kad_post_header":false,"_kad_post_footer":false,"_kad_post_classname":""},"product_brand":[],"product_cat":[14995],"product_tag":[],"class_list":{"0":"post-125492","1":"product","2":"type-product","3":"status-publish","4":"has-post-thumbnail","6":"product_cat-kulluk-kulluk-2","8":"first","9":"instock","10":"purchasable","11":"product-type-simple","12":"entry","13":"content-bg","14":"loop-entry"},"_links":{"self":[{"href":"https:\/\/www.hediyepazar.com\/index.php?rest_route=\/wp\/v2\/product\/125492","targetHints":{"allow":["GET"]}}],"collection":[{"href":"https:\/\/www.hediyepazar.com\/index.php?rest_route=\/wp\/v2\/product"}],"about":[{"href":"https:\/\/www.hediyepazar.com\/index.php?rest_route=\/wp\/v2\/types\/product"}],"replies":[{"embeddable":true,"href":"https:\/\/www.hediyepazar.com\/index.php?rest_route=%2Fwp%2Fv2%2Fcomments&post=125492"}],"wp:featuredmedia":[{"embeddable":true,"href":"https:\/\/www.hediyepazar.com\/index.php?rest_route=\/wp\/v2\/media\/125491"}],"wp:attachment":[{"href":"https:\/\/www.hediyepazar.com\/index.php?rest_route=%2Fwp%2Fv2%2Fmedia&parent=125492"}],"wp:term":[{"taxonomy":"product_brand","embeddable":true,"href":"https:\/\/www.hediyepazar.com\/index.php?rest_route=%2Fwp%2Fv2%2Fproduct_brand&post=125492"},{"taxonomy":"product_cat","embeddable":true,"href":"https:\/\/www.hediyepazar.com\/index.php?rest_route=%2Fwp%2Fv2%2Fproduct_cat&post=125492"},{"taxonomy":"product_tag","embeddable":true,"href":"https:\/\/www.hediyepazar.com\/index.php?rest_route=%2Fwp%2Fv2%2Fproduct_tag&post=125492"}],"curies":[{"name":"wp","href":"https:\/\/api.w.org\/{rel}","templated":true}]}}