{"id":125508,"date":"2026-05-06T18:07:10","date_gmt":"2026-05-06T21:07:10","guid":{"rendered":"https:\/\/www.hediyepazar.com\/?product=tasinabilir-sac-kurutma-makinesi-enerji-tasarruflu-kullanim"},"modified":"2026-05-06T18:07:10","modified_gmt":"2026-05-06T21:07:10","slug":"tasinabilir-sac-kurutma-makinesi-enerji-tasarruflu-kullanim","status":"publish","type":"product","link":"https:\/\/www.hediyepazar.com\/?product=tasinabilir-sac-kurutma-makinesi-enerji-tasarruflu-kullanim","title":{"rendered":"Ta\u015f\u0131nabilir Sa\u00e7 Kurutma Makinesi Enerji Tasarruflu Kullan\u0131m"},"content":{"rendered":"<p>Ta\u015f\u0131nabilir sa\u00e7 kurutma makinesi, kompakt yap\u0131s\u0131 ve katlanabilir tasar\u0131m\u0131 ile g\u00fcnl\u00fck kullan\u0131mda ve seyahatlerde b\u00fcy\u00fck kolayl\u0131k sa\u011flar. Katlanabilir g\u00f6vde, \u00fcr\u00fcn\u00fc dar alanlarda saklamay\u0131 m\u00fcmk\u00fcn k\u0131lar ve ta\u015f\u0131ma s\u0131ras\u0131nda yer tasarrufu sa\u011flar.\u0130ki kademeli h\u0131z ve \u0131s\u0131 ayar\u0131, sa\u00e7 kurutma s\u00fcrecini ki\u015fiselle\u015ftirme imk\u00e2n\u0131 sunar. Farkl\u0131 sa\u00e7 tipleri i\u00e7in uygun ayarlar\u0131n se\u00e7ilmesi, sa\u00e7\u0131n daha sa\u011fl\u0131kl\u0131 g\u00f6r\u00fcnmesine yard\u0131mc\u0131 olur. Enerji tasarruflu g\u00fc\u00e7 aral\u0131\u011f\u0131, bilin\u00e7li kullan\u0131m avantaj\u0131 sa\u011flar.220\u2013240 V voltaj uyumlulu\u011fu ve C\u2013F priz deste\u011fi, \u00fcr\u00fcn\u00fc uluslararas\u0131 kullan\u0131m i\u00e7in uygun hale getirir. Bu \u00f6zellik, seyahat eden kullan\u0131c\u0131lar i\u00e7in b\u00fcy\u00fck bir avantaj sunar.Kompakt tasar\u0131m\u0131 sayesinde hem evde hem de yolculuklarda pratik bir \u00e7\u00f6z\u00fcm sunar. Katlanabilir sa\u00e7 kurutma makinesi, fonksiyonel yap\u0131s\u0131 ile g\u00fcnl\u00fck bak\u0131m ihtiya\u00e7lar\u0131n\u0131 kar\u015f\u0131lar.<\/p>\n","protected":false},"excerpt":{"rendered":"<p>Ta\u015f\u0131nabilir sa\u00e7 kurutma makinesi, kompakt yap\u0131s\u0131 ve katlanabilir tasar\u0131m\u0131 ile g\u00fcnl\u00fck kullan\u0131mda ve seyahatlerde b\u00fcy\u00fck kolayl\u0131k sa\u011flar. Katlanabilir g\u00f6vde, \u00fcr\u00fcn\u00fc dar alanlarda saklamay\u0131 m\u00fcmk\u00fcn k\u0131lar ve ta\u015f\u0131ma s\u0131ras\u0131nda yer tasarrufu sa\u011flar.\u0130ki kademeli h\u0131z ve \u0131s\u0131 ayar\u0131, sa\u00e7 kurutma s\u00fcrecini ki\u015fiselle\u015ftirme imk\u00e2n\u0131 sunar. Farkl\u0131 sa\u00e7 tipleri i\u00e7in uygun ayarlar\u0131n se\u00e7ilmesi, sa\u00e7\u0131n daha sa\u011fl\u0131kl\u0131 g\u00f6r\u00fcnmesine yard\u0131mc\u0131 olur&#8230;.<\/p>\n","protected":false},"featured_media":125507,"comment_status":"open","ping_status":"closed","template":"","meta":{"_kad_post_transparent":"","_kad_post_title":"","_kad_post_layout":"","_kad_post_sidebar_id":"","_kad_post_content_style":"","_kad_post_vertical_padding":"","_kad_post_feature":"","_kad_post_feature_position":"","_kad_post_header":false,"_kad_post_footer":false,"_kad_post_classname":""},"product_brand":[],"product_cat":[15023],"product_tag":[],"class_list":{"0":"post-125508","1":"product","2":"type-product","3":"status-publish","4":"has-post-thumbnail","6":"product_cat-sac-kurutma-makinesi-sac-kurutma-makinesi","8":"first","9":"instock","10":"purchasable","11":"product-type-simple","12":"entry","13":"content-bg","14":"loop-entry"},"_links":{"self":[{"href":"https:\/\/www.hediyepazar.com\/index.php?rest_route=\/wp\/v2\/product\/125508","targetHints":{"allow":["GET"]}}],"collection":[{"href":"https:\/\/www.hediyepazar.com\/index.php?rest_route=\/wp\/v2\/product"}],"about":[{"href":"https:\/\/www.hediyepazar.com\/index.php?rest_route=\/wp\/v2\/types\/product"}],"replies":[{"embeddable":true,"href":"https:\/\/www.hediyepazar.com\/index.php?rest_route=%2Fwp%2Fv2%2Fcomments&post=125508"}],"wp:featuredmedia":[{"embeddable":true,"href":"https:\/\/www.hediyepazar.com\/index.php?rest_route=\/wp\/v2\/media\/125507"}],"wp:attachment":[{"href":"https:\/\/www.hediyepazar.com\/index.php?rest_route=%2Fwp%2Fv2%2Fmedia&parent=125508"}],"wp:term":[{"taxonomy":"product_brand","embeddable":true,"href":"https:\/\/www.hediyepazar.com\/index.php?rest_route=%2Fwp%2Fv2%2Fproduct_brand&post=125508"},{"taxonomy":"product_cat","embeddable":true,"href":"https:\/\/www.hediyepazar.com\/index.php?rest_route=%2Fwp%2Fv2%2Fproduct_cat&post=125508"},{"taxonomy":"product_tag","embeddable":true,"href":"https:\/\/www.hediyepazar.com\/index.php?rest_route=%2Fwp%2Fv2%2Fproduct_tag&post=125508"}],"curies":[{"name":"wp","href":"https:\/\/api.w.org\/{rel}","templated":true}]}}