{"id":125520,"date":"2026-05-06T18:10:03","date_gmt":"2026-05-06T21:10:03","guid":{"rendered":"https:\/\/www.hediyepazar.com\/?product=evercool-tm-305-silver-termal-macun-5-gr1923"},"modified":"2026-05-06T18:10:03","modified_gmt":"2026-05-06T21:10:03","slug":"evercool-tm-305-silver-termal-macun-5-gr1923","status":"publish","type":"product","link":"https:\/\/www.hediyepazar.com\/?product=evercool-tm-305-silver-termal-macun-5-gr1923","title":{"rendered":"Evercool TM-305 SILVER Termal Macun (5 Gr)(1923)"},"content":{"rendered":"<p>MarkaEvercoolModelTM-305A\u00e7\u0131klamaTermal MacunRenkGriIs\u0131 \u0130letkenli\u011fi3.17 W\/m-KTiksotropik \u0130ndeks350 \u00b1 10\u00c7al\u0131\u015fma s\u0131cakl\u0131\u011f\u0131-30~230\u00b0CBoyutlar (\u015e\u0131r\u0131nga )115x25x12mmHacim \/Net A\u011f\u0131rl\u0131k\u00a0\u00a05 GrPaket Boyutu173x120x23mm<\/p>\n","protected":false},"excerpt":{"rendered":"<p>MarkaEvercoolModelTM-305A\u00e7\u0131klamaTermal MacunRenkGriIs\u0131 \u0130letkenli\u011fi3.17 W\/m-KTiksotropik \u0130ndeks350 \u00b1 10\u00c7al\u0131\u015fma s\u0131cakl\u0131\u011f\u0131-30~230\u00b0CBoyutlar (\u015e\u0131r\u0131nga )115x25x12mmHacim \/Net A\u011f\u0131rl\u0131k\u00a0\u00a05 GrPaket Boyutu173x120x23mm<\/p>\n","protected":false},"featured_media":125519,"comment_status":"open","ping_status":"closed","template":"","meta":{"_kad_post_transparent":"","_kad_post_title":"","_kad_post_layout":"","_kad_post_sidebar_id":"","_kad_post_content_style":"","_kad_post_vertical_padding":"","_kad_post_feature":"","_kad_post_feature_position":"","_kad_post_header":false,"_kad_post_footer":false,"_kad_post_classname":""},"product_brand":[],"product_cat":[15227],"product_tag":[],"class_list":{"0":"post-125520","1":"product","2":"type-product","3":"status-publish","4":"has-post-thumbnail","6":"product_cat-fan-sogutucu-bilgisayar-tablet-elektronik-fan-sogutucu","8":"first","9":"instock","10":"purchasable","11":"product-type-simple","12":"entry","13":"content-bg","14":"loop-entry"},"_links":{"self":[{"href":"https:\/\/www.hediyepazar.com\/index.php?rest_route=\/wp\/v2\/product\/125520","targetHints":{"allow":["GET"]}}],"collection":[{"href":"https:\/\/www.hediyepazar.com\/index.php?rest_route=\/wp\/v2\/product"}],"about":[{"href":"https:\/\/www.hediyepazar.com\/index.php?rest_route=\/wp\/v2\/types\/product"}],"replies":[{"embeddable":true,"href":"https:\/\/www.hediyepazar.com\/index.php?rest_route=%2Fwp%2Fv2%2Fcomments&post=125520"}],"wp:featuredmedia":[{"embeddable":true,"href":"https:\/\/www.hediyepazar.com\/index.php?rest_route=\/wp\/v2\/media\/125519"}],"wp:attachment":[{"href":"https:\/\/www.hediyepazar.com\/index.php?rest_route=%2Fwp%2Fv2%2Fmedia&parent=125520"}],"wp:term":[{"taxonomy":"product_brand","embeddable":true,"href":"https:\/\/www.hediyepazar.com\/index.php?rest_route=%2Fwp%2Fv2%2Fproduct_brand&post=125520"},{"taxonomy":"product_cat","embeddable":true,"href":"https:\/\/www.hediyepazar.com\/index.php?rest_route=%2Fwp%2Fv2%2Fproduct_cat&post=125520"},{"taxonomy":"product_tag","embeddable":true,"href":"https:\/\/www.hediyepazar.com\/index.php?rest_route=%2Fwp%2Fv2%2Fproduct_tag&post=125520"}],"curies":[{"name":"wp","href":"https:\/\/api.w.org\/{rel}","templated":true}]}}