{"id":125526,"date":"2026-05-06T18:11:04","date_gmt":"2026-05-06T21:11:04","guid":{"rendered":"https:\/\/www.hediyepazar.com\/?product=vento-vf1200fc-120mm-argb-kasa-fani-3-lu-paket1923"},"modified":"2026-05-06T18:11:04","modified_gmt":"2026-05-06T21:11:04","slug":"vento-vf1200fc-120mm-argb-kasa-fani-3-lu-paket1923","status":"publish","type":"product","link":"https:\/\/www.hediyepazar.com\/?product=vento-vf1200fc-120mm-argb-kasa-fani-3-lu-paket1923","title":{"rendered":"VENTO VF1200FC 120mm ARGB Kasa Fan\u0131 3-l\u00fc Paket(1923)"},"content":{"rendered":"<p>\u00dcr\u00fcn A\u00e7\u0131klamas\u0131SER\u0130N KAL, RENKLER\u0130N G\u00dcC\u00dcN\u00dc H\u0130SSET!Y\u00fcksek hava ak\u0131\u015f\u0131 ve canl\u0131 ARGB ayd\u0131nlatma ile g\u00fc\u00e7l\u00fc ve enerjik bir his.SESS\u0130Z SO\u011eUTMA, SINIRSIZ I\u015eIK!Estetik \u0131\u015f\u0131kland\u0131rma ve sessiz performans\u0131 \u00f6n plana \u00e7\u0131karan, daha \u015f\u0131k ve premium ton.ARBG YETENEKLER\u0130Adreslenebilir RGB i\u015flevleri yaln\u0131zca adreslenebilir bir RGB denetleyici veya adreslenebilir RGB \u00f6zellikli bir anakartla kullan\u0131labilir.TEKN\u0130K \u00d6ZELL\u0130KLER Model\u00a0 Kasa Tipi\u00d6n \u00c7er\u00e7eve MalzemesiKasa RengiKasa Boyutlar\u0131 (Y\u00fckseklik x Geni\u015flik x Derinlik)USB 2.0 Ba\u011flant\u0131 Say\u0131s\u0131USB 3.0 Ba\u011flant\u0131 Say\u0131s\u0131Fan Detay\u0131PCI Yuva Say\u0131s\u0131HDD Yuva Say\u0131s\u0131SSD Deste\u011fiAna Kart Deste\u011fiHarici YuvalarBoyutlar120 x 120 x 25 mmYatak TipiHidrolik YatakFan H\u0131z\u0131800-1600 RPM + 10%Maksimum Hava Ak\u0131\u015f\u013142.99 CFMG\u00fcr\u00fclt\u00fc Seviyesi18,7-28,3 dBAVoltaj\u0131 (Fan)DC 12VAk\u0131m\u0131 (Fan)0,3AG\u00fcc\u00fc4,5WKonnekt\u00f6r (Fan)PWM 4P Erkek + Di\u015fiKonnekt\u00f6r (LED)ARGB 5V3P Erkek + Di\u015fiKullan\u0131m \u00d6mr\u00fc30.000 Saat\u00a0<\/p>\n","protected":false},"excerpt":{"rendered":"<p>\u00dcr\u00fcn A\u00e7\u0131klamas\u0131SER\u0130N KAL, RENKLER\u0130N G\u00dcC\u00dcN\u00dc H\u0130SSET!Y\u00fcksek hava ak\u0131\u015f\u0131 ve canl\u0131 ARGB ayd\u0131nlatma ile g\u00fc\u00e7l\u00fc ve enerjik bir his.SESS\u0130Z SO\u011eUTMA, SINIRSIZ I\u015eIK!Estetik \u0131\u015f\u0131kland\u0131rma ve sessiz performans\u0131 \u00f6n plana \u00e7\u0131karan, daha \u015f\u0131k ve premium ton.ARBG YETENEKLER\u0130Adreslenebilir RGB i\u015flevleri yaln\u0131zca adreslenebilir bir RGB denetleyici veya adreslenebilir RGB \u00f6zellikli bir anakartla kullan\u0131labilir.TEKN\u0130K \u00d6ZELL\u0130KLER Model\u00a0 Kasa Tipi\u00d6n \u00c7er\u00e7eve MalzemesiKasa RengiKasa&#8230;<\/p>\n","protected":false},"featured_media":125525,"comment_status":"open","ping_status":"closed","template":"","meta":{"_kad_post_transparent":"","_kad_post_title":"","_kad_post_layout":"","_kad_post_sidebar_id":"","_kad_post_content_style":"","_kad_post_vertical_padding":"","_kad_post_feature":"","_kad_post_feature_position":"","_kad_post_header":false,"_kad_post_footer":false,"_kad_post_classname":""},"product_brand":[],"product_cat":[15227],"product_tag":[],"class_list":{"0":"post-125526","1":"product","2":"type-product","3":"status-publish","4":"has-post-thumbnail","6":"product_cat-fan-sogutucu-bilgisayar-tablet-elektronik-fan-sogutucu","8":"first","9":"instock","10":"purchasable","11":"product-type-simple","12":"entry","13":"content-bg","14":"loop-entry"},"_links":{"self":[{"href":"https:\/\/www.hediyepazar.com\/index.php?rest_route=\/wp\/v2\/product\/125526","targetHints":{"allow":["GET"]}}],"collection":[{"href":"https:\/\/www.hediyepazar.com\/index.php?rest_route=\/wp\/v2\/product"}],"about":[{"href":"https:\/\/www.hediyepazar.com\/index.php?rest_route=\/wp\/v2\/types\/product"}],"replies":[{"embeddable":true,"href":"https:\/\/www.hediyepazar.com\/index.php?rest_route=%2Fwp%2Fv2%2Fcomments&post=125526"}],"wp:featuredmedia":[{"embeddable":true,"href":"https:\/\/www.hediyepazar.com\/index.php?rest_route=\/wp\/v2\/media\/125525"}],"wp:attachment":[{"href":"https:\/\/www.hediyepazar.com\/index.php?rest_route=%2Fwp%2Fv2%2Fmedia&parent=125526"}],"wp:term":[{"taxonomy":"product_brand","embeddable":true,"href":"https:\/\/www.hediyepazar.com\/index.php?rest_route=%2Fwp%2Fv2%2Fproduct_brand&post=125526"},{"taxonomy":"product_cat","embeddable":true,"href":"https:\/\/www.hediyepazar.com\/index.php?rest_route=%2Fwp%2Fv2%2Fproduct_cat&post=125526"},{"taxonomy":"product_tag","embeddable":true,"href":"https:\/\/www.hediyepazar.com\/index.php?rest_route=%2Fwp%2Fv2%2Fproduct_tag&post=125526"}],"curies":[{"name":"wp","href":"https:\/\/api.w.org\/{rel}","templated":true}]}}