{"id":125530,"date":"2026-05-06T18:11:23","date_gmt":"2026-05-06T21:11:23","guid":{"rendered":"https:\/\/www.hediyepazar.com\/?product=logitech-980-000413-z313-25w-21-subwooferli-ses-sistemi-siyah1923"},"modified":"2026-05-06T18:11:23","modified_gmt":"2026-05-06T21:11:23","slug":"logitech-980-000413-z313-25w-21-subwooferli-ses-sistemi-siyah1923","status":"publish","type":"product","link":"https:\/\/www.hediyepazar.com\/?product=logitech-980-000413-z313-25w-21-subwooferli-ses-sistemi-siyah1923","title":{"rendered":"LOGITECH 980-000413 Z313 25W 2+1 Subwooferl\u0131 Ses Sistemi (Siyah)(1923)"},"content":{"rendered":"<p>\u00a0\u00a0Zengin ve Dengeli SesBu 2.1 hoparl\u00f6r sistemi dengeli akustik sunar ve kompakt subwoofer arac\u0131l\u0131\u011f\u0131yla geli\u015fmi\u015f bas sa\u011flar. 3,5 mm giri\u015f \u00fczerinden herhangi bir ayg\u0131ta ba\u011flay\u0131n ve kablolu denetim b\u00f6lmesini kullanarak g\u00fc\u00e7 ve sese kolayca eri\u015fin.Genel bak\u0131\u015fKontrol elinizdeKablolu kontrol podu ile g\u00fc\u00e7 ve ses avucunuzun i\u00e7inde.Yeni oyunca\u011f\u0131n\u0131zBilgisayar\u0131n\u0131z\u0131n yerle\u015fik ses sistemiyle vedala\u015f\u0131n. PC&#8217;nizdeki t\u00fcm e\u011flence daha derin baslarla odan\u0131z\u0131n her k\u00f6\u015fesini dolduracak.Nereye istersenizBu \u015f\u0131k sistemi odan\u0131z\u0131n diledi\u011finiz k\u00f6\u015fesine yerle\u015ftirebilirsiniz; dekorunuzu ve tarz\u0131n\u0131z\u0131 tamamlar.\u00d6zellikleri\u00a0Kullan\u0131\u015fl\u0131 kontrol podu, g\u00fc\u00e7l\u00fc ve dengeli sesi ile bu hoparl\u00f6r sistemi m\u00fczi\u011fi ba\u015flatmak i\u00e7in en kolay yol.\u00a0Zengin Ses50 Watt Maksimum\/25 Watt RMS g\u00fcc\u00fc, dengeli akustik i\u00e7in ince ayarlanm\u0131\u015f tam aral\u0131kl\u0131 bir ses sunar. Geli\u015fmi\u015f bas, kompakt subwoofer taraf\u0131ndan sunulur. Kutudan \u00e7\u0131kar\u0131r \u00e7\u0131karmaz zengin bir ses deneyiminin tad\u0131na var\u0131n.Basit Kurulum3,5 mm giri\u015f \u00fczerinden herhangi bir cihaza ba\u011flay\u0131n ve kablolu denetim b\u00f6lmesini kullanarak g\u00fc\u00e7 ve sese kolayca eri\u015fin.Kolay DenetimlerKablolu denetim b\u00f6lmesi sayesinde g\u00fcce, sese ve kulakl\u0131k giri\u015fine kolayca eri\u015fin.<\/p>\n","protected":false},"excerpt":{"rendered":"<p>\u00a0\u00a0Zengin ve Dengeli SesBu 2.1 hoparl\u00f6r sistemi dengeli akustik sunar ve kompakt subwoofer arac\u0131l\u0131\u011f\u0131yla geli\u015fmi\u015f bas sa\u011flar. 3,5 mm giri\u015f \u00fczerinden herhangi bir ayg\u0131ta ba\u011flay\u0131n ve kablolu denetim b\u00f6lmesini kullanarak g\u00fc\u00e7 ve sese kolayca eri\u015fin.Genel bak\u0131\u015fKontrol elinizdeKablolu kontrol podu ile g\u00fc\u00e7 ve ses avucunuzun i\u00e7inde.Yeni oyunca\u011f\u0131n\u0131zBilgisayar\u0131n\u0131z\u0131n yerle\u015fik ses sistemiyle vedala\u015f\u0131n. PC&#8217;nizdeki t\u00fcm e\u011flence daha derin&#8230;<\/p>\n","protected":false},"featured_media":125529,"comment_status":"open","ping_status":"closed","template":"","meta":{"_kad_post_transparent":"","_kad_post_title":"","_kad_post_layout":"","_kad_post_sidebar_id":"","_kad_post_content_style":"","_kad_post_vertical_padding":"","_kad_post_feature":"","_kad_post_feature_position":"","_kad_post_header":false,"_kad_post_footer":false,"_kad_post_classname":""},"product_brand":[],"product_cat":[14655],"product_tag":[],"class_list":{"0":"post-125530","1":"product","2":"type-product","3":"status-publish","4":"has-post-thumbnail","6":"product_cat-hoparlor-bilgisayar-tablet-elektronik-hoparlor-bilgisayar-tablet-elektronik","8":"first","9":"instock","10":"purchasable","11":"product-type-simple","12":"entry","13":"content-bg","14":"loop-entry"},"_links":{"self":[{"href":"https:\/\/www.hediyepazar.com\/index.php?rest_route=\/wp\/v2\/product\/125530","targetHints":{"allow":["GET"]}}],"collection":[{"href":"https:\/\/www.hediyepazar.com\/index.php?rest_route=\/wp\/v2\/product"}],"about":[{"href":"https:\/\/www.hediyepazar.com\/index.php?rest_route=\/wp\/v2\/types\/product"}],"replies":[{"embeddable":true,"href":"https:\/\/www.hediyepazar.com\/index.php?rest_route=%2Fwp%2Fv2%2Fcomments&post=125530"}],"wp:featuredmedia":[{"embeddable":true,"href":"https:\/\/www.hediyepazar.com\/index.php?rest_route=\/wp\/v2\/media\/125529"}],"wp:attachment":[{"href":"https:\/\/www.hediyepazar.com\/index.php?rest_route=%2Fwp%2Fv2%2Fmedia&parent=125530"}],"wp:term":[{"taxonomy":"product_brand","embeddable":true,"href":"https:\/\/www.hediyepazar.com\/index.php?rest_route=%2Fwp%2Fv2%2Fproduct_brand&post=125530"},{"taxonomy":"product_cat","embeddable":true,"href":"https:\/\/www.hediyepazar.com\/index.php?rest_route=%2Fwp%2Fv2%2Fproduct_cat&post=125530"},{"taxonomy":"product_tag","embeddable":true,"href":"https:\/\/www.hediyepazar.com\/index.php?rest_route=%2Fwp%2Fv2%2Fproduct_tag&post=125530"}],"curies":[{"name":"wp","href":"https:\/\/api.w.org\/{rel}","templated":true}]}}