{"id":125560,"date":"2026-05-06T18:18:11","date_gmt":"2026-05-06T21:18:11","guid":{"rendered":"https:\/\/www.hediyepazar.com\/?product=snopy-sn-611-6w-11-masaustu-speaker-ac-220v-siyah1923"},"modified":"2026-05-06T18:18:11","modified_gmt":"2026-05-06T21:18:11","slug":"snopy-sn-611-6w-11-masaustu-speaker-ac-220v-siyah1923","status":"publish","type":"product","link":"https:\/\/www.hediyepazar.com\/?product=snopy-sn-611-6w-11-masaustu-speaker-ac-220v-siyah1923","title":{"rendered":"SNOPY SN-611 6W 1+1 Masa\u00fcst\u00fc Speaker AC 220V (Siyah)(1923)"},"content":{"rendered":"<p>MarkaSnopyModelSN-611A\u00e7\u0131klama2.0 AC 220V Hoparl\u00f6rRenkSiyah \/ G\u00fcm\u00fc\u015fFrekans cevab\u0131120Hz-15KHzBa\u011flant\u0131 TipiUSB, 3.5mm Jack\u00c7\u0131k\u0131\u015f g\u00fcc\u00fcR.M.S.: 3W x 2CHEmpedans8 OhmKanal Yap\u0131s\u01312.0Eneji Beslemesi\u00a0\u00a0AC 220VKontrollerG\u00fc\u00e7\/SesA\u00e7\u0131lma \u015eekliA\u00e7ma Kapama D\u00fc\u011fmesi\u00d6zellikKulakl\u0131k \u00e7\u0131k\u0131\u015f\u0131 \/ PC, DVD, VCD, MP3\u2026kullan\u0131labilir\u00dcr\u00fcn Boyutu180x70x74 (Y x G x D)Paket Boyutu188x160x85mm ( Y x G x D )Paket \u0130\u00e7eri\u011fi2x Hoparl\u00f6r + Kullan\u0131m K\u0131lavuzu \/Garanti BelgesiGaranti S\u00fcresi24 Ay<\/p>\n","protected":false},"excerpt":{"rendered":"<p>MarkaSnopyModelSN-611A\u00e7\u0131klama2.0 AC 220V Hoparl\u00f6rRenkSiyah \/ G\u00fcm\u00fc\u015fFrekans cevab\u0131120Hz-15KHzBa\u011flant\u0131 TipiUSB, 3.5mm Jack\u00c7\u0131k\u0131\u015f g\u00fcc\u00fcR.M.S.: 3W x 2CHEmpedans8 OhmKanal Yap\u0131s\u01312.0Eneji Beslemesi\u00a0\u00a0AC 220VKontrollerG\u00fc\u00e7\/SesA\u00e7\u0131lma \u015eekliA\u00e7ma Kapama D\u00fc\u011fmesi\u00d6zellikKulakl\u0131k \u00e7\u0131k\u0131\u015f\u0131 \/ PC, DVD, VCD, MP3\u2026kullan\u0131labilir\u00dcr\u00fcn Boyutu180x70x74 (Y x G x D)Paket Boyutu188x160x85mm ( Y x G x D )Paket \u0130\u00e7eri\u011fi2x Hoparl\u00f6r + Kullan\u0131m K\u0131lavuzu \/Garanti BelgesiGaranti S\u00fcresi24 Ay<\/p>\n","protected":false},"featured_media":125559,"comment_status":"open","ping_status":"closed","template":"","meta":{"_kad_post_transparent":"","_kad_post_title":"","_kad_post_layout":"","_kad_post_sidebar_id":"","_kad_post_content_style":"","_kad_post_vertical_padding":"","_kad_post_feature":"","_kad_post_feature_position":"","_kad_post_header":false,"_kad_post_footer":false,"_kad_post_classname":""},"product_brand":[],"product_cat":[14655],"product_tag":[],"class_list":{"0":"post-125560","1":"product","2":"type-product","3":"status-publish","4":"has-post-thumbnail","6":"product_cat-hoparlor-bilgisayar-tablet-elektronik-hoparlor-bilgisayar-tablet-elektronik","8":"first","9":"instock","10":"purchasable","11":"product-type-simple","12":"entry","13":"content-bg","14":"loop-entry"},"_links":{"self":[{"href":"https:\/\/www.hediyepazar.com\/index.php?rest_route=\/wp\/v2\/product\/125560","targetHints":{"allow":["GET"]}}],"collection":[{"href":"https:\/\/www.hediyepazar.com\/index.php?rest_route=\/wp\/v2\/product"}],"about":[{"href":"https:\/\/www.hediyepazar.com\/index.php?rest_route=\/wp\/v2\/types\/product"}],"replies":[{"embeddable":true,"href":"https:\/\/www.hediyepazar.com\/index.php?rest_route=%2Fwp%2Fv2%2Fcomments&post=125560"}],"wp:featuredmedia":[{"embeddable":true,"href":"https:\/\/www.hediyepazar.com\/index.php?rest_route=\/wp\/v2\/media\/125559"}],"wp:attachment":[{"href":"https:\/\/www.hediyepazar.com\/index.php?rest_route=%2Fwp%2Fv2%2Fmedia&parent=125560"}],"wp:term":[{"taxonomy":"product_brand","embeddable":true,"href":"https:\/\/www.hediyepazar.com\/index.php?rest_route=%2Fwp%2Fv2%2Fproduct_brand&post=125560"},{"taxonomy":"product_cat","embeddable":true,"href":"https:\/\/www.hediyepazar.com\/index.php?rest_route=%2Fwp%2Fv2%2Fproduct_cat&post=125560"},{"taxonomy":"product_tag","embeddable":true,"href":"https:\/\/www.hediyepazar.com\/index.php?rest_route=%2Fwp%2Fv2%2Fproduct_tag&post=125560"}],"curies":[{"name":"wp","href":"https:\/\/api.w.org\/{rel}","templated":true}]}}