{"id":125562,"date":"2026-05-06T18:18:19","date_gmt":"2026-05-06T21:18:19","guid":{"rendered":"https:\/\/www.hediyepazar.com\/?product=snopy-sn-84-4w-11-masa-ustu-usb-speaker-siyah1923"},"modified":"2026-05-06T18:18:19","modified_gmt":"2026-05-06T21:18:19","slug":"snopy-sn-84-4w-11-masa-ustu-usb-speaker-siyah1923","status":"publish","type":"product","link":"https:\/\/www.hediyepazar.com\/?product=snopy-sn-84-4w-11-masa-ustu-usb-speaker-siyah1923","title":{"rendered":"SNOPY SN-84 4W 1+1 Masa \u00dcst\u00fc USB SPEAKER (Siyah)(1923)"},"content":{"rendered":"<p>MarkaSnopyModelSN-84A\u00e7\u0131klamaHoparl\u00f6r SetiRenkSiyahAyd\u0131nlatmaYokBa\u011flant\u0131 TipiUSB &#8211; 3.5mm JackKanal Yap\u0131s\u01312.0Frekans Yan\u0131t\u013160Hz &#8211; 20KHz\u00c7\u0131k\u0131\u015f G\u00fcc\u00fc2WEmpedans4 OhmG\u00fc\u00e7 Kayna\u011f\u0131USB DC 5V-6VKablo Uzunlu\u011fu\u00a0\u00a01mPaket Boyutu185x175x100mmPaket \u0130\u00e7eri\u011fi\u00dcr\u00fcn \/ Kullan\u0131m Klavuzu + GarantiGaranti S\u00fcresi24 Ay<\/p>\n","protected":false},"excerpt":{"rendered":"<p>MarkaSnopyModelSN-84A\u00e7\u0131klamaHoparl\u00f6r SetiRenkSiyahAyd\u0131nlatmaYokBa\u011flant\u0131 TipiUSB &#8211; 3.5mm JackKanal Yap\u0131s\u01312.0Frekans Yan\u0131t\u013160Hz &#8211; 20KHz\u00c7\u0131k\u0131\u015f G\u00fcc\u00fc2WEmpedans4 OhmG\u00fc\u00e7 Kayna\u011f\u0131USB DC 5V-6VKablo Uzunlu\u011fu\u00a0\u00a01mPaket Boyutu185x175x100mmPaket \u0130\u00e7eri\u011fi\u00dcr\u00fcn \/ Kullan\u0131m Klavuzu + GarantiGaranti S\u00fcresi24 Ay<\/p>\n","protected":false},"featured_media":125561,"comment_status":"open","ping_status":"closed","template":"","meta":{"_kad_post_transparent":"","_kad_post_title":"","_kad_post_layout":"","_kad_post_sidebar_id":"","_kad_post_content_style":"","_kad_post_vertical_padding":"","_kad_post_feature":"","_kad_post_feature_position":"","_kad_post_header":false,"_kad_post_footer":false,"_kad_post_classname":""},"product_brand":[],"product_cat":[14655],"product_tag":[],"class_list":{"0":"post-125562","1":"product","2":"type-product","3":"status-publish","4":"has-post-thumbnail","6":"product_cat-hoparlor-bilgisayar-tablet-elektronik-hoparlor-bilgisayar-tablet-elektronik","8":"first","9":"instock","10":"purchasable","11":"product-type-simple","12":"entry","13":"content-bg","14":"loop-entry"},"_links":{"self":[{"href":"https:\/\/www.hediyepazar.com\/index.php?rest_route=\/wp\/v2\/product\/125562","targetHints":{"allow":["GET"]}}],"collection":[{"href":"https:\/\/www.hediyepazar.com\/index.php?rest_route=\/wp\/v2\/product"}],"about":[{"href":"https:\/\/www.hediyepazar.com\/index.php?rest_route=\/wp\/v2\/types\/product"}],"replies":[{"embeddable":true,"href":"https:\/\/www.hediyepazar.com\/index.php?rest_route=%2Fwp%2Fv2%2Fcomments&post=125562"}],"wp:featuredmedia":[{"embeddable":true,"href":"https:\/\/www.hediyepazar.com\/index.php?rest_route=\/wp\/v2\/media\/125561"}],"wp:attachment":[{"href":"https:\/\/www.hediyepazar.com\/index.php?rest_route=%2Fwp%2Fv2%2Fmedia&parent=125562"}],"wp:term":[{"taxonomy":"product_brand","embeddable":true,"href":"https:\/\/www.hediyepazar.com\/index.php?rest_route=%2Fwp%2Fv2%2Fproduct_brand&post=125562"},{"taxonomy":"product_cat","embeddable":true,"href":"https:\/\/www.hediyepazar.com\/index.php?rest_route=%2Fwp%2Fv2%2Fproduct_cat&post=125562"},{"taxonomy":"product_tag","embeddable":true,"href":"https:\/\/www.hediyepazar.com\/index.php?rest_route=%2Fwp%2Fv2%2Fproduct_tag&post=125562"}],"curies":[{"name":"wp","href":"https:\/\/api.w.org\/{rel}","templated":true}]}}