{"id":125574,"date":"2026-05-06T18:19:25","date_gmt":"2026-05-06T21:19:25","guid":{"rendered":"https:\/\/www.hediyepazar.com\/?product=makelsan-12v-7ah-bakimsiz-kuru-aku-ups-icin-uygundur-1923"},"modified":"2026-05-06T18:19:25","modified_gmt":"2026-05-06T21:19:25","slug":"makelsan-12v-7ah-bakimsiz-kuru-aku-ups-icin-uygundur-1923","status":"publish","type":"product","link":"https:\/\/www.hediyepazar.com\/?product=makelsan-12v-7ah-bakimsiz-kuru-aku-ups-icin-uygundur-1923","title":{"rendered":"MAKELSAN 12V 7Ah Bak\u0131ms\u0131z Kuru Ak\u00fc. UPS i\u00e7in Uygundur.(1923)"},"content":{"rendered":"<p>\u00d6ZELL\u0130KLERTam Kapal\u0131 Kuru TipNakliye Kolayl\u0131\u011f\u0131Bak\u0131m Gerektirmeyen Yap\u0131Geni\u015f \u00c7al\u0131\u015fma Is\u0131s\u0131Dayan\u0131kl\u0131 KasaUzun Servis \u00d6mr\u00fc\u00a0KULLANIM ALANLARIKesintisiz G\u00fc\u00e7 Kaynaklar\u0131, Acil Ayd\u0131nlatma Sistemleri, Test ve \u00d6l\u00e7\u00fc Aletleri, Telefon Santralleri, Kablolu Televizyonlar, Haberle\u015fme Cihazlar\u0131, Yang\u0131n Alarm Sistemleri, Demiryollar\u0131, Gemiler ve Trafik, Elektronik Yazar Kasalar, Radyo Telekom\u00fcnikasyon Ekipmanlar\u0131, Elektronik Aletler, Elektronik Oyuncaklar ve Ak\u00fcl\u00fc Arabalar, ATM Makineleri, Denizcilik Ekipmanlar\u0131, G\u00fcne\u015f Enerji Sistemleri, R\u00fczgar Enerji Sistemleri,\u00a0<\/p>\n","protected":false},"excerpt":{"rendered":"<p>\u00d6ZELL\u0130KLERTam Kapal\u0131 Kuru TipNakliye Kolayl\u0131\u011f\u0131Bak\u0131m Gerektirmeyen Yap\u0131Geni\u015f \u00c7al\u0131\u015fma Is\u0131s\u0131Dayan\u0131kl\u0131 KasaUzun Servis \u00d6mr\u00fc\u00a0KULLANIM ALANLARIKesintisiz G\u00fc\u00e7 Kaynaklar\u0131, Acil Ayd\u0131nlatma Sistemleri, Test ve \u00d6l\u00e7\u00fc Aletleri, Telefon Santralleri, Kablolu Televizyonlar, Haberle\u015fme Cihazlar\u0131, Yang\u0131n Alarm Sistemleri, Demiryollar\u0131, Gemiler ve Trafik, Elektronik Yazar Kasalar, Radyo Telekom\u00fcnikasyon Ekipmanlar\u0131, Elektronik Aletler, Elektronik Oyuncaklar ve Ak\u00fcl\u00fc Arabalar, ATM Makineleri, Denizcilik Ekipmanlar\u0131, G\u00fcne\u015f Enerji Sistemleri,&#8230;<\/p>\n","protected":false},"featured_media":125573,"comment_status":"open","ping_status":"closed","template":"","meta":{"_kad_post_transparent":"","_kad_post_title":"","_kad_post_layout":"","_kad_post_sidebar_id":"","_kad_post_content_style":"","_kad_post_vertical_padding":"","_kad_post_feature":"","_kad_post_feature_position":"","_kad_post_header":false,"_kad_post_footer":false,"_kad_post_classname":""},"product_brand":[],"product_cat":[15231],"product_tag":[],"class_list":{"0":"post-125574","1":"product","2":"type-product","3":"status-publish","4":"has-post-thumbnail","6":"product_cat-pil-ve-akuler-bahce-yapi-market-ev-yasam-pil-ve-akuler","8":"first","9":"instock","10":"purchasable","11":"product-type-simple","12":"entry","13":"content-bg","14":"loop-entry"},"_links":{"self":[{"href":"https:\/\/www.hediyepazar.com\/index.php?rest_route=\/wp\/v2\/product\/125574","targetHints":{"allow":["GET"]}}],"collection":[{"href":"https:\/\/www.hediyepazar.com\/index.php?rest_route=\/wp\/v2\/product"}],"about":[{"href":"https:\/\/www.hediyepazar.com\/index.php?rest_route=\/wp\/v2\/types\/product"}],"replies":[{"embeddable":true,"href":"https:\/\/www.hediyepazar.com\/index.php?rest_route=%2Fwp%2Fv2%2Fcomments&post=125574"}],"wp:featuredmedia":[{"embeddable":true,"href":"https:\/\/www.hediyepazar.com\/index.php?rest_route=\/wp\/v2\/media\/125573"}],"wp:attachment":[{"href":"https:\/\/www.hediyepazar.com\/index.php?rest_route=%2Fwp%2Fv2%2Fmedia&parent=125574"}],"wp:term":[{"taxonomy":"product_brand","embeddable":true,"href":"https:\/\/www.hediyepazar.com\/index.php?rest_route=%2Fwp%2Fv2%2Fproduct_brand&post=125574"},{"taxonomy":"product_cat","embeddable":true,"href":"https:\/\/www.hediyepazar.com\/index.php?rest_route=%2Fwp%2Fv2%2Fproduct_cat&post=125574"},{"taxonomy":"product_tag","embeddable":true,"href":"https:\/\/www.hediyepazar.com\/index.php?rest_route=%2Fwp%2Fv2%2Fproduct_tag&post=125574"}],"curies":[{"name":"wp","href":"https:\/\/api.w.org\/{rel}","templated":true}]}}