{"id":125576,"date":"2026-05-06T18:20:58","date_gmt":"2026-05-06T21:20:58","guid":{"rendered":"https:\/\/www.hediyepazar.com\/?product=makelsan-12v-9ah-bakimsiz-kuru-aku-ups-icin-uygundur-1923"},"modified":"2026-05-06T18:20:58","modified_gmt":"2026-05-06T21:20:58","slug":"makelsan-12v-9ah-bakimsiz-kuru-aku-ups-icin-uygundur-1923","status":"publish","type":"product","link":"https:\/\/www.hediyepazar.com\/?product=makelsan-12v-9ah-bakimsiz-kuru-aku-ups-icin-uygundur-1923","title":{"rendered":"MAKELSAN 12V 9Ah Bak\u0131ms\u0131z Kuru Ak\u00fc. UPS i\u00e7in Uygundur.(1923)"},"content":{"rendered":"<p>MAKELSAN 12V 9Ah, Bak\u0131ms\u0131z, Kuru Ak\u00fc. UPS i\u00e7in Uygundur.(1923)<\/p>\n","protected":false},"excerpt":{"rendered":"<p>MAKELSAN 12V 9Ah, Bak\u0131ms\u0131z, Kuru Ak\u00fc. UPS i\u00e7in Uygundur.(1923)<\/p>\n","protected":false},"featured_media":125575,"comment_status":"open","ping_status":"closed","template":"","meta":{"_kad_post_transparent":"","_kad_post_title":"","_kad_post_layout":"","_kad_post_sidebar_id":"","_kad_post_content_style":"","_kad_post_vertical_padding":"","_kad_post_feature":"","_kad_post_feature_position":"","_kad_post_header":false,"_kad_post_footer":false,"_kad_post_classname":""},"product_brand":[],"product_cat":[15231],"product_tag":[],"class_list":{"0":"post-125576","1":"product","2":"type-product","3":"status-publish","4":"has-post-thumbnail","6":"product_cat-pil-ve-akuler-bahce-yapi-market-ev-yasam-pil-ve-akuler","8":"first","9":"instock","10":"purchasable","11":"product-type-simple","12":"entry","13":"content-bg","14":"loop-entry"},"_links":{"self":[{"href":"https:\/\/www.hediyepazar.com\/index.php?rest_route=\/wp\/v2\/product\/125576","targetHints":{"allow":["GET"]}}],"collection":[{"href":"https:\/\/www.hediyepazar.com\/index.php?rest_route=\/wp\/v2\/product"}],"about":[{"href":"https:\/\/www.hediyepazar.com\/index.php?rest_route=\/wp\/v2\/types\/product"}],"replies":[{"embeddable":true,"href":"https:\/\/www.hediyepazar.com\/index.php?rest_route=%2Fwp%2Fv2%2Fcomments&post=125576"}],"wp:featuredmedia":[{"embeddable":true,"href":"https:\/\/www.hediyepazar.com\/index.php?rest_route=\/wp\/v2\/media\/125575"}],"wp:attachment":[{"href":"https:\/\/www.hediyepazar.com\/index.php?rest_route=%2Fwp%2Fv2%2Fmedia&parent=125576"}],"wp:term":[{"taxonomy":"product_brand","embeddable":true,"href":"https:\/\/www.hediyepazar.com\/index.php?rest_route=%2Fwp%2Fv2%2Fproduct_brand&post=125576"},{"taxonomy":"product_cat","embeddable":true,"href":"https:\/\/www.hediyepazar.com\/index.php?rest_route=%2Fwp%2Fv2%2Fproduct_cat&post=125576"},{"taxonomy":"product_tag","embeddable":true,"href":"https:\/\/www.hediyepazar.com\/index.php?rest_route=%2Fwp%2Fv2%2Fproduct_tag&post=125576"}],"curies":[{"name":"wp","href":"https:\/\/api.w.org\/{rel}","templated":true}]}}