{"id":125638,"date":"2026-05-06T18:30:20","date_gmt":"2026-05-06T21:30:20","guid":{"rendered":"https:\/\/www.hediyepazar.com\/?product=s-link-sl-ka200-12v-15a-switch-mode-dc-adaptor1923"},"modified":"2026-05-06T18:30:20","modified_gmt":"2026-05-06T21:30:20","slug":"s-link-sl-ka200-12v-15a-switch-mode-dc-adaptor1923","status":"publish","type":"product","link":"https:\/\/www.hediyepazar.com\/?product=s-link-sl-ka200-12v-15a-switch-mode-dc-adaptor1923","title":{"rendered":"S-LINK SL-KA200 12V 15A Switch Mode DC ADAPT\u00d6R(1923)"},"content":{"rendered":"<p>A\u00e7\u0131klamaG\u00fcvenlik Kameras\u0131 Elektrik Adapt\u00f6r\u00fcMarkaS-LinkModelSA-KA200Ba\u011flant\u0131 TipiVidalamaSwitch110V &#8211; 220V Aras\u0131Giri\u015f Voltaj\u0131220V 50\/60Hz\u00c7\u0131k\u0131\u015f Voltaj\u013112V 15A, 180WGiri\u015fler7 Adet (2x G\u00fc\u00e7 &#8211; 1x Topraklama &#8211; 2x-V &#8211; 2x +VDepolama S\u0131cakl\u0131\u011f\u0131-20 \/ +75 C\u00c7al\u0131\u015fma S\u0131cakl\u0131\u011f\u01310 \/ +40 CKullan\u0131m \u00d6mr\u00fc7 Y\u0131l\u00dcr\u00fcn Boyutu200x100x45mmPaket Boyutu205x105x50mmPaket \u0130\u00e7eri\u011fi\u00dcr\u00fcn \/ Kullan\u0131m Klavuzu + Garanti BelgesiGaranti Belgesi24 Ay<\/p>\n","protected":false},"excerpt":{"rendered":"<p>A\u00e7\u0131klamaG\u00fcvenlik Kameras\u0131 Elektrik Adapt\u00f6r\u00fcMarkaS-LinkModelSA-KA200Ba\u011flant\u0131 TipiVidalamaSwitch110V &#8211; 220V Aras\u0131Giri\u015f Voltaj\u0131220V 50\/60Hz\u00c7\u0131k\u0131\u015f Voltaj\u013112V 15A, 180WGiri\u015fler7 Adet (2x G\u00fc\u00e7 &#8211; 1x Topraklama &#8211; 2x-V &#8211; 2x +VDepolama S\u0131cakl\u0131\u011f\u0131-20 \/ +75 C\u00c7al\u0131\u015fma S\u0131cakl\u0131\u011f\u01310 \/ +40 CKullan\u0131m \u00d6mr\u00fc7 Y\u0131l\u00dcr\u00fcn Boyutu200x100x45mmPaket Boyutu205x105x50mmPaket \u0130\u00e7eri\u011fi\u00dcr\u00fcn \/ Kullan\u0131m Klavuzu + Garanti BelgesiGaranti Belgesi24 Ay<\/p>\n","protected":false},"featured_media":125637,"comment_status":"open","ping_status":"closed","template":"","meta":{"_kad_post_transparent":"","_kad_post_title":"","_kad_post_layout":"","_kad_post_sidebar_id":"","_kad_post_content_style":"","_kad_post_vertical_padding":"","_kad_post_feature":"","_kad_post_feature_position":"","_kad_post_header":false,"_kad_post_footer":false,"_kad_post_classname":""},"product_brand":[],"product_cat":[15241],"product_tag":[],"class_list":{"0":"post-125638","1":"product","2":"type-product","3":"status-publish","4":"has-post-thumbnail","6":"product_cat-ev-guvenlik-urunleri-antre-hol-mobilya-ev-yasam-ev-guvenlik-urunleri","8":"first","9":"instock","10":"purchasable","11":"product-type-simple","12":"entry","13":"content-bg","14":"loop-entry"},"_links":{"self":[{"href":"https:\/\/www.hediyepazar.com\/index.php?rest_route=\/wp\/v2\/product\/125638","targetHints":{"allow":["GET"]}}],"collection":[{"href":"https:\/\/www.hediyepazar.com\/index.php?rest_route=\/wp\/v2\/product"}],"about":[{"href":"https:\/\/www.hediyepazar.com\/index.php?rest_route=\/wp\/v2\/types\/product"}],"replies":[{"embeddable":true,"href":"https:\/\/www.hediyepazar.com\/index.php?rest_route=%2Fwp%2Fv2%2Fcomments&post=125638"}],"wp:featuredmedia":[{"embeddable":true,"href":"https:\/\/www.hediyepazar.com\/index.php?rest_route=\/wp\/v2\/media\/125637"}],"wp:attachment":[{"href":"https:\/\/www.hediyepazar.com\/index.php?rest_route=%2Fwp%2Fv2%2Fmedia&parent=125638"}],"wp:term":[{"taxonomy":"product_brand","embeddable":true,"href":"https:\/\/www.hediyepazar.com\/index.php?rest_route=%2Fwp%2Fv2%2Fproduct_brand&post=125638"},{"taxonomy":"product_cat","embeddable":true,"href":"https:\/\/www.hediyepazar.com\/index.php?rest_route=%2Fwp%2Fv2%2Fproduct_cat&post=125638"},{"taxonomy":"product_tag","embeddable":true,"href":"https:\/\/www.hediyepazar.com\/index.php?rest_route=%2Fwp%2Fv2%2Fproduct_tag&post=125638"}],"curies":[{"name":"wp","href":"https:\/\/api.w.org\/{rel}","templated":true}]}}