{"id":125640,"date":"2026-05-06T18:32:09","date_gmt":"2026-05-06T21:32:09","guid":{"rendered":"https:\/\/www.hediyepazar.com\/?product=s-link-sl-ka65-12v-5a-switch-mode-dc-adaptor1923"},"modified":"2026-05-06T18:32:09","modified_gmt":"2026-05-06T21:32:09","slug":"s-link-sl-ka65-12v-5a-switch-mode-dc-adaptor1923","status":"publish","type":"product","link":"https:\/\/www.hediyepazar.com\/?product=s-link-sl-ka65-12v-5a-switch-mode-dc-adaptor1923","title":{"rendered":"S-LINK SL-KA65 12V 5A Switch Mode DC ADAPT\u00d6R(1923)"},"content":{"rendered":"<p>A\u00e7\u0131klamaAC\/DC G\u00fc\u00e7 Adapt\u00f6r\u00fcMarkaS-linkModelSL-KA65RenkAluminyum GrisiKullan\u0131m Alan\u0131Kamera G\u00fc\u00e7 Kayna\u011f\u0131, LED Ayd\u0131nlatma Sistemleri vs.Giri\u015fAC 110-240V, 50-60Hz, max. 0.75AGiri\u015f Konnekt\u00f6r\u00fcVidal\u0131 Klemens\u00c7\u0131k\u0131\u015fDC 12V, 5A\u00c7\u0131k\u0131\u015f g\u00fcc\u00fc60 Watt\u00c7\u0131k\u0131\u015f Konnekt\u00f6r\u00fcVidal\u0131 KlemensVerimlilik%73ten fazlaKoruma Fonksiyonlar\u0131A\u015f\u0131r\u0131 Y\u00fck, K\u0131sa DevreG\u00f6stergeYe\u015fil G\u00fc\u00e7 I\u015f\u0131\u011f\u0131\u00dcr\u00fcn MalzemesiMetalKabloYokkullan\u0131m \u015fekli\u0130\u00e7 Mekan, Kapali Alan (Nem,Su,Asiri Isi v.s.Ortamlardan Uzak Kullanilmalidir)\u00dcr\u00fcn A\u011f\u0131rl\u0131\u011f\u0131162gr\u00dcr\u00fcn Boyutu110mm x 76mm x36mmPaket Boyutu115mm x81mm x42mmToplam A\u011f\u0131rl\u0131k182grPaket \u0130\u00e7eri\u011fi\u00dcr\u00fcn + KullanmaK\u0131lavuzu \/Garanti<\/p>\n","protected":false},"excerpt":{"rendered":"<p>A\u00e7\u0131klamaAC\/DC G\u00fc\u00e7 Adapt\u00f6r\u00fcMarkaS-linkModelSL-KA65RenkAluminyum GrisiKullan\u0131m Alan\u0131Kamera G\u00fc\u00e7 Kayna\u011f\u0131, LED Ayd\u0131nlatma Sistemleri vs.Giri\u015fAC 110-240V, 50-60Hz, max. 0.75AGiri\u015f Konnekt\u00f6r\u00fcVidal\u0131 Klemens\u00c7\u0131k\u0131\u015fDC 12V, 5A\u00c7\u0131k\u0131\u015f g\u00fcc\u00fc60 Watt\u00c7\u0131k\u0131\u015f Konnekt\u00f6r\u00fcVidal\u0131 KlemensVerimlilik%73ten fazlaKoruma Fonksiyonlar\u0131A\u015f\u0131r\u0131 Y\u00fck, K\u0131sa DevreG\u00f6stergeYe\u015fil G\u00fc\u00e7 I\u015f\u0131\u011f\u0131\u00dcr\u00fcn MalzemesiMetalKabloYokkullan\u0131m \u015fekli\u0130\u00e7 Mekan, Kapali Alan (Nem,Su,Asiri Isi v.s.Ortamlardan Uzak Kullanilmalidir)\u00dcr\u00fcn A\u011f\u0131rl\u0131\u011f\u0131162gr\u00dcr\u00fcn Boyutu110mm x 76mm x36mmPaket Boyutu115mm x81mm x42mmToplam A\u011f\u0131rl\u0131k182grPaket \u0130\u00e7eri\u011fi\u00dcr\u00fcn + KullanmaK\u0131lavuzu \/Garanti<\/p>\n","protected":false},"featured_media":125639,"comment_status":"open","ping_status":"closed","template":"","meta":{"_kad_post_transparent":"","_kad_post_title":"","_kad_post_layout":"","_kad_post_sidebar_id":"","_kad_post_content_style":"","_kad_post_vertical_padding":"","_kad_post_feature":"","_kad_post_feature_position":"","_kad_post_header":false,"_kad_post_footer":false,"_kad_post_classname":""},"product_brand":[],"product_cat":[15241],"product_tag":[],"class_list":{"0":"post-125640","1":"product","2":"type-product","3":"status-publish","4":"has-post-thumbnail","6":"product_cat-ev-guvenlik-urunleri-antre-hol-mobilya-ev-yasam-ev-guvenlik-urunleri","8":"first","9":"instock","10":"purchasable","11":"product-type-simple","12":"entry","13":"content-bg","14":"loop-entry"},"_links":{"self":[{"href":"https:\/\/www.hediyepazar.com\/index.php?rest_route=\/wp\/v2\/product\/125640","targetHints":{"allow":["GET"]}}],"collection":[{"href":"https:\/\/www.hediyepazar.com\/index.php?rest_route=\/wp\/v2\/product"}],"about":[{"href":"https:\/\/www.hediyepazar.com\/index.php?rest_route=\/wp\/v2\/types\/product"}],"replies":[{"embeddable":true,"href":"https:\/\/www.hediyepazar.com\/index.php?rest_route=%2Fwp%2Fv2%2Fcomments&post=125640"}],"wp:featuredmedia":[{"embeddable":true,"href":"https:\/\/www.hediyepazar.com\/index.php?rest_route=\/wp\/v2\/media\/125639"}],"wp:attachment":[{"href":"https:\/\/www.hediyepazar.com\/index.php?rest_route=%2Fwp%2Fv2%2Fmedia&parent=125640"}],"wp:term":[{"taxonomy":"product_brand","embeddable":true,"href":"https:\/\/www.hediyepazar.com\/index.php?rest_route=%2Fwp%2Fv2%2Fproduct_brand&post=125640"},{"taxonomy":"product_cat","embeddable":true,"href":"https:\/\/www.hediyepazar.com\/index.php?rest_route=%2Fwp%2Fv2%2Fproduct_cat&post=125640"},{"taxonomy":"product_tag","embeddable":true,"href":"https:\/\/www.hediyepazar.com\/index.php?rest_route=%2Fwp%2Fv2%2Fproduct_tag&post=125640"}],"curies":[{"name":"wp","href":"https:\/\/api.w.org\/{rel}","templated":true}]}}