{"id":125644,"date":"2026-05-06T18:32:24","date_gmt":"2026-05-06T21:32:24","guid":{"rendered":"https:\/\/www.hediyepazar.com\/?product=dahua-nkb1000-e-hdcvi-ip-kontrol-klavyesi1923"},"modified":"2026-05-06T18:32:24","modified_gmt":"2026-05-06T21:32:24","slug":"dahua-nkb1000-e-hdcvi-ip-kontrol-klavyesi1923","status":"publish","type":"product","link":"https:\/\/www.hediyepazar.com\/?product=dahua-nkb1000-e-hdcvi-ip-kontrol-klavyesi1923","title":{"rendered":"DAHUA NKB1000-E HDCVI\/IP Kontrol Klavyesi(1923)"},"content":{"rendered":"<p>\u00a0ModeliModeliNKB1000-EGenelKlavye Tu\u015f paneliElektromekanikOyun \u00e7ubuklar\u01313 eksenli, vekt\u00f6r \u00e7\u00f6zme, b\u00fck\u00fcml\u00fc, merkeze d\u00f6n\u00fc\u015fl\u00fcKlavye Konekt\u00f6r\u00fcRJ-45, RS232, RS485, RS422 (ayr\u0131lm\u0131\u015ft\u0131r), USBKlavye \u0130leti\u015fimiDo\u011frudan Mod, A\u011f ModuDo\u011frudan ModAray\u00fcz:1 RS232\/2 RS485DVR Protokol\u00fc: DH-2Kubbe Protokol\u00fc: DH-SD1\/PELCO-D\/PELCO-P, vb.A\u011f ModuAray\u00fcz: RJ45DVR\/A\u011f Kubbesi:IP Adresi\/Ba\u011flant\u0131 Noktas\u0131\/ProtokolG\u00f6r\u00fcnt\u00fclemekLCD, 75,2 mm \u00d7 33,85 mmMaksimum Kullan\u0131c\u0131 Say\u0131s\u013164 (&#8220;y\u00f6netici&#8221; dahil)Maksimum RS485 Adresi (Her Kullan\u0131c\u0131)256A\u011f \u00dczerinden Eklenebilecek Maksimum PTZ (IPC) Say\u0131s\u0131 (Her Kullan\u0131c\u0131)2048\u00c7evreselG\u00fc\u00e7 kayna\u011f\u0131G\u00fc\u00e7 adapt\u00f6r\u00fc, giri\u015f 100V~240V 50Hz\/60Hz, \u00e7\u0131k\u0131\u015f DC12V\/2AG\u00fc\u00e7 t\u00fcketimi5W\u00c7al\u0131\u015fma S\u0131cakl\u0131klar\u0131-10\u00a0\u00b0C\u00a0~+55\u00a0\u00b0C\u00c7al\u0131\u015fma Nemi%10 ~ %90Atmosfer Bas\u0131nc\u013186kpa~106kpaBoyut330mm\u00d7139mm\u00d753mm (G\u00d7D\u00d7Y)(y\u00fckseklik: joystick dahil 103 mm)A\u011f\u0131rl\u0131k1,3kg (Paket dahil)\u00a0<\/p>\n","protected":false},"excerpt":{"rendered":"<p>\u00a0ModeliModeliNKB1000-EGenelKlavye Tu\u015f paneliElektromekanikOyun \u00e7ubuklar\u01313 eksenli, vekt\u00f6r \u00e7\u00f6zme, b\u00fck\u00fcml\u00fc, merkeze d\u00f6n\u00fc\u015fl\u00fcKlavye Konekt\u00f6r\u00fcRJ-45, RS232, RS485, RS422 (ayr\u0131lm\u0131\u015ft\u0131r), USBKlavye \u0130leti\u015fimiDo\u011frudan Mod, A\u011f ModuDo\u011frudan ModAray\u00fcz:1 RS232\/2 RS485DVR Protokol\u00fc: DH-2Kubbe Protokol\u00fc: DH-SD1\/PELCO-D\/PELCO-P, vb.A\u011f ModuAray\u00fcz: RJ45DVR\/A\u011f Kubbesi:IP Adresi\/Ba\u011flant\u0131 Noktas\u0131\/ProtokolG\u00f6r\u00fcnt\u00fclemekLCD, 75,2 mm \u00d7 33,85 mmMaksimum Kullan\u0131c\u0131 Say\u0131s\u013164 (&#8220;y\u00f6netici&#8221; dahil)Maksimum RS485 Adresi (Her Kullan\u0131c\u0131)256A\u011f \u00dczerinden Eklenebilecek Maksimum PTZ (IPC) Say\u0131s\u0131 (Her Kullan\u0131c\u0131)2048\u00c7evreselG\u00fc\u00e7 kayna\u011f\u0131G\u00fc\u00e7&#8230;<\/p>\n","protected":false},"featured_media":125643,"comment_status":"open","ping_status":"closed","template":"","meta":{"_kad_post_transparent":"","_kad_post_title":"","_kad_post_layout":"","_kad_post_sidebar_id":"","_kad_post_content_style":"","_kad_post_vertical_padding":"","_kad_post_feature":"","_kad_post_feature_position":"","_kad_post_header":false,"_kad_post_footer":false,"_kad_post_classname":""},"product_brand":[],"product_cat":[15241],"product_tag":[],"class_list":{"0":"post-125644","1":"product","2":"type-product","3":"status-publish","4":"has-post-thumbnail","6":"product_cat-ev-guvenlik-urunleri-antre-hol-mobilya-ev-yasam-ev-guvenlik-urunleri","8":"first","9":"instock","10":"purchasable","11":"product-type-simple","12":"entry","13":"content-bg","14":"loop-entry"},"_links":{"self":[{"href":"https:\/\/www.hediyepazar.com\/index.php?rest_route=\/wp\/v2\/product\/125644","targetHints":{"allow":["GET"]}}],"collection":[{"href":"https:\/\/www.hediyepazar.com\/index.php?rest_route=\/wp\/v2\/product"}],"about":[{"href":"https:\/\/www.hediyepazar.com\/index.php?rest_route=\/wp\/v2\/types\/product"}],"replies":[{"embeddable":true,"href":"https:\/\/www.hediyepazar.com\/index.php?rest_route=%2Fwp%2Fv2%2Fcomments&post=125644"}],"wp:featuredmedia":[{"embeddable":true,"href":"https:\/\/www.hediyepazar.com\/index.php?rest_route=\/wp\/v2\/media\/125643"}],"wp:attachment":[{"href":"https:\/\/www.hediyepazar.com\/index.php?rest_route=%2Fwp%2Fv2%2Fmedia&parent=125644"}],"wp:term":[{"taxonomy":"product_brand","embeddable":true,"href":"https:\/\/www.hediyepazar.com\/index.php?rest_route=%2Fwp%2Fv2%2Fproduct_brand&post=125644"},{"taxonomy":"product_cat","embeddable":true,"href":"https:\/\/www.hediyepazar.com\/index.php?rest_route=%2Fwp%2Fv2%2Fproduct_cat&post=125644"},{"taxonomy":"product_tag","embeddable":true,"href":"https:\/\/www.hediyepazar.com\/index.php?rest_route=%2Fwp%2Fv2%2Fproduct_tag&post=125644"}],"curies":[{"name":"wp","href":"https:\/\/api.w.org\/{rel}","templated":true}]}}