{"id":125646,"date":"2026-05-06T18:33:04","date_gmt":"2026-05-06T21:33:04","guid":{"rendered":"https:\/\/www.hediyepazar.com\/?product=liteon-pe-1550-1sa1-12v-4-58a-55w-dc-adaptor1923"},"modified":"2026-05-06T18:33:04","modified_gmt":"2026-05-06T21:33:04","slug":"liteon-pe-1550-1sa1-12v-4-58a-55w-dc-adaptor1923","status":"publish","type":"product","link":"https:\/\/www.hediyepazar.com\/?product=liteon-pe-1550-1sa1-12v-4-58a-55w-dc-adaptor1923","title":{"rendered":"LITEON PE-1550-1SA1 12V 4.58A 55W DC ADAPT\u00d6R(1923)"},"content":{"rendered":"<p>LITEON PE-1550-1SA1, 12V DC ile \u00e7al\u0131\u015fan 55 W&#8217;l\u0131k bir g\u00fc\u00e7 adapt\u00f6r\u00fcd\u00fcr. Bu adapt\u00f6r, 12V DC ile \u00e7al\u0131\u015fan cihazlarda kullan\u0131labilir.\u00a0PE-1550-1SA1, a\u015fa\u011f\u0131daki \u00f6zelliklere sahiptir:Giri\u015f:\u00a0220-240 V AC, 50\/60 Hz\u00c7\u0131k\u0131\u015f:\u00a012 V DC, 4,58 AG\u00fc\u00e7:\u00a055 WJAC: 5.5&#215;2.5\u00a0<\/p>\n","protected":false},"excerpt":{"rendered":"<p>LITEON PE-1550-1SA1, 12V DC ile \u00e7al\u0131\u015fan 55 W&#8217;l\u0131k bir g\u00fc\u00e7 adapt\u00f6r\u00fcd\u00fcr. Bu adapt\u00f6r, 12V DC ile \u00e7al\u0131\u015fan cihazlarda kullan\u0131labilir.\u00a0PE-1550-1SA1, a\u015fa\u011f\u0131daki \u00f6zelliklere sahiptir:Giri\u015f:\u00a0220-240 V AC, 50\/60 Hz\u00c7\u0131k\u0131\u015f:\u00a012 V DC, 4,58 AG\u00fc\u00e7:\u00a055 WJAC: 5.5&#215;2.5\u00a0<\/p>\n","protected":false},"featured_media":125645,"comment_status":"open","ping_status":"closed","template":"","meta":{"_kad_post_transparent":"","_kad_post_title":"","_kad_post_layout":"","_kad_post_sidebar_id":"","_kad_post_content_style":"","_kad_post_vertical_padding":"","_kad_post_feature":"","_kad_post_feature_position":"","_kad_post_header":false,"_kad_post_footer":false,"_kad_post_classname":""},"product_brand":[],"product_cat":[15241],"product_tag":[],"class_list":{"0":"post-125646","1":"product","2":"type-product","3":"status-publish","4":"has-post-thumbnail","6":"product_cat-ev-guvenlik-urunleri-antre-hol-mobilya-ev-yasam-ev-guvenlik-urunleri","8":"first","9":"instock","10":"purchasable","11":"product-type-simple","12":"entry","13":"content-bg","14":"loop-entry"},"_links":{"self":[{"href":"https:\/\/www.hediyepazar.com\/index.php?rest_route=\/wp\/v2\/product\/125646","targetHints":{"allow":["GET"]}}],"collection":[{"href":"https:\/\/www.hediyepazar.com\/index.php?rest_route=\/wp\/v2\/product"}],"about":[{"href":"https:\/\/www.hediyepazar.com\/index.php?rest_route=\/wp\/v2\/types\/product"}],"replies":[{"embeddable":true,"href":"https:\/\/www.hediyepazar.com\/index.php?rest_route=%2Fwp%2Fv2%2Fcomments&post=125646"}],"wp:featuredmedia":[{"embeddable":true,"href":"https:\/\/www.hediyepazar.com\/index.php?rest_route=\/wp\/v2\/media\/125645"}],"wp:attachment":[{"href":"https:\/\/www.hediyepazar.com\/index.php?rest_route=%2Fwp%2Fv2%2Fmedia&parent=125646"}],"wp:term":[{"taxonomy":"product_brand","embeddable":true,"href":"https:\/\/www.hediyepazar.com\/index.php?rest_route=%2Fwp%2Fv2%2Fproduct_brand&post=125646"},{"taxonomy":"product_cat","embeddable":true,"href":"https:\/\/www.hediyepazar.com\/index.php?rest_route=%2Fwp%2Fv2%2Fproduct_cat&post=125646"},{"taxonomy":"product_tag","embeddable":true,"href":"https:\/\/www.hediyepazar.com\/index.php?rest_route=%2Fwp%2Fv2%2Fproduct_tag&post=125646"}],"curies":[{"name":"wp","href":"https:\/\/api.w.org\/{rel}","templated":true}]}}