{"id":125718,"date":"2026-05-06T18:43:05","date_gmt":"2026-05-06T21:43:05","guid":{"rendered":"https:\/\/www.hediyepazar.com\/?product=kablosuz-carplay-android-auto-adaptoru-otomatik-eslesme"},"modified":"2026-05-06T18:43:05","modified_gmt":"2026-05-06T21:43:05","slug":"kablosuz-carplay-android-auto-adaptoru-otomatik-eslesme","status":"publish","type":"product","link":"https:\/\/www.hediyepazar.com\/?product=kablosuz-carplay-android-auto-adaptoru-otomatik-eslesme","title":{"rendered":"Kablosuz CarPlay Android Auto Adapt\u00f6r\u00fc Otomatik E\u015fle\u015fme"},"content":{"rendered":"<p>Kablosuz CarPlay Android Auto adapt\u00f6r\u00fc, ara\u00e7 i\u00e7i teknolojiyi daha i\u015flevsel ve d\u00fczenli hale getirir. Kablo ihtiyac\u0131n\u0131 ortadan kald\u0131rarak daha temiz bir kokpit alan\u0131 sunar.Otomatik ba\u011flant\u0131 \u00f6zelli\u011fi, araca bindi\u011finiz anda sistemi aktif hale getirir. Zaman kaybetmeden s\u00fcr\u00fc\u015fe odaklanman\u0131z\u0131 sa\u011flar. Tak \u00e7al\u0131\u015ft\u0131r yap\u0131s\u0131 sayesinde teknik bilgi gerektirmez.D\u00fc\u015f\u00fck gecikmeli ba\u011flant\u0131, navigasyon ve medya uygulamalar\u0131nda y\u00fcksek performans sunar. Telefon g\u00f6r\u00fc\u015fmeleri ve mesaj bildirimleri g\u00fcvenli \u015fekilde ara\u00e7 ekran\u0131nda g\u00f6r\u00fcnt\u00fclenir.Hem iOS hem Android cihazlarla uyumlu olmas\u0131, \u00fcr\u00fcn\u00fc \u00e7ok y\u00f6nl\u00fc hale getirir. G\u00fcnl\u00fck kullan\u0131mda konfor, s\u00fcr\u00fc\u015fte g\u00fcvenlik ve teknolojide pratiklik sunar.<\/p>\n","protected":false},"excerpt":{"rendered":"<p>Kablosuz CarPlay Android Auto adapt\u00f6r\u00fc, ara\u00e7 i\u00e7i teknolojiyi daha i\u015flevsel ve d\u00fczenli hale getirir. Kablo ihtiyac\u0131n\u0131 ortadan kald\u0131rarak daha temiz bir kokpit alan\u0131 sunar.Otomatik ba\u011flant\u0131 \u00f6zelli\u011fi, araca bindi\u011finiz anda sistemi aktif hale getirir. Zaman kaybetmeden s\u00fcr\u00fc\u015fe odaklanman\u0131z\u0131 sa\u011flar. Tak \u00e7al\u0131\u015ft\u0131r yap\u0131s\u0131 sayesinde teknik bilgi gerektirmez.D\u00fc\u015f\u00fck gecikmeli ba\u011flant\u0131, navigasyon ve medya uygulamalar\u0131nda y\u00fcksek performans sunar. Telefon&#8230;<\/p>\n","protected":false},"featured_media":125717,"comment_status":"open","ping_status":"closed","template":"","meta":{"_kad_post_transparent":"","_kad_post_title":"","_kad_post_layout":"","_kad_post_sidebar_id":"","_kad_post_content_style":"","_kad_post_vertical_padding":"","_kad_post_feature":"","_kad_post_feature_position":"","_kad_post_header":false,"_kad_post_footer":false,"_kad_post_classname":""},"product_brand":[],"product_cat":[15020],"product_tag":[],"class_list":{"0":"post-125718","1":"product","2":"type-product","3":"status-publish","4":"has-post-thumbnail","6":"product_cat-bluetooth-arac-kiti-bluetooth-arac-kiti","8":"first","9":"instock","10":"purchasable","11":"product-type-simple","12":"entry","13":"content-bg","14":"loop-entry"},"_links":{"self":[{"href":"https:\/\/www.hediyepazar.com\/index.php?rest_route=\/wp\/v2\/product\/125718","targetHints":{"allow":["GET"]}}],"collection":[{"href":"https:\/\/www.hediyepazar.com\/index.php?rest_route=\/wp\/v2\/product"}],"about":[{"href":"https:\/\/www.hediyepazar.com\/index.php?rest_route=\/wp\/v2\/types\/product"}],"replies":[{"embeddable":true,"href":"https:\/\/www.hediyepazar.com\/index.php?rest_route=%2Fwp%2Fv2%2Fcomments&post=125718"}],"wp:featuredmedia":[{"embeddable":true,"href":"https:\/\/www.hediyepazar.com\/index.php?rest_route=\/wp\/v2\/media\/125717"}],"wp:attachment":[{"href":"https:\/\/www.hediyepazar.com\/index.php?rest_route=%2Fwp%2Fv2%2Fmedia&parent=125718"}],"wp:term":[{"taxonomy":"product_brand","embeddable":true,"href":"https:\/\/www.hediyepazar.com\/index.php?rest_route=%2Fwp%2Fv2%2Fproduct_brand&post=125718"},{"taxonomy":"product_cat","embeddable":true,"href":"https:\/\/www.hediyepazar.com\/index.php?rest_route=%2Fwp%2Fv2%2Fproduct_cat&post=125718"},{"taxonomy":"product_tag","embeddable":true,"href":"https:\/\/www.hediyepazar.com\/index.php?rest_route=%2Fwp%2Fv2%2Fproduct_tag&post=125718"}],"curies":[{"name":"wp","href":"https:\/\/api.w.org\/{rel}","templated":true}]}}