{"id":125722,"date":"2026-05-06T18:43:16","date_gmt":"2026-05-06T21:43:16","guid":{"rendered":"https:\/\/www.hediyepazar.com\/?product=arac-ici-kablosuz-carplay-android-auto-airplay-adaptoru"},"modified":"2026-05-06T18:43:16","modified_gmt":"2026-05-06T21:43:16","slug":"arac-ici-kablosuz-carplay-android-auto-airplay-adaptoru","status":"publish","type":"product","link":"https:\/\/www.hediyepazar.com\/?product=arac-ici-kablosuz-carplay-android-auto-airplay-adaptoru","title":{"rendered":"Ara\u00e7 \u0130\u00e7i Kablosuz CarPlay Android Auto AirPlay Adapt\u00f6r\u00fc"},"content":{"rendered":"<p>Bu kablosuz CarPlay ve Android Auto d\u00f6n\u00fc\u015ft\u00fcr\u00fcc\u00fc, s\u00fcr\u00fc\u015f s\u0131ras\u0131nda teknolojiyi daha g\u00fcvenli kullanabilmeniz i\u00e7in geli\u015ftirilmi\u015ftir. Telefonunuzu elinize almadan navigasyon, m\u00fczik ve arama \u00f6zelliklerini ara\u00e7 ekran\u0131ndan kontrol etmenize imkan tan\u0131r.Kurulum gerektirmeyen yap\u0131s\u0131 sayesinde \u00fcr\u00fcn\u00fc ba\u011flad\u0131ktan sonra hemen kullanmaya ba\u015flayabilirsiniz. Ara\u00e7 USB portuna tak\u0131lmas\u0131 yeterlidir. \u0130lk e\u015fle\u015fmeden sonra sistem otomatik olarak ba\u011flant\u0131 kurar ve zaman kazand\u0131r\u0131r.Ekran yans\u0131tma s\u0131ras\u0131nda d\u00fc\u015f\u00fck gecikme sunarak komutlar\u0131n\u0131za h\u0131zl\u0131 tepki verir. Navigasyon uygulamalar\u0131 sorunsuz \u00e7al\u0131\u015f\u0131r ve anl\u0131k y\u00f6nlendirmeler net \u015fekilde g\u00f6r\u00fcnt\u00fclenir. M\u00fczik ve medya uygulamalar\u0131 kesintisiz kullan\u0131m sa\u011flar.Sesli asistan deste\u011fi ile s\u00fcr\u00fc\u015f g\u00fcvenli\u011fi art\u0131r\u0131l\u0131r. Eller serbest kullan\u0131m sayesinde dikkatiniz yoldan ayr\u0131lmaz. G\u00fcnl\u00fck s\u00fcr\u00fc\u015fler, i\u015f yolculuklar\u0131 ve uzun seyahatler i\u00e7in ideal bir yard\u0131mc\u0131d\u0131r.Ara\u00e7 i\u00e7i multimedya deneyimini kablosuz hale getirmek isteyenler i\u00e7in pratik ve g\u00fcvenilir bir \u00e7\u00f6z\u00fcmd\u00fcr.<\/p>\n","protected":false},"excerpt":{"rendered":"<p>Bu kablosuz CarPlay ve Android Auto d\u00f6n\u00fc\u015ft\u00fcr\u00fcc\u00fc, s\u00fcr\u00fc\u015f s\u0131ras\u0131nda teknolojiyi daha g\u00fcvenli kullanabilmeniz i\u00e7in geli\u015ftirilmi\u015ftir. Telefonunuzu elinize almadan navigasyon, m\u00fczik ve arama \u00f6zelliklerini ara\u00e7 ekran\u0131ndan kontrol etmenize imkan tan\u0131r.Kurulum gerektirmeyen yap\u0131s\u0131 sayesinde \u00fcr\u00fcn\u00fc ba\u011flad\u0131ktan sonra hemen kullanmaya ba\u015flayabilirsiniz. Ara\u00e7 USB portuna tak\u0131lmas\u0131 yeterlidir. \u0130lk e\u015fle\u015fmeden sonra sistem otomatik olarak ba\u011flant\u0131 kurar ve zaman kazand\u0131r\u0131r.Ekran yans\u0131tma&#8230;<\/p>\n","protected":false},"featured_media":125721,"comment_status":"open","ping_status":"closed","template":"","meta":{"_kad_post_transparent":"","_kad_post_title":"","_kad_post_layout":"","_kad_post_sidebar_id":"","_kad_post_content_style":"","_kad_post_vertical_padding":"","_kad_post_feature":"","_kad_post_feature_position":"","_kad_post_header":false,"_kad_post_footer":false,"_kad_post_classname":""},"product_brand":[],"product_cat":[15020],"product_tag":[],"class_list":{"0":"post-125722","1":"product","2":"type-product","3":"status-publish","4":"has-post-thumbnail","6":"product_cat-bluetooth-arac-kiti-bluetooth-arac-kiti","8":"first","9":"instock","10":"purchasable","11":"product-type-simple","12":"entry","13":"content-bg","14":"loop-entry"},"_links":{"self":[{"href":"https:\/\/www.hediyepazar.com\/index.php?rest_route=\/wp\/v2\/product\/125722","targetHints":{"allow":["GET"]}}],"collection":[{"href":"https:\/\/www.hediyepazar.com\/index.php?rest_route=\/wp\/v2\/product"}],"about":[{"href":"https:\/\/www.hediyepazar.com\/index.php?rest_route=\/wp\/v2\/types\/product"}],"replies":[{"embeddable":true,"href":"https:\/\/www.hediyepazar.com\/index.php?rest_route=%2Fwp%2Fv2%2Fcomments&post=125722"}],"wp:featuredmedia":[{"embeddable":true,"href":"https:\/\/www.hediyepazar.com\/index.php?rest_route=\/wp\/v2\/media\/125721"}],"wp:attachment":[{"href":"https:\/\/www.hediyepazar.com\/index.php?rest_route=%2Fwp%2Fv2%2Fmedia&parent=125722"}],"wp:term":[{"taxonomy":"product_brand","embeddable":true,"href":"https:\/\/www.hediyepazar.com\/index.php?rest_route=%2Fwp%2Fv2%2Fproduct_brand&post=125722"},{"taxonomy":"product_cat","embeddable":true,"href":"https:\/\/www.hediyepazar.com\/index.php?rest_route=%2Fwp%2Fv2%2Fproduct_cat&post=125722"},{"taxonomy":"product_tag","embeddable":true,"href":"https:\/\/www.hediyepazar.com\/index.php?rest_route=%2Fwp%2Fv2%2Fproduct_tag&post=125722"}],"curies":[{"name":"wp","href":"https:\/\/api.w.org\/{rel}","templated":true}]}}