{"id":125742,"date":"2026-05-06T18:46:59","date_gmt":"2026-05-06T21:46:59","guid":{"rendered":"https:\/\/www.hediyepazar.com\/?product=cesitli-vidalama-isleri-icin-7li-tornavida-takimi"},"modified":"2026-05-06T18:46:59","modified_gmt":"2026-05-06T21:46:59","slug":"cesitli-vidalama-isleri-icin-7li-tornavida-takimi","status":"publish","type":"product","link":"https:\/\/www.hediyepazar.com\/?product=cesitli-vidalama-isleri-icin-7li-tornavida-takimi","title":{"rendered":"\u00c7e\u015fitli Vidalama \u0130\u015fleri \u0130\u00e7in 7li Tornavida Tak\u0131m\u0131"},"content":{"rendered":"<p>Bu tornavida seti, farkl\u0131 boyut ve tipteki vidalarla uyumlu olacak \u015fekilde tasarlanm\u0131\u015ft\u0131r. 4 d\u00fcz ve 3 y\u0131ld\u0131z u\u00e7tan olu\u015fan yap\u0131s\u0131 sayesinde tek bir set ile bir\u00e7ok i\u015fi kolayca halledebilirsiniz. Evde, i\u015f yerinde veya at\u00f6lyede g\u00fcvenle kullan\u0131labilir.Saplar\u0131n ergonomik tasar\u0131m\u0131, kullan\u0131m s\u0131ras\u0131nda rahatl\u0131k sa\u011flar. Elinize tam oturan yap\u0131s\u0131 sayesinde kayma riskini azalt\u0131r ve daha g\u00fcvenli bir \u00e7al\u0131\u015fma sunar. Bu \u00f6zellik, \u00f6zellikle uzun s\u00fcreli vidalama i\u015flemlerinde b\u00fcy\u00fck kolayl\u0131k sa\u011flar.D\u00fczenli kutu tasar\u0131m\u0131, setin ta\u015f\u0131nmas\u0131n\u0131 ve saklanmas\u0131n\u0131 kolayla\u015ft\u0131r\u0131r. Par\u00e7alar da\u011f\u0131lmadan muhafaza edilir ve ihtiya\u00e7 duyuldu\u011funda h\u0131zl\u0131ca eri\u015filebilir. Bu da \u00e7al\u0131\u015fma ortam\u0131nda d\u00fczen sa\u011flar.Geni\u015f kullan\u0131m alan\u0131 ve pratik yap\u0131s\u0131 ile bu set, hem amat\u00f6r hem de profesyonel kullan\u0131c\u0131lar i\u00e7in ideal bir tercihtir. Tamir ve montaj i\u015flerinde g\u00fcvenle kullan\u0131labilir.<\/p>\n","protected":false},"excerpt":{"rendered":"<p>Bu tornavida seti, farkl\u0131 boyut ve tipteki vidalarla uyumlu olacak \u015fekilde tasarlanm\u0131\u015ft\u0131r. 4 d\u00fcz ve 3 y\u0131ld\u0131z u\u00e7tan olu\u015fan yap\u0131s\u0131 sayesinde tek bir set ile bir\u00e7ok i\u015fi kolayca halledebilirsiniz. Evde, i\u015f yerinde veya at\u00f6lyede g\u00fcvenle kullan\u0131labilir.Saplar\u0131n ergonomik tasar\u0131m\u0131, kullan\u0131m s\u0131ras\u0131nda rahatl\u0131k sa\u011flar. Elinize tam oturan yap\u0131s\u0131 sayesinde kayma riskini azalt\u0131r ve daha g\u00fcvenli bir \u00e7al\u0131\u015fma&#8230;<\/p>\n","protected":false},"featured_media":125741,"comment_status":"open","ping_status":"closed","template":"","meta":{"_kad_post_transparent":"","_kad_post_title":"","_kad_post_layout":"","_kad_post_sidebar_id":"","_kad_post_content_style":"","_kad_post_vertical_padding":"","_kad_post_feature":"","_kad_post_feature_position":"","_kad_post_header":false,"_kad_post_footer":false,"_kad_post_classname":""},"product_brand":[],"product_cat":[15000],"product_tag":[],"class_list":{"0":"post-125742","1":"product","2":"type-product","3":"status-publish","4":"has-post-thumbnail","6":"product_cat-tornavida-tornavida-2","8":"first","9":"instock","10":"purchasable","11":"product-type-simple","12":"entry","13":"content-bg","14":"loop-entry"},"_links":{"self":[{"href":"https:\/\/www.hediyepazar.com\/index.php?rest_route=\/wp\/v2\/product\/125742","targetHints":{"allow":["GET"]}}],"collection":[{"href":"https:\/\/www.hediyepazar.com\/index.php?rest_route=\/wp\/v2\/product"}],"about":[{"href":"https:\/\/www.hediyepazar.com\/index.php?rest_route=\/wp\/v2\/types\/product"}],"replies":[{"embeddable":true,"href":"https:\/\/www.hediyepazar.com\/index.php?rest_route=%2Fwp%2Fv2%2Fcomments&post=125742"}],"wp:featuredmedia":[{"embeddable":true,"href":"https:\/\/www.hediyepazar.com\/index.php?rest_route=\/wp\/v2\/media\/125741"}],"wp:attachment":[{"href":"https:\/\/www.hediyepazar.com\/index.php?rest_route=%2Fwp%2Fv2%2Fmedia&parent=125742"}],"wp:term":[{"taxonomy":"product_brand","embeddable":true,"href":"https:\/\/www.hediyepazar.com\/index.php?rest_route=%2Fwp%2Fv2%2Fproduct_brand&post=125742"},{"taxonomy":"product_cat","embeddable":true,"href":"https:\/\/www.hediyepazar.com\/index.php?rest_route=%2Fwp%2Fv2%2Fproduct_cat&post=125742"},{"taxonomy":"product_tag","embeddable":true,"href":"https:\/\/www.hediyepazar.com\/index.php?rest_route=%2Fwp%2Fv2%2Fproduct_tag&post=125742"}],"curies":[{"name":"wp","href":"https:\/\/api.w.org\/{rel}","templated":true}]}}