{"id":125752,"date":"2026-05-06T18:48:00","date_gmt":"2026-05-06T21:48:00","guid":{"rendered":"https:\/\/www.hediyepazar.com\/?product=manuel-ayak-pompasi-extra-guclu-lastik-sisirme-pompasi"},"modified":"2026-05-06T18:48:00","modified_gmt":"2026-05-06T21:48:00","slug":"manuel-ayak-pompasi-extra-guclu-lastik-sisirme-pompasi","status":"publish","type":"product","link":"https:\/\/www.hediyepazar.com\/?product=manuel-ayak-pompasi-extra-guclu-lastik-sisirme-pompasi","title":{"rendered":"Manuel Ayak Pompas\u0131 Extra G\u00fc\u00e7l\u00fc Lastik \u015ei\u015firme Pompas\u0131"},"content":{"rendered":"<p>Manuel ayak pompas\u0131, lastik \u015fi\u015firme i\u015flemlerini h\u0131zl\u0131 ve zahmetsiz hale getirmek i\u00e7in geli\u015ftirilmi\u015ftir. Elektrik ba\u011flant\u0131s\u0131na ihtiya\u00e7 duymadan \u00e7al\u0131\u015fmas\u0131, \u00fcr\u00fcn\u00fc her ortamda kullan\u0131labilir k\u0131lar.Ayakla bas\u0131lan mekanizmas\u0131, hava bas\u0131nc\u0131n\u0131 dengeli \u015fekilde lasti\u011fe aktar\u0131r. Bu da g\u00fcvenli ve kontroll\u00fc bir \u015fi\u015firme sa\u011flar. Dayan\u0131kl\u0131 yap\u0131s\u0131 sayesinde uzun s\u00fcreli kullan\u0131m i\u00e7in uygundur.Kompakt tasar\u0131m\u0131, \u00fcr\u00fcn\u00fc kolay ta\u015f\u0131nabilir hale getirir. Ara\u00e7 bagaj\u0131nda veya garajda fazla yer kaplamaz. Sa\u011flam g\u00f6vdesi, darbelere kar\u015f\u0131 dayan\u0131kl\u0131d\u0131r.Otomobil, motosiklet ve bisiklet lastikleriyle uyumludur. Manuel ayak pompas\u0131 olmas\u0131, \u00fcr\u00fcn\u00fc kamp, yolculuk ve acil durumlar i\u00e7in ideal k\u0131lar.Fonksiyonel ve pratik bir kullan\u0131m sunan bu \u00fcr\u00fcn, lastik bak\u0131m\u0131nda g\u00fcvenilir bir yard\u0131mc\u0131d\u0131r.<\/p>\n","protected":false},"excerpt":{"rendered":"<p>Manuel ayak pompas\u0131, lastik \u015fi\u015firme i\u015flemlerini h\u0131zl\u0131 ve zahmetsiz hale getirmek i\u00e7in geli\u015ftirilmi\u015ftir. Elektrik ba\u011flant\u0131s\u0131na ihtiya\u00e7 duymadan \u00e7al\u0131\u015fmas\u0131, \u00fcr\u00fcn\u00fc her ortamda kullan\u0131labilir k\u0131lar.Ayakla bas\u0131lan mekanizmas\u0131, hava bas\u0131nc\u0131n\u0131 dengeli \u015fekilde lasti\u011fe aktar\u0131r. Bu da g\u00fcvenli ve kontroll\u00fc bir \u015fi\u015firme sa\u011flar. Dayan\u0131kl\u0131 yap\u0131s\u0131 sayesinde uzun s\u00fcreli kullan\u0131m i\u00e7in uygundur.Kompakt tasar\u0131m\u0131, \u00fcr\u00fcn\u00fc kolay ta\u015f\u0131nabilir hale getirir. Ara\u00e7 bagaj\u0131nda&#8230;<\/p>\n","protected":false},"featured_media":125751,"comment_status":"open","ping_status":"closed","template":"","meta":{"_kad_post_transparent":"","_kad_post_title":"","_kad_post_layout":"","_kad_post_sidebar_id":"","_kad_post_content_style":"","_kad_post_vertical_padding":"","_kad_post_feature":"","_kad_post_feature_position":"","_kad_post_header":false,"_kad_post_footer":false,"_kad_post_classname":""},"product_brand":[],"product_cat":[15053],"product_tag":[],"class_list":{"0":"post-125752","1":"product","2":"type-product","3":"status-publish","4":"has-post-thumbnail","6":"product_cat-oto-bakim-seti-oto-bakim-seti-2","8":"first","9":"instock","10":"purchasable","11":"product-type-simple","12":"entry","13":"content-bg","14":"loop-entry"},"_links":{"self":[{"href":"https:\/\/www.hediyepazar.com\/index.php?rest_route=\/wp\/v2\/product\/125752","targetHints":{"allow":["GET"]}}],"collection":[{"href":"https:\/\/www.hediyepazar.com\/index.php?rest_route=\/wp\/v2\/product"}],"about":[{"href":"https:\/\/www.hediyepazar.com\/index.php?rest_route=\/wp\/v2\/types\/product"}],"replies":[{"embeddable":true,"href":"https:\/\/www.hediyepazar.com\/index.php?rest_route=%2Fwp%2Fv2%2Fcomments&post=125752"}],"wp:featuredmedia":[{"embeddable":true,"href":"https:\/\/www.hediyepazar.com\/index.php?rest_route=\/wp\/v2\/media\/125751"}],"wp:attachment":[{"href":"https:\/\/www.hediyepazar.com\/index.php?rest_route=%2Fwp%2Fv2%2Fmedia&parent=125752"}],"wp:term":[{"taxonomy":"product_brand","embeddable":true,"href":"https:\/\/www.hediyepazar.com\/index.php?rest_route=%2Fwp%2Fv2%2Fproduct_brand&post=125752"},{"taxonomy":"product_cat","embeddable":true,"href":"https:\/\/www.hediyepazar.com\/index.php?rest_route=%2Fwp%2Fv2%2Fproduct_cat&post=125752"},{"taxonomy":"product_tag","embeddable":true,"href":"https:\/\/www.hediyepazar.com\/index.php?rest_route=%2Fwp%2Fv2%2Fproduct_tag&post=125752"}],"curies":[{"name":"wp","href":"https:\/\/api.w.org\/{rel}","templated":true}]}}