{"id":125760,"date":"2026-05-06T18:48:21","date_gmt":"2026-05-06T21:48:21","guid":{"rendered":"https:\/\/www.hediyepazar.com\/?product=ayarlanabilir-kiskacli-dikiz-aynasi-telefon-tutucu-tum-telefonlarla-uyumlu"},"modified":"2026-05-06T18:48:21","modified_gmt":"2026-05-06T21:48:21","slug":"ayarlanabilir-kiskacli-dikiz-aynasi-telefon-tutucu-tum-telefonlarla-uyumlu","status":"publish","type":"product","link":"https:\/\/www.hediyepazar.com\/?product=ayarlanabilir-kiskacli-dikiz-aynasi-telefon-tutucu-tum-telefonlarla-uyumlu","title":{"rendered":"Ayarlanabilir K\u0131ska\u00e7l\u0131 Dikiz Aynas\u0131 Telefon Tutucu T\u00fcm Telefonlarla Uyumlu"},"content":{"rendered":"<p>Ayarlanabilir k\u0131ska\u00e7l\u0131 dikiz aynas\u0131 telefon tutucu, ara\u00e7 i\u00e7erisinde telefon kullan\u0131m\u0131n\u0131 daha g\u00fcvenli ve konforlu hale getirir. \u00dcr\u00fcn, dikiz aynas\u0131 ile cam aras\u0131nda minimum 3\u20134 cm bo\u015fluk olan ara\u00e7larda kullan\u0131labilir.G\u00fc\u00e7l\u00fc k\u0131ska\u00e7 sistemi, aynaya sa\u011flam \u015fekilde tutunur ve s\u00fcr\u00fc\u015f esnas\u0131nda sars\u0131nt\u0131y\u0131 minimuma indirir. Uzun \u00f6m\u00fcrl\u00fc malzemeden \u00fcretilmi\u015ftir ve yo\u011fun kullan\u0131ma uygundur.Katlanabilir kol yap\u0131s\u0131 ve ayarlanabilir a\u00e7\u0131 fonksiyonu, telefonu istenilen konuma getirmeyi kolayla\u015ft\u0131r\u0131r. Navigasyon, m\u00fczik ve g\u00f6r\u00fc\u015fmeler i\u00e7in ideal bir kullan\u0131m sunar.Koltuk ba\u015fl\u0131klar\u0131na da tak\u0131labilen tasar\u0131m\u0131, arka koltukta \u00e7ocuklar i\u00e7in e\u011flenceli bir kullan\u0131m alan\u0131 olu\u015fturur.\u015e\u0131k ve sade tasar\u0131m\u0131 sayesinde arac\u0131n i\u00e7 g\u00f6r\u00fcn\u00fcm\u00fcn\u00fc bozmaz. T\u00fcm telefon modelleriyle uyumlu olmas\u0131, \u00fcr\u00fcn\u00fc evrensel bir ara\u00e7 aksesuar\u0131 haline getirir.<\/p>\n","protected":false},"excerpt":{"rendered":"<p>Ayarlanabilir k\u0131ska\u00e7l\u0131 dikiz aynas\u0131 telefon tutucu, ara\u00e7 i\u00e7erisinde telefon kullan\u0131m\u0131n\u0131 daha g\u00fcvenli ve konforlu hale getirir. \u00dcr\u00fcn, dikiz aynas\u0131 ile cam aras\u0131nda minimum 3\u20134 cm bo\u015fluk olan ara\u00e7larda kullan\u0131labilir.G\u00fc\u00e7l\u00fc k\u0131ska\u00e7 sistemi, aynaya sa\u011flam \u015fekilde tutunur ve s\u00fcr\u00fc\u015f esnas\u0131nda sars\u0131nt\u0131y\u0131 minimuma indirir. Uzun \u00f6m\u00fcrl\u00fc malzemeden \u00fcretilmi\u015ftir ve yo\u011fun kullan\u0131ma uygundur.Katlanabilir kol yap\u0131s\u0131 ve ayarlanabilir a\u00e7\u0131 fonksiyonu,&#8230;<\/p>\n","protected":false},"featured_media":125759,"comment_status":"open","ping_status":"closed","template":"","meta":{"_kad_post_transparent":"","_kad_post_title":"","_kad_post_layout":"","_kad_post_sidebar_id":"","_kad_post_content_style":"","_kad_post_vertical_padding":"","_kad_post_feature":"","_kad_post_feature_position":"","_kad_post_header":false,"_kad_post_footer":false,"_kad_post_classname":""},"product_brand":[],"product_cat":[14983],"product_tag":[],"class_list":{"0":"post-125760","1":"product","2":"type-product","3":"status-publish","4":"has-post-thumbnail","6":"product_cat-telefon-tutucu-telefon-tutucu","8":"first","9":"instock","10":"purchasable","11":"product-type-simple","12":"entry","13":"content-bg","14":"loop-entry"},"_links":{"self":[{"href":"https:\/\/www.hediyepazar.com\/index.php?rest_route=\/wp\/v2\/product\/125760","targetHints":{"allow":["GET"]}}],"collection":[{"href":"https:\/\/www.hediyepazar.com\/index.php?rest_route=\/wp\/v2\/product"}],"about":[{"href":"https:\/\/www.hediyepazar.com\/index.php?rest_route=\/wp\/v2\/types\/product"}],"replies":[{"embeddable":true,"href":"https:\/\/www.hediyepazar.com\/index.php?rest_route=%2Fwp%2Fv2%2Fcomments&post=125760"}],"wp:featuredmedia":[{"embeddable":true,"href":"https:\/\/www.hediyepazar.com\/index.php?rest_route=\/wp\/v2\/media\/125759"}],"wp:attachment":[{"href":"https:\/\/www.hediyepazar.com\/index.php?rest_route=%2Fwp%2Fv2%2Fmedia&parent=125760"}],"wp:term":[{"taxonomy":"product_brand","embeddable":true,"href":"https:\/\/www.hediyepazar.com\/index.php?rest_route=%2Fwp%2Fv2%2Fproduct_brand&post=125760"},{"taxonomy":"product_cat","embeddable":true,"href":"https:\/\/www.hediyepazar.com\/index.php?rest_route=%2Fwp%2Fv2%2Fproduct_cat&post=125760"},{"taxonomy":"product_tag","embeddable":true,"href":"https:\/\/www.hediyepazar.com\/index.php?rest_route=%2Fwp%2Fv2%2Fproduct_tag&post=125760"}],"curies":[{"name":"wp","href":"https:\/\/api.w.org\/{rel}","templated":true}]}}