{"id":125770,"date":"2026-05-06T18:50:57","date_gmt":"2026-05-06T21:50:57","guid":{"rendered":"https:\/\/www.hediyepazar.com\/?product=yaprak-sekilli-gumus-led-isik-pilli-dekoratif-aydinlatma"},"modified":"2026-05-06T18:50:57","modified_gmt":"2026-05-06T21:50:57","slug":"yaprak-sekilli-gumus-led-isik-pilli-dekoratif-aydinlatma","status":"publish","type":"product","link":"https:\/\/www.hediyepazar.com\/?product=yaprak-sekilli-gumus-led-isik-pilli-dekoratif-aydinlatma","title":{"rendered":"Yaprak \u015eekilli G\u00fcm\u00fc\u015f LED I\u015f\u0131k Pilli Dekoratif Ayd\u0131nlatma"},"content":{"rendered":"<p>Yaprak \u015fekilli g\u00fcm\u00fc\u015f LED \u0131\u015f\u0131k, ev dekorasyonunda estetik detaylara \u00f6nem verenler i\u00e7in \u00f6zel olarak \u00fcretilmi\u015ftir. \u0130nce yaprak tasar\u0131m\u0131, \u00fcr\u00fcne zarif bir g\u00f6r\u00fcn\u00fcm kazand\u0131r\u0131r ve bulundu\u011fu ortamda dikkat \u00e7ekici bir atmosfer olu\u015fturur.Pilli \u00e7al\u0131\u015fma sistemi sayesinde elektrik ba\u011flant\u0131s\u0131na gerek duymaz. Bu da \u00fcr\u00fcn\u00fc raf, vitrin, masa, pencere ve duvar dekorasyonlar\u0131nda kullanmay\u0131 olduk\u00e7a kolayla\u015ft\u0131r\u0131r. Kablo karma\u015fas\u0131 olmadan temiz ve d\u00fczenli bir g\u00f6r\u00fcn\u00fcm sunar.S\u0131cak LED \u0131\u015f\u0131\u011f\u0131, ortam\u0131n daha huzurlu ve davetk\u00e2r olmas\u0131n\u0131 sa\u011flar. \u00d6zellikle ak\u015fam saatlerinde evin genel ambiyans\u0131n\u0131 yumu\u015fat\u0131r. Y\u0131lba\u015f\u0131 ve \u00f6zel g\u00fcn dekorasyonlar\u0131nda da s\u0131kl\u0131kla tercih edilir.G\u00fcm\u00fc\u015f tonlar\u0131, modern dekorasyon stilleriyle uyum sa\u011flarken klasik dekorlarda da \u015f\u0131k bir tamamlay\u0131c\u0131 olarak kullan\u0131labilir. \u00dcr\u00fcn, a\u00e7\u0131k veya kapal\u0131 haldeyken estetik g\u00f6r\u00fcn\u00fcm\u00fcn\u00fc korur.Dekoratif g\u00fcm\u00fc\u015f yaprak LED \u0131\u015f\u0131k, hem g\u00fcnl\u00fck kullan\u0131m hem de \u00f6zel g\u00fcnler i\u00e7in fonksiyonel ve \u015f\u0131k bir ayd\u0131nlatma \u00e7\u00f6z\u00fcm\u00fcd\u00fcr.<\/p>\n","protected":false},"excerpt":{"rendered":"<p>Yaprak \u015fekilli g\u00fcm\u00fc\u015f LED \u0131\u015f\u0131k, ev dekorasyonunda estetik detaylara \u00f6nem verenler i\u00e7in \u00f6zel olarak \u00fcretilmi\u015ftir. \u0130nce yaprak tasar\u0131m\u0131, \u00fcr\u00fcne zarif bir g\u00f6r\u00fcn\u00fcm kazand\u0131r\u0131r ve bulundu\u011fu ortamda dikkat \u00e7ekici bir atmosfer olu\u015fturur.Pilli \u00e7al\u0131\u015fma sistemi sayesinde elektrik ba\u011flant\u0131s\u0131na gerek duymaz. Bu da \u00fcr\u00fcn\u00fc raf, vitrin, masa, pencere ve duvar dekorasyonlar\u0131nda kullanmay\u0131 olduk\u00e7a kolayla\u015ft\u0131r\u0131r. Kablo karma\u015fas\u0131 olmadan temiz&#8230;<\/p>\n","protected":false},"featured_media":125769,"comment_status":"open","ping_status":"closed","template":"","meta":{"_kad_post_transparent":"","_kad_post_title":"","_kad_post_layout":"","_kad_post_sidebar_id":"","_kad_post_content_style":"","_kad_post_vertical_padding":"","_kad_post_feature":"","_kad_post_feature_position":"","_kad_post_header":false,"_kad_post_footer":false,"_kad_post_classname":""},"product_brand":[],"product_cat":[14933],"product_tag":[],"class_list":{"0":"post-125770","1":"product","2":"type-product","3":"status-publish","4":"has-post-thumbnail","6":"product_cat-led-isik-led-isik","8":"first","9":"instock","10":"purchasable","11":"product-type-simple","12":"entry","13":"content-bg","14":"loop-entry"},"_links":{"self":[{"href":"https:\/\/www.hediyepazar.com\/index.php?rest_route=\/wp\/v2\/product\/125770","targetHints":{"allow":["GET"]}}],"collection":[{"href":"https:\/\/www.hediyepazar.com\/index.php?rest_route=\/wp\/v2\/product"}],"about":[{"href":"https:\/\/www.hediyepazar.com\/index.php?rest_route=\/wp\/v2\/types\/product"}],"replies":[{"embeddable":true,"href":"https:\/\/www.hediyepazar.com\/index.php?rest_route=%2Fwp%2Fv2%2Fcomments&post=125770"}],"wp:featuredmedia":[{"embeddable":true,"href":"https:\/\/www.hediyepazar.com\/index.php?rest_route=\/wp\/v2\/media\/125769"}],"wp:attachment":[{"href":"https:\/\/www.hediyepazar.com\/index.php?rest_route=%2Fwp%2Fv2%2Fmedia&parent=125770"}],"wp:term":[{"taxonomy":"product_brand","embeddable":true,"href":"https:\/\/www.hediyepazar.com\/index.php?rest_route=%2Fwp%2Fv2%2Fproduct_brand&post=125770"},{"taxonomy":"product_cat","embeddable":true,"href":"https:\/\/www.hediyepazar.com\/index.php?rest_route=%2Fwp%2Fv2%2Fproduct_cat&post=125770"},{"taxonomy":"product_tag","embeddable":true,"href":"https:\/\/www.hediyepazar.com\/index.php?rest_route=%2Fwp%2Fv2%2Fproduct_tag&post=125770"}],"curies":[{"name":"wp","href":"https:\/\/api.w.org\/{rel}","templated":true}]}}