{"id":125790,"date":"2026-05-06T18:52:36","date_gmt":"2026-05-06T21:52:36","guid":{"rendered":"https:\/\/www.hediyepazar.com\/?product=pilli-minareli-hilal-led-isik-gold-metal-ramazan-dekorasyonu"},"modified":"2026-05-06T18:52:36","modified_gmt":"2026-05-06T21:52:36","slug":"pilli-minareli-hilal-led-isik-gold-metal-ramazan-dekorasyonu","status":"publish","type":"product","link":"https:\/\/www.hediyepazar.com\/?product=pilli-minareli-hilal-led-isik-gold-metal-ramazan-dekorasyonu","title":{"rendered":"Pilli Minareli Hilal LED I\u015f\u0131k Gold Metal Ramazan Dekorasyonu"},"content":{"rendered":"<p>Ramazan ay\u0131n\u0131n manevi atmosferini ya\u015fam alanlar\u0131n\u0131za ta\u015f\u0131yan minareli hilal LED \u0131\u015f\u0131k, gold renk metal g\u00f6vdesiyle dekorasyonunuza zarif bir dokunu\u015f katar. Hilal formu i\u00e7erisinde yer alan minare detay\u0131, geleneksel Ramazan sembollerini estetik bir tasar\u0131mla birle\u015ftirir.G\u00fcn\u0131\u015f\u0131\u011f\u0131 sar\u0131 LED \u0131\u015f\u0131k rengi, s\u0131cak ve huzurlu bir ayd\u0131nlatma sa\u011flar. \u0130ftar sofralar\u0131nda, salon ve vitrinlerde yumu\u015fak bir ambiyans olu\u015fturur. I\u015f\u0131\u011f\u0131n homojen da\u011f\u0131l\u0131m\u0131 sayesinde hem dekoratif hem de tamamlay\u0131c\u0131 bir ayd\u0131nlatma \u00fcr\u00fcn\u00fc olarak kullan\u0131labilir.Pilli kullan\u0131m \u00f6zelli\u011fi, \u00fcr\u00fcn\u00fc olduk\u00e7a esnek hale getirir. 2 adet AA pil ile \u00e7al\u0131\u015fan sistem sayesinde priz ihtiyac\u0131 olmadan her alanda rahatl\u0131kla kullan\u0131labilir. Ta\u015f\u0131nabilir yap\u0131s\u0131 sayesinde dekorasyon d\u00fczenine kolayca uyum sa\u011flar.Metal g\u00f6vdeli yap\u0131s\u0131, \u00fcr\u00fcne sa\u011flaml\u0131k ve uzun \u00f6m\u00fcr kazand\u0131r\u0131r. Plastik \u00fcr\u00fcnlere g\u00f6re daha tok bir duru\u015f sunar ve kaliteli bir hissiyat olu\u015fturur. Ramazan dekorasyonu, pilli Ramazan s\u00fcsleri ve metal LED \u0131\u015f\u0131k arayanlar i\u00e7in ideal bir se\u00e7imdir.<\/p>\n","protected":false},"excerpt":{"rendered":"<p>Ramazan ay\u0131n\u0131n manevi atmosferini ya\u015fam alanlar\u0131n\u0131za ta\u015f\u0131yan minareli hilal LED \u0131\u015f\u0131k, gold renk metal g\u00f6vdesiyle dekorasyonunuza zarif bir dokunu\u015f katar. Hilal formu i\u00e7erisinde yer alan minare detay\u0131, geleneksel Ramazan sembollerini estetik bir tasar\u0131mla birle\u015ftirir.G\u00fcn\u0131\u015f\u0131\u011f\u0131 sar\u0131 LED \u0131\u015f\u0131k rengi, s\u0131cak ve huzurlu bir ayd\u0131nlatma sa\u011flar. \u0130ftar sofralar\u0131nda, salon ve vitrinlerde yumu\u015fak bir ambiyans olu\u015fturur. I\u015f\u0131\u011f\u0131n homojen&#8230;<\/p>\n","protected":false},"featured_media":125789,"comment_status":"open","ping_status":"closed","template":"","meta":{"_kad_post_transparent":"","_kad_post_title":"","_kad_post_layout":"","_kad_post_sidebar_id":"","_kad_post_content_style":"","_kad_post_vertical_padding":"","_kad_post_feature":"","_kad_post_feature_position":"","_kad_post_header":false,"_kad_post_footer":false,"_kad_post_classname":""},"product_brand":[],"product_cat":[14933],"product_tag":[],"class_list":{"0":"post-125790","1":"product","2":"type-product","3":"status-publish","4":"has-post-thumbnail","6":"product_cat-led-isik-led-isik","8":"first","9":"instock","10":"purchasable","11":"product-type-simple","12":"entry","13":"content-bg","14":"loop-entry"},"_links":{"self":[{"href":"https:\/\/www.hediyepazar.com\/index.php?rest_route=\/wp\/v2\/product\/125790","targetHints":{"allow":["GET"]}}],"collection":[{"href":"https:\/\/www.hediyepazar.com\/index.php?rest_route=\/wp\/v2\/product"}],"about":[{"href":"https:\/\/www.hediyepazar.com\/index.php?rest_route=\/wp\/v2\/types\/product"}],"replies":[{"embeddable":true,"href":"https:\/\/www.hediyepazar.com\/index.php?rest_route=%2Fwp%2Fv2%2Fcomments&post=125790"}],"wp:featuredmedia":[{"embeddable":true,"href":"https:\/\/www.hediyepazar.com\/index.php?rest_route=\/wp\/v2\/media\/125789"}],"wp:attachment":[{"href":"https:\/\/www.hediyepazar.com\/index.php?rest_route=%2Fwp%2Fv2%2Fmedia&parent=125790"}],"wp:term":[{"taxonomy":"product_brand","embeddable":true,"href":"https:\/\/www.hediyepazar.com\/index.php?rest_route=%2Fwp%2Fv2%2Fproduct_brand&post=125790"},{"taxonomy":"product_cat","embeddable":true,"href":"https:\/\/www.hediyepazar.com\/index.php?rest_route=%2Fwp%2Fv2%2Fproduct_cat&post=125790"},{"taxonomy":"product_tag","embeddable":true,"href":"https:\/\/www.hediyepazar.com\/index.php?rest_route=%2Fwp%2Fv2%2Fproduct_tag&post=125790"}],"curies":[{"name":"wp","href":"https:\/\/api.w.org\/{rel}","templated":true}]}}