{"id":125802,"date":"2026-05-06T18:53:31","date_gmt":"2026-05-06T21:53:31","guid":{"rendered":"https:\/\/www.hediyepazar.com\/?product=coklu-cihaz-uyumlu-kablosuz-klavye-mouse-seti-aydinlatmali"},"modified":"2026-05-06T18:53:31","modified_gmt":"2026-05-06T21:53:31","slug":"coklu-cihaz-uyumlu-kablosuz-klavye-mouse-seti-aydinlatmali","status":"publish","type":"product","link":"https:\/\/www.hediyepazar.com\/?product=coklu-cihaz-uyumlu-kablosuz-klavye-mouse-seti-aydinlatmali","title":{"rendered":"\u00c7oklu Cihaz Uyumlu Kablosuz Klavye Mouse Seti Ayd\u0131nlatmal\u0131"},"content":{"rendered":"<p>G\u00fcnl\u00fck kullan\u0131m ve profesyonel ihtiya\u00e7lar i\u00e7in tasarlanan bu klavye mouse seti, \u00fcretici garantisiyle desteklenen g\u00fcvenilir bir \u00fcr\u00fcnd\u00fcr. 2 y\u0131l garanti s\u00fcresi, kullan\u0131c\u0131lar\u0131n \u00fcr\u00fcn\u00fc g\u00f6n\u00fcl rahatl\u0131\u011f\u0131yla tercih etmesini sa\u011flar.T\u00fcrk\u00e7e Q klavye d\u00fczeni, h\u0131zl\u0131 ve do\u011fru yaz\u0131m imkan\u0131 sunar. Tu\u015flar\u0131n dengeli yap\u0131s\u0131, uzun s\u00fcreli kullan\u0131mlarda konfor sa\u011flar. Sessiz tu\u015f bas\u0131m\u0131, \u00f6zellikle ofis ve ev ortamlar\u0131nda avantaj yarat\u0131r.Ayd\u0131nlatmal\u0131 tu\u015flar, d\u00fc\u015f\u00fck \u0131\u015f\u0131kta \u00e7al\u0131\u015fmay\u0131 kolayla\u015ft\u0131r\u0131r. Gece veya lo\u015f ortamlarda tu\u015flar\u0131 rahat\u00e7a g\u00f6rmenizi sa\u011flar. Ayn\u0131 zamanda modern ve dikkat \u00e7ekici bir g\u00f6r\u00fcn\u00fcm kazand\u0131r\u0131r.Bluetooth ba\u011flant\u0131s\u0131, kablosuz kullan\u0131m avantaj\u0131 sunar. Kablo kalabal\u0131\u011f\u0131n\u0131 ortadan kald\u0131rarak daha d\u00fczenli bir masa alan\u0131 olu\u015fturur. Ta\u015f\u0131nabilir yap\u0131s\u0131 sayesinde farkl\u0131 alanlarda kullan\u0131ma uygundur.T\u00fcm cihazlarla uyumlu olmas\u0131, farkl\u0131 platformlar aras\u0131nda ge\u00e7i\u015f yaparak kesintisiz bir deneyim ya\u015faman\u0131z\u0131 sa\u011flar. G\u00fcnl\u00fck kullan\u0131mda pratiklik arayanlar i\u00e7in ideal bir settir.<\/p>\n","protected":false},"excerpt":{"rendered":"<p>G\u00fcnl\u00fck kullan\u0131m ve profesyonel ihtiya\u00e7lar i\u00e7in tasarlanan bu klavye mouse seti, \u00fcretici garantisiyle desteklenen g\u00fcvenilir bir \u00fcr\u00fcnd\u00fcr. 2 y\u0131l garanti s\u00fcresi, kullan\u0131c\u0131lar\u0131n \u00fcr\u00fcn\u00fc g\u00f6n\u00fcl rahatl\u0131\u011f\u0131yla tercih etmesini sa\u011flar.T\u00fcrk\u00e7e Q klavye d\u00fczeni, h\u0131zl\u0131 ve do\u011fru yaz\u0131m imkan\u0131 sunar. Tu\u015flar\u0131n dengeli yap\u0131s\u0131, uzun s\u00fcreli kullan\u0131mlarda konfor sa\u011flar. Sessiz tu\u015f bas\u0131m\u0131, \u00f6zellikle ofis ve ev ortamlar\u0131nda avantaj yarat\u0131r.Ayd\u0131nlatmal\u0131&#8230;<\/p>\n","protected":false},"featured_media":125801,"comment_status":"open","ping_status":"closed","template":"","meta":{"_kad_post_transparent":"","_kad_post_title":"","_kad_post_layout":"","_kad_post_sidebar_id":"","_kad_post_content_style":"","_kad_post_vertical_padding":"","_kad_post_feature":"","_kad_post_feature_position":"","_kad_post_header":false,"_kad_post_footer":false,"_kad_post_classname":""},"product_brand":[],"product_cat":[14913],"product_tag":[],"class_list":{"0":"post-125802","1":"product","2":"type-product","3":"status-publish","4":"has-post-thumbnail","6":"product_cat-klavye-klavye-2","8":"first","9":"instock","10":"purchasable","11":"product-type-simple","12":"entry","13":"content-bg","14":"loop-entry"},"_links":{"self":[{"href":"https:\/\/www.hediyepazar.com\/index.php?rest_route=\/wp\/v2\/product\/125802","targetHints":{"allow":["GET"]}}],"collection":[{"href":"https:\/\/www.hediyepazar.com\/index.php?rest_route=\/wp\/v2\/product"}],"about":[{"href":"https:\/\/www.hediyepazar.com\/index.php?rest_route=\/wp\/v2\/types\/product"}],"replies":[{"embeddable":true,"href":"https:\/\/www.hediyepazar.com\/index.php?rest_route=%2Fwp%2Fv2%2Fcomments&post=125802"}],"wp:featuredmedia":[{"embeddable":true,"href":"https:\/\/www.hediyepazar.com\/index.php?rest_route=\/wp\/v2\/media\/125801"}],"wp:attachment":[{"href":"https:\/\/www.hediyepazar.com\/index.php?rest_route=%2Fwp%2Fv2%2Fmedia&parent=125802"}],"wp:term":[{"taxonomy":"product_brand","embeddable":true,"href":"https:\/\/www.hediyepazar.com\/index.php?rest_route=%2Fwp%2Fv2%2Fproduct_brand&post=125802"},{"taxonomy":"product_cat","embeddable":true,"href":"https:\/\/www.hediyepazar.com\/index.php?rest_route=%2Fwp%2Fv2%2Fproduct_cat&post=125802"},{"taxonomy":"product_tag","embeddable":true,"href":"https:\/\/www.hediyepazar.com\/index.php?rest_route=%2Fwp%2Fv2%2Fproduct_tag&post=125802"}],"curies":[{"name":"wp","href":"https:\/\/api.w.org\/{rel}","templated":true}]}}