{"id":125806,"date":"2026-05-06T18:54:08","date_gmt":"2026-05-06T21:54:08","guid":{"rendered":"https:\/\/www.hediyepazar.com\/?product=kablosuz-aydinlatmali-klavye-mouse-seti-turkce-q-tus-dizilimi"},"modified":"2026-05-06T18:54:08","modified_gmt":"2026-05-06T21:54:08","slug":"kablosuz-aydinlatmali-klavye-mouse-seti-turkce-q-tus-dizilimi","status":"publish","type":"product","link":"https:\/\/www.hediyepazar.com\/?product=kablosuz-aydinlatmali-klavye-mouse-seti-turkce-q-tus-dizilimi","title":{"rendered":"Kablosuz Ayd\u0131nlatmal\u0131 Klavye Mouse Seti T\u00fcrk\u00e7e Q Tu\u015f Dizilimi"},"content":{"rendered":"<p>Modern kullan\u0131c\u0131 ihtiya\u00e7lar\u0131 d\u00fc\u015f\u00fcn\u00fclerek tasarlanan bu ayd\u0131nlatmal\u0131 klavye mouse seti, \u00fcretici garantisiyle desteklenen g\u00fcvenli bir \u00fcr\u00fcnd\u00fcr. 2 y\u0131l boyunca garanti kapsam\u0131nda olmas\u0131, kullan\u0131c\u0131ya uzun s\u00fcreli ve sorunsuz bir deneyim sunar. Sa\u011flam yap\u0131s\u0131 sayesinde yo\u011fun kullan\u0131mda bile performans\u0131ndan \u00f6d\u00fcn vermez.T\u00fcrk\u00e7e Q klavye d\u00fczeni, yaz\u0131 yazmay\u0131 daha ak\u0131c\u0131 ve h\u0131zl\u0131 hale getirir. Tu\u015flar\u0131n ergonomik yerle\u015fimi, el ve parmak yorgunlu\u011funu azaltarak konforlu bir kullan\u0131m sa\u011flar. Sessiz tu\u015f yap\u0131s\u0131, ofis ve ev ortamlar\u0131nda rahats\u0131zl\u0131k yaratmadan \u00e7al\u0131\u015fman\u0131za imkan tan\u0131r.Ayd\u0131nlatmal\u0131 tu\u015flar, \u00f6zellikle karanl\u0131k veya d\u00fc\u015f\u00fck \u0131\u015f\u0131kl\u0131 ortamlarda b\u00fcy\u00fck avantaj sa\u011flar. Tu\u015flar\u0131n net bir \u015fekilde g\u00f6r\u00fcnmesi, yaz\u0131m hatalar\u0131n\u0131 azalt\u0131r ve kullan\u0131c\u0131 deneyimini iyile\u015ftirir. Ayn\u0131 zamanda estetik bir masa d\u00fczeni olu\u015fturman\u0131za yard\u0131mc\u0131 olur.Bluetooth kablosuz ba\u011flant\u0131 \u00f6zelli\u011fi, \u00f6zg\u00fcr bir kullan\u0131m alan\u0131 sunar. Kablo derdi olmadan rahat\u00e7a \u00e7al\u0131\u015fabilir, masa d\u00fczeninizi diledi\u011finiz gibi organize edebilirsiniz. Ta\u015f\u0131nabilir yap\u0131s\u0131 sayesinde farkl\u0131 ortamlarda kolayl\u0131kla kullan\u0131labilir.T\u00fcm cihazlarla uyumlu olmas\u0131, bu klavye mouse setini \u00e7ok y\u00f6nl\u00fc bir \u00fcr\u00fcn haline getirir. Farkl\u0131 cihazlar aras\u0131nda ge\u00e7i\u015f yaparak kesintisiz bir kullan\u0131m deneyimi elde edebilirsiniz. G\u00fcnl\u00fck i\u015fler, e\u011fitim ve ofis kullan\u0131m\u0131 i\u00e7in ideal bir tercihtir.<\/p>\n","protected":false},"excerpt":{"rendered":"<p>Modern kullan\u0131c\u0131 ihtiya\u00e7lar\u0131 d\u00fc\u015f\u00fcn\u00fclerek tasarlanan bu ayd\u0131nlatmal\u0131 klavye mouse seti, \u00fcretici garantisiyle desteklenen g\u00fcvenli bir \u00fcr\u00fcnd\u00fcr. 2 y\u0131l boyunca garanti kapsam\u0131nda olmas\u0131, kullan\u0131c\u0131ya uzun s\u00fcreli ve sorunsuz bir deneyim sunar. Sa\u011flam yap\u0131s\u0131 sayesinde yo\u011fun kullan\u0131mda bile performans\u0131ndan \u00f6d\u00fcn vermez.T\u00fcrk\u00e7e Q klavye d\u00fczeni, yaz\u0131 yazmay\u0131 daha ak\u0131c\u0131 ve h\u0131zl\u0131 hale getirir. Tu\u015flar\u0131n ergonomik yerle\u015fimi, el ve&#8230;<\/p>\n","protected":false},"featured_media":125805,"comment_status":"open","ping_status":"closed","template":"","meta":{"_kad_post_transparent":"","_kad_post_title":"","_kad_post_layout":"","_kad_post_sidebar_id":"","_kad_post_content_style":"","_kad_post_vertical_padding":"","_kad_post_feature":"","_kad_post_feature_position":"","_kad_post_header":false,"_kad_post_footer":false,"_kad_post_classname":""},"product_brand":[],"product_cat":[14913],"product_tag":[],"class_list":{"0":"post-125806","1":"product","2":"type-product","3":"status-publish","4":"has-post-thumbnail","6":"product_cat-klavye-klavye-2","8":"first","9":"instock","10":"purchasable","11":"product-type-simple","12":"entry","13":"content-bg","14":"loop-entry"},"_links":{"self":[{"href":"https:\/\/www.hediyepazar.com\/index.php?rest_route=\/wp\/v2\/product\/125806","targetHints":{"allow":["GET"]}}],"collection":[{"href":"https:\/\/www.hediyepazar.com\/index.php?rest_route=\/wp\/v2\/product"}],"about":[{"href":"https:\/\/www.hediyepazar.com\/index.php?rest_route=\/wp\/v2\/types\/product"}],"replies":[{"embeddable":true,"href":"https:\/\/www.hediyepazar.com\/index.php?rest_route=%2Fwp%2Fv2%2Fcomments&post=125806"}],"wp:featuredmedia":[{"embeddable":true,"href":"https:\/\/www.hediyepazar.com\/index.php?rest_route=\/wp\/v2\/media\/125805"}],"wp:attachment":[{"href":"https:\/\/www.hediyepazar.com\/index.php?rest_route=%2Fwp%2Fv2%2Fmedia&parent=125806"}],"wp:term":[{"taxonomy":"product_brand","embeddable":true,"href":"https:\/\/www.hediyepazar.com\/index.php?rest_route=%2Fwp%2Fv2%2Fproduct_brand&post=125806"},{"taxonomy":"product_cat","embeddable":true,"href":"https:\/\/www.hediyepazar.com\/index.php?rest_route=%2Fwp%2Fv2%2Fproduct_cat&post=125806"},{"taxonomy":"product_tag","embeddable":true,"href":"https:\/\/www.hediyepazar.com\/index.php?rest_route=%2Fwp%2Fv2%2Fproduct_tag&post=125806"}],"curies":[{"name":"wp","href":"https:\/\/api.w.org\/{rel}","templated":true}]}}