{"id":125831,"date":"2026-05-06T18:59:03","date_gmt":"2026-05-06T21:59:03","guid":{"rendered":"https:\/\/www.hediyepazar.com\/?product=hassas-olcum-saglayan-parmak-ucu-oksimetresi-tasinabilir"},"modified":"2026-05-06T18:59:03","modified_gmt":"2026-05-06T21:59:03","slug":"hassas-olcum-saglayan-parmak-ucu-oksimetresi-tasinabilir","status":"publish","type":"product","link":"https:\/\/www.hediyepazar.com\/?product=hassas-olcum-saglayan-parmak-ucu-oksimetresi-tasinabilir","title":{"rendered":"Hassas \u00d6l\u00e7\u00fcm Sa\u011flayan Parmak Ucu Oksimetresi Ta\u015f\u0131nabilir"},"content":{"rendered":"<p>Parmak tipi oksimetre, h\u0131zl\u0131 \u00f6l\u00e7\u00fcm ve ta\u015f\u0131nabilirlik \u00f6zellikleriyle \u00f6ne \u00e7\u0131kar. Parmak ucundan \u00f6l\u00e7\u00fcm alarak oksijen seviyesini net \u015fekilde g\u00f6sterir. Kullan\u0131m\u0131 kolay yap\u0131s\u0131 sayesinde her ya\u015ftan kullan\u0131c\u0131 rahatl\u0131kla kullanabilir.Hassas sens\u00f6rleri sayesinde do\u011fru \u00f6l\u00e7\u00fcm sonu\u00e7lar\u0131 elde edilir. D\u00fczenli sa\u011fl\u0131k takibi yapmak isteyenler i\u00e7in ideal bir \u00fcr\u00fcnd\u00fcr.Hafif tasar\u0131m\u0131, ta\u015f\u0131ma kolayl\u0131\u011f\u0131 sa\u011flar. Evde veya d\u0131\u015far\u0131da kullan\u0131m i\u00e7in uygundur. Kompakt boyutu sayesinde fazla yer kaplamaz.G\u00fcvenilir sonu\u00e7lar sunan yap\u0131s\u0131 ile pratik ve etkili bir sa\u011fl\u0131k takip cihaz\u0131d\u0131r.<\/p>\n","protected":false},"excerpt":{"rendered":"<p>Parmak tipi oksimetre, h\u0131zl\u0131 \u00f6l\u00e7\u00fcm ve ta\u015f\u0131nabilirlik \u00f6zellikleriyle \u00f6ne \u00e7\u0131kar. Parmak ucundan \u00f6l\u00e7\u00fcm alarak oksijen seviyesini net \u015fekilde g\u00f6sterir. Kullan\u0131m\u0131 kolay yap\u0131s\u0131 sayesinde her ya\u015ftan kullan\u0131c\u0131 rahatl\u0131kla kullanabilir.Hassas sens\u00f6rleri sayesinde do\u011fru \u00f6l\u00e7\u00fcm sonu\u00e7lar\u0131 elde edilir. D\u00fczenli sa\u011fl\u0131k takibi yapmak isteyenler i\u00e7in ideal bir \u00fcr\u00fcnd\u00fcr.Hafif tasar\u0131m\u0131, ta\u015f\u0131ma kolayl\u0131\u011f\u0131 sa\u011flar. Evde veya d\u0131\u015far\u0131da kullan\u0131m i\u00e7in uygundur. Kompakt&#8230;<\/p>\n","protected":false},"featured_media":125830,"comment_status":"open","ping_status":"closed","template":"","meta":{"_kad_post_transparent":"","_kad_post_title":"","_kad_post_layout":"","_kad_post_sidebar_id":"","_kad_post_content_style":"","_kad_post_vertical_padding":"","_kad_post_feature":"","_kad_post_feature_position":"","_kad_post_header":false,"_kad_post_footer":false,"_kad_post_classname":""},"product_brand":[],"product_cat":[15084],"product_tag":[],"class_list":{"0":"post-125831","1":"product","2":"type-product","3":"status-publish","4":"has-post-thumbnail","6":"product_cat-tansiyon-aleti-tansiyon-aleti","8":"first","9":"instock","10":"purchasable","11":"product-type-simple","12":"entry","13":"content-bg","14":"loop-entry"},"_links":{"self":[{"href":"https:\/\/www.hediyepazar.com\/index.php?rest_route=\/wp\/v2\/product\/125831","targetHints":{"allow":["GET"]}}],"collection":[{"href":"https:\/\/www.hediyepazar.com\/index.php?rest_route=\/wp\/v2\/product"}],"about":[{"href":"https:\/\/www.hediyepazar.com\/index.php?rest_route=\/wp\/v2\/types\/product"}],"replies":[{"embeddable":true,"href":"https:\/\/www.hediyepazar.com\/index.php?rest_route=%2Fwp%2Fv2%2Fcomments&post=125831"}],"wp:featuredmedia":[{"embeddable":true,"href":"https:\/\/www.hediyepazar.com\/index.php?rest_route=\/wp\/v2\/media\/125830"}],"wp:attachment":[{"href":"https:\/\/www.hediyepazar.com\/index.php?rest_route=%2Fwp%2Fv2%2Fmedia&parent=125831"}],"wp:term":[{"taxonomy":"product_brand","embeddable":true,"href":"https:\/\/www.hediyepazar.com\/index.php?rest_route=%2Fwp%2Fv2%2Fproduct_brand&post=125831"},{"taxonomy":"product_cat","embeddable":true,"href":"https:\/\/www.hediyepazar.com\/index.php?rest_route=%2Fwp%2Fv2%2Fproduct_cat&post=125831"},{"taxonomy":"product_tag","embeddable":true,"href":"https:\/\/www.hediyepazar.com\/index.php?rest_route=%2Fwp%2Fv2%2Fproduct_tag&post=125831"}],"curies":[{"name":"wp","href":"https:\/\/api.w.org\/{rel}","templated":true}]}}