{"id":125833,"date":"2026-05-06T18:59:08","date_gmt":"2026-05-06T21:59:08","guid":{"rendered":"https:\/\/www.hediyepazar.com\/?product=kolay-kullanimli-parmak-tipi-pulse-oksimetre-ev-tipi-kullanim"},"modified":"2026-05-06T18:59:08","modified_gmt":"2026-05-06T21:59:08","slug":"kolay-kullanimli-parmak-tipi-pulse-oksimetre-ev-tipi-kullanim","status":"publish","type":"product","link":"https:\/\/www.hediyepazar.com\/?product=kolay-kullanimli-parmak-tipi-pulse-oksimetre-ev-tipi-kullanim","title":{"rendered":"Kolay Kullan\u0131ml\u0131 Parmak Tipi Pulse Oksimetre Ev Tipi Kullan\u0131m"},"content":{"rendered":"<p>Kolay kullan\u0131ml\u0131 parmak tipi pulse oksimetre, sa\u011fl\u0131k takibini pratik hale getirmek i\u00e7in tasarlanm\u0131\u015ft\u0131r. Parmak ucuna tak\u0131larak yap\u0131lan \u00f6l\u00e7\u00fcmler sayesinde h\u0131zl\u0131 sonu\u00e7 elde edilir ve ekstra ayar gerektirmez.Hassas \u00f6l\u00e7\u00fcm \u00f6zelli\u011fi, oksijen doygunlu\u011funu do\u011fru \u015fekilde tespit eder. K\u0131sa s\u00fcrede sonu\u00e7 vermesi, \u00f6zellikle g\u00fcnl\u00fck kullan\u0131mda b\u00fcy\u00fck avantaj sa\u011flar.Hafif ve kompakt yap\u0131s\u0131, cihaz\u0131n ta\u015f\u0131nabilirli\u011fini art\u0131r\u0131r. G\u00fcnl\u00fck hayatta her an yan\u0131n\u0131zda bulundurabilirsiniz. Kullan\u0131m s\u0131ras\u0131nda karma\u015f\u0131kl\u0131k yaratmaz.G\u00fcvenilir \u00f6l\u00e7\u00fcm sonu\u00e7lar\u0131 sunan bu \u00fcr\u00fcn, evde sa\u011fl\u0131k kontrol\u00fc yapmak isteyenler i\u00e7in pratik ve i\u015flevsel bir \u00e7\u00f6z\u00fcmd\u00fcr.<\/p>\n","protected":false},"excerpt":{"rendered":"<p>Kolay kullan\u0131ml\u0131 parmak tipi pulse oksimetre, sa\u011fl\u0131k takibini pratik hale getirmek i\u00e7in tasarlanm\u0131\u015ft\u0131r. Parmak ucuna tak\u0131larak yap\u0131lan \u00f6l\u00e7\u00fcmler sayesinde h\u0131zl\u0131 sonu\u00e7 elde edilir ve ekstra ayar gerektirmez.Hassas \u00f6l\u00e7\u00fcm \u00f6zelli\u011fi, oksijen doygunlu\u011funu do\u011fru \u015fekilde tespit eder. K\u0131sa s\u00fcrede sonu\u00e7 vermesi, \u00f6zellikle g\u00fcnl\u00fck kullan\u0131mda b\u00fcy\u00fck avantaj sa\u011flar.Hafif ve kompakt yap\u0131s\u0131, cihaz\u0131n ta\u015f\u0131nabilirli\u011fini art\u0131r\u0131r. G\u00fcnl\u00fck hayatta her an&#8230;<\/p>\n","protected":false},"featured_media":125832,"comment_status":"open","ping_status":"closed","template":"","meta":{"_kad_post_transparent":"","_kad_post_title":"","_kad_post_layout":"","_kad_post_sidebar_id":"","_kad_post_content_style":"","_kad_post_vertical_padding":"","_kad_post_feature":"","_kad_post_feature_position":"","_kad_post_header":false,"_kad_post_footer":false,"_kad_post_classname":""},"product_brand":[],"product_cat":[15084],"product_tag":[],"class_list":{"0":"post-125833","1":"product","2":"type-product","3":"status-publish","4":"has-post-thumbnail","6":"product_cat-tansiyon-aleti-tansiyon-aleti","8":"first","9":"instock","10":"purchasable","11":"product-type-simple","12":"entry","13":"content-bg","14":"loop-entry"},"_links":{"self":[{"href":"https:\/\/www.hediyepazar.com\/index.php?rest_route=\/wp\/v2\/product\/125833","targetHints":{"allow":["GET"]}}],"collection":[{"href":"https:\/\/www.hediyepazar.com\/index.php?rest_route=\/wp\/v2\/product"}],"about":[{"href":"https:\/\/www.hediyepazar.com\/index.php?rest_route=\/wp\/v2\/types\/product"}],"replies":[{"embeddable":true,"href":"https:\/\/www.hediyepazar.com\/index.php?rest_route=%2Fwp%2Fv2%2Fcomments&post=125833"}],"wp:featuredmedia":[{"embeddable":true,"href":"https:\/\/www.hediyepazar.com\/index.php?rest_route=\/wp\/v2\/media\/125832"}],"wp:attachment":[{"href":"https:\/\/www.hediyepazar.com\/index.php?rest_route=%2Fwp%2Fv2%2Fmedia&parent=125833"}],"wp:term":[{"taxonomy":"product_brand","embeddable":true,"href":"https:\/\/www.hediyepazar.com\/index.php?rest_route=%2Fwp%2Fv2%2Fproduct_brand&post=125833"},{"taxonomy":"product_cat","embeddable":true,"href":"https:\/\/www.hediyepazar.com\/index.php?rest_route=%2Fwp%2Fv2%2Fproduct_cat&post=125833"},{"taxonomy":"product_tag","embeddable":true,"href":"https:\/\/www.hediyepazar.com\/index.php?rest_route=%2Fwp%2Fv2%2Fproduct_tag&post=125833"}],"curies":[{"name":"wp","href":"https:\/\/api.w.org\/{rel}","templated":true}]}}