{"id":125841,"date":"2026-05-06T18:59:32","date_gmt":"2026-05-06T21:59:32","guid":{"rendered":"https:\/\/www.hediyepazar.com\/?product=cilt-bakimi-icin-buz-silindiri-yuz-masaj-aleti"},"modified":"2026-05-06T18:59:32","modified_gmt":"2026-05-06T21:59:32","slug":"cilt-bakimi-icin-buz-silindiri-yuz-masaj-aleti","status":"publish","type":"product","link":"https:\/\/www.hediyepazar.com\/?product=cilt-bakimi-icin-buz-silindiri-yuz-masaj-aleti","title":{"rendered":"Cilt Bak\u0131m\u0131 \u0130\u00e7in Buz Silindiri Y\u00fcz Masaj Aleti"},"content":{"rendered":"<p>Cilt bak\u0131m\u0131 i\u00e7in buz silindiri y\u00fcz masaj aleti, so\u011fuk masaj uygulamas\u0131n\u0131 ev ortam\u0131nda kolayca yapabilmek i\u00e7in tasarlanm\u0131\u015ft\u0131r. So\u011fuk uygulama, cilt \u00fczerinde ferahlat\u0131c\u0131 ve rahatlat\u0131c\u0131 bir etki yaratarak bak\u0131m s\u00fcrecini destekler. G\u00fcnl\u00fck bak\u0131m rutininin bir par\u00e7as\u0131 haline getirildi\u011finde cildin daha dinlenmi\u015f g\u00f6r\u00fcnmesine katk\u0131 sa\u011flar.So\u011fuk terapi etkisi, ciltteki \u015fi\u015fkinliklerin azalmas\u0131na yard\u0131mc\u0131 olur. \u00d6zellikle g\u00f6z alt\u0131 b\u00f6lgesinde olu\u015fan yorgunluk belirtilerinin hafiflemesine destek olur. Ayn\u0131 zamanda sivilce sonras\u0131 hassasiyet ve k\u0131zar\u0131kl\u0131k hissinin yat\u0131\u015fmas\u0131na yard\u0131mc\u0131 olarak cildin daha sakin bir g\u00f6r\u00fcn\u00fcm kazanmas\u0131n\u0131 sa\u011flar.Jel ba\u015fl\u0131kl\u0131 silindir, ciltle uyumlu yumu\u015fak bir yap\u0131ya sahiptir. Donma s\u00fcresi k\u0131sa olup pratik kullan\u0131m sunar. Dondurucuda 10\u201315 dakika bekletilmesi yeterlidir. Bu s\u00fcre sonunda masaj i\u00e7in ideal so\u011fukluk seviyesine ula\u015f\u0131r ve cilt \u00fczerinde konforlu bir uygulama sa\u011flar.Sabah kullan\u0131m\u0131, cildi uyand\u0131rarak daha s\u0131k\u0131 bir his elde edilmesine yard\u0131mc\u0131 olur. Ak\u015famlar\u0131 ise cilt temizli\u011finden sonra uyguland\u0131\u011f\u0131nda cildin rahatlamas\u0131n\u0131 destekler. D\u00fczenli kullan\u0131mda cilt daha canl\u0131 ve dengeli bir g\u00f6r\u00fcn\u00fcm kazanabilir.Ergonomik tasar\u0131m\u0131 sayesinde kullan\u0131m s\u0131ras\u0131nda kontrol kolayl\u0131\u011f\u0131 sa\u011flar. Hafif ve ta\u015f\u0131nabilir yap\u0131s\u0131, \u00fcr\u00fcn\u00fc evde ve seyahatte kullan\u0131ma uygun hale getirir. Her ya\u015f i\u00e7in uygun olan bu buz silindiri, cilt bak\u0131m\u0131n\u0131 destekleyen tamamlay\u0131c\u0131 bir \u00fcr\u00fcnd\u00fcr.<\/p>\n","protected":false},"excerpt":{"rendered":"<p>Cilt bak\u0131m\u0131 i\u00e7in buz silindiri y\u00fcz masaj aleti, so\u011fuk masaj uygulamas\u0131n\u0131 ev ortam\u0131nda kolayca yapabilmek i\u00e7in tasarlanm\u0131\u015ft\u0131r. So\u011fuk uygulama, cilt \u00fczerinde ferahlat\u0131c\u0131 ve rahatlat\u0131c\u0131 bir etki yaratarak bak\u0131m s\u00fcrecini destekler. G\u00fcnl\u00fck bak\u0131m rutininin bir par\u00e7as\u0131 haline getirildi\u011finde cildin daha dinlenmi\u015f g\u00f6r\u00fcnmesine katk\u0131 sa\u011flar.So\u011fuk terapi etkisi, ciltteki \u015fi\u015fkinliklerin azalmas\u0131na yard\u0131mc\u0131 olur. \u00d6zellikle g\u00f6z alt\u0131 b\u00f6lgesinde olu\u015fan&#8230;<\/p>\n","protected":false},"featured_media":125840,"comment_status":"open","ping_status":"closed","template":"","meta":{"_kad_post_transparent":"","_kad_post_title":"","_kad_post_layout":"","_kad_post_sidebar_id":"","_kad_post_content_style":"","_kad_post_vertical_padding":"","_kad_post_feature":"","_kad_post_feature_position":"","_kad_post_header":false,"_kad_post_footer":false,"_kad_post_classname":""},"product_brand":[],"product_cat":[15018],"product_tag":[],"class_list":{"0":"post-125841","1":"product","2":"type-product","3":"status-publish","4":"has-post-thumbnail","6":"product_cat-yuz-temizleme-cihazi-yuz-temizleme-cihazi","8":"first","9":"instock","10":"purchasable","11":"product-type-simple","12":"entry","13":"content-bg","14":"loop-entry"},"_links":{"self":[{"href":"https:\/\/www.hediyepazar.com\/index.php?rest_route=\/wp\/v2\/product\/125841","targetHints":{"allow":["GET"]}}],"collection":[{"href":"https:\/\/www.hediyepazar.com\/index.php?rest_route=\/wp\/v2\/product"}],"about":[{"href":"https:\/\/www.hediyepazar.com\/index.php?rest_route=\/wp\/v2\/types\/product"}],"replies":[{"embeddable":true,"href":"https:\/\/www.hediyepazar.com\/index.php?rest_route=%2Fwp%2Fv2%2Fcomments&post=125841"}],"wp:featuredmedia":[{"embeddable":true,"href":"https:\/\/www.hediyepazar.com\/index.php?rest_route=\/wp\/v2\/media\/125840"}],"wp:attachment":[{"href":"https:\/\/www.hediyepazar.com\/index.php?rest_route=%2Fwp%2Fv2%2Fmedia&parent=125841"}],"wp:term":[{"taxonomy":"product_brand","embeddable":true,"href":"https:\/\/www.hediyepazar.com\/index.php?rest_route=%2Fwp%2Fv2%2Fproduct_brand&post=125841"},{"taxonomy":"product_cat","embeddable":true,"href":"https:\/\/www.hediyepazar.com\/index.php?rest_route=%2Fwp%2Fv2%2Fproduct_cat&post=125841"},{"taxonomy":"product_tag","embeddable":true,"href":"https:\/\/www.hediyepazar.com\/index.php?rest_route=%2Fwp%2Fv2%2Fproduct_tag&post=125841"}],"curies":[{"name":"wp","href":"https:\/\/api.w.org\/{rel}","templated":true}]}}