{"id":125855,"date":"2026-05-06T19:00:17","date_gmt":"2026-05-06T22:00:17","guid":{"rendered":"https:\/\/www.hediyepazar.com\/?product=9-bilyeli-masaj-eldiveni"},"modified":"2026-05-06T19:00:17","modified_gmt":"2026-05-06T22:00:17","slug":"9-bilyeli-masaj-eldiveni","status":"publish","type":"product","link":"https:\/\/www.hediyepazar.com\/?product=9-bilyeli-masaj-eldiveni","title":{"rendered":"9 B\u0130LYEL\u0130 MASAJ ELD\u0130VEN\u0130"},"content":{"rendered":"<p>Kan Dola\u015f\u0131m\u0131n\u0131 H\u0131zland\u0131rma ve Cilt Gen\u00e7le\u015ftirme: Masaj, cildinize ve v\u00fccudunuza bir\u00e7ok fayda sa\u011flar. 9 bilyeli masaj eldiveni, v\u00fccudun her noktas\u0131nda kan dola\u015f\u0131m\u0131n\u0131 h\u0131zland\u0131r\u0131r. Bu \u00f6zellik, \u00f6zellikle kas gerilmeleri ve gerginlikleri \u00fczerinde etkilidir. Kan ak\u0131\u015f\u0131n\u0131 art\u0131rarak kaslar\u0131n daha h\u0131zl\u0131 iyile\u015fmesini sa\u011flar ve v\u00fccutta rahatlama hissi yarat\u0131r. Ayr\u0131ca, cilt \u00fczerinde yap\u0131lan masaj, cildin elastikiyetini art\u0131rarak ya\u015flanma kar\u015f\u0131t\u0131 bir etki yarat\u0131r. Cildinizdeki s\u0131k\u0131la\u015fmay\u0131 destekleyerek daha gen\u00e7 bir g\u00f6r\u00fcn\u00fcm elde etmenizi sa\u011flar. Y\u00fcz b\u00f6lgesinde de cilt s\u0131k\u0131la\u015fmas\u0131n\u0131 art\u0131rarak, zamanla olu\u015fan sarkmalar\u0131 minimuma indirir. Bu \u00f6zellikleri sayesinde, sadece kaslar\u0131n\u0131z de\u011fil, cildiniz de gen\u00e7 ve taze kal\u0131r.<\/p>\n","protected":false},"excerpt":{"rendered":"<p>Kan Dola\u015f\u0131m\u0131n\u0131 H\u0131zland\u0131rma ve Cilt Gen\u00e7le\u015ftirme: Masaj, cildinize ve v\u00fccudunuza bir\u00e7ok fayda sa\u011flar. 9 bilyeli masaj eldiveni, v\u00fccudun her noktas\u0131nda kan dola\u015f\u0131m\u0131n\u0131 h\u0131zland\u0131r\u0131r. Bu \u00f6zellik, \u00f6zellikle kas gerilmeleri ve gerginlikleri \u00fczerinde etkilidir. Kan ak\u0131\u015f\u0131n\u0131 art\u0131rarak kaslar\u0131n daha h\u0131zl\u0131 iyile\u015fmesini sa\u011flar ve v\u00fccutta rahatlama hissi yarat\u0131r. Ayr\u0131ca, cilt \u00fczerinde yap\u0131lan masaj, cildin elastikiyetini art\u0131rarak ya\u015flanma kar\u015f\u0131t\u0131&#8230;<\/p>\n","protected":false},"featured_media":125854,"comment_status":"open","ping_status":"closed","template":"","meta":{"_kad_post_transparent":"","_kad_post_title":"","_kad_post_layout":"","_kad_post_sidebar_id":"","_kad_post_content_style":"","_kad_post_vertical_padding":"","_kad_post_feature":"","_kad_post_feature_position":"","_kad_post_header":false,"_kad_post_footer":false,"_kad_post_classname":""},"product_brand":[],"product_cat":[14939],"product_tag":[],"class_list":{"0":"post-125855","1":"product","2":"type-product","3":"status-publish","4":"has-post-thumbnail","6":"product_cat-masaj-cihazi-masaj-cihazi","8":"first","9":"instock","10":"purchasable","11":"product-type-simple","12":"entry","13":"content-bg","14":"loop-entry"},"_links":{"self":[{"href":"https:\/\/www.hediyepazar.com\/index.php?rest_route=\/wp\/v2\/product\/125855","targetHints":{"allow":["GET"]}}],"collection":[{"href":"https:\/\/www.hediyepazar.com\/index.php?rest_route=\/wp\/v2\/product"}],"about":[{"href":"https:\/\/www.hediyepazar.com\/index.php?rest_route=\/wp\/v2\/types\/product"}],"replies":[{"embeddable":true,"href":"https:\/\/www.hediyepazar.com\/index.php?rest_route=%2Fwp%2Fv2%2Fcomments&post=125855"}],"wp:featuredmedia":[{"embeddable":true,"href":"https:\/\/www.hediyepazar.com\/index.php?rest_route=\/wp\/v2\/media\/125854"}],"wp:attachment":[{"href":"https:\/\/www.hediyepazar.com\/index.php?rest_route=%2Fwp%2Fv2%2Fmedia&parent=125855"}],"wp:term":[{"taxonomy":"product_brand","embeddable":true,"href":"https:\/\/www.hediyepazar.com\/index.php?rest_route=%2Fwp%2Fv2%2Fproduct_brand&post=125855"},{"taxonomy":"product_cat","embeddable":true,"href":"https:\/\/www.hediyepazar.com\/index.php?rest_route=%2Fwp%2Fv2%2Fproduct_cat&post=125855"},{"taxonomy":"product_tag","embeddable":true,"href":"https:\/\/www.hediyepazar.com\/index.php?rest_route=%2Fwp%2Fv2%2Fproduct_tag&post=125855"}],"curies":[{"name":"wp","href":"https:\/\/api.w.org\/{rel}","templated":true}]}}