{"id":125869,"date":"2026-05-06T19:01:22","date_gmt":"2026-05-06T22:01:22","guid":{"rendered":"https:\/\/www.hediyepazar.com\/?product=f6-marvel-kulaklik"},"modified":"2026-05-06T19:01:22","modified_gmt":"2026-05-06T22:01:22","slug":"f6-marvel-kulaklik","status":"publish","type":"product","link":"https:\/\/www.hediyepazar.com\/?product=f6-marvel-kulaklik","title":{"rendered":"F6 MARVEL KULAKLIK"},"content":{"rendered":"<p>E\u015fsiz Tasar\u0131m Modern ve \u015e\u0131k: Y\u00fcksek kaliteli malzemelerden \u00fcretilmi\u015ftir. Dikkat \u00c7ekici: Parlak renkler ve \u00f6zg\u00fcn desenlerle bezeli.M\u00fczik Fonksiyonlar\u0131 Entegre Hoparl\u00f6r: Oyun oynarken m\u00fczik dinleme imkan\u0131 sunar. E\u011flenceli M\u00fczik Modu: Sevdi\u011finiz m\u00fczikleri \u00e7alarak her d\u00f6n\u00fc\u015f\u00fc unutulmaz k\u0131lar.Stres Azaltma ve Konsantrasyonu Art\u0131rma Zihinsel Rahatlama: Spinner&#8217;\u0131 d\u00f6nd\u00fcrmek, g\u00fcnl\u00fck kayg\u0131lardan uzakla\u015fman\u0131z\u0131 sa\u011flar. Odaklanma: \u00d6\u011frenciler ve \u00e7al\u0131\u015fanlar i\u00e7in m\u00fckemmel bir yard\u0131mc\u0131d\u0131r.E\u011flenceli Oyun Deneyimi Arkada\u015flarla Yar\u0131\u015fmalar: D\u00f6n\u00fc\u015f s\u00fcrelerini kar\u015f\u0131la\u015ft\u0131rarak e\u011flenceli anlar ya\u015fay\u0131n. Yarat\u0131c\u0131 Oyunlar: Farkl\u0131 oyunlarla yarat\u0131c\u0131l\u0131\u011f\u0131n\u0131z\u0131 geli\u015ftirin.Ta\u015f\u0131nabilirlik ve Kullan\u0131m Kolayl\u0131\u011f\u0131 Kompakt Boyut: Her yerde kolayca ta\u015f\u0131nabilir. Basit Kullan\u0131m: Her ya\u015ftan insan\u0131n rahat\u00e7a kullanabilece\u011fi bir tasar\u0131m.<\/p>\n","protected":false},"excerpt":{"rendered":"<p>E\u015fsiz Tasar\u0131m Modern ve \u015e\u0131k: Y\u00fcksek kaliteli malzemelerden \u00fcretilmi\u015ftir. Dikkat \u00c7ekici: Parlak renkler ve \u00f6zg\u00fcn desenlerle bezeli.M\u00fczik Fonksiyonlar\u0131 Entegre Hoparl\u00f6r: Oyun oynarken m\u00fczik dinleme imkan\u0131 sunar. E\u011flenceli M\u00fczik Modu: Sevdi\u011finiz m\u00fczikleri \u00e7alarak her d\u00f6n\u00fc\u015f\u00fc unutulmaz k\u0131lar.Stres Azaltma ve Konsantrasyonu Art\u0131rma Zihinsel Rahatlama: Spinner&#8217;\u0131 d\u00f6nd\u00fcrmek, g\u00fcnl\u00fck kayg\u0131lardan uzakla\u015fman\u0131z\u0131 sa\u011flar. Odaklanma: \u00d6\u011frenciler ve \u00e7al\u0131\u015fanlar i\u00e7in m\u00fckemmel bir&#8230;<\/p>\n","protected":false},"featured_media":125868,"comment_status":"open","ping_status":"closed","template":"","meta":{"_kad_post_transparent":"","_kad_post_title":"","_kad_post_layout":"","_kad_post_sidebar_id":"","_kad_post_content_style":"","_kad_post_vertical_padding":"","_kad_post_feature":"","_kad_post_feature_position":"","_kad_post_header":false,"_kad_post_footer":false,"_kad_post_classname":""},"product_brand":[],"product_cat":[14957],"product_tag":[],"class_list":{"0":"post-125869","1":"product","2":"type-product","3":"status-publish","4":"has-post-thumbnail","6":"product_cat-kablosuz-kulaklik-kablosuz-kulaklik","8":"first","9":"instock","10":"purchasable","11":"product-type-simple","12":"entry","13":"content-bg","14":"loop-entry"},"_links":{"self":[{"href":"https:\/\/www.hediyepazar.com\/index.php?rest_route=\/wp\/v2\/product\/125869","targetHints":{"allow":["GET"]}}],"collection":[{"href":"https:\/\/www.hediyepazar.com\/index.php?rest_route=\/wp\/v2\/product"}],"about":[{"href":"https:\/\/www.hediyepazar.com\/index.php?rest_route=\/wp\/v2\/types\/product"}],"replies":[{"embeddable":true,"href":"https:\/\/www.hediyepazar.com\/index.php?rest_route=%2Fwp%2Fv2%2Fcomments&post=125869"}],"wp:featuredmedia":[{"embeddable":true,"href":"https:\/\/www.hediyepazar.com\/index.php?rest_route=\/wp\/v2\/media\/125868"}],"wp:attachment":[{"href":"https:\/\/www.hediyepazar.com\/index.php?rest_route=%2Fwp%2Fv2%2Fmedia&parent=125869"}],"wp:term":[{"taxonomy":"product_brand","embeddable":true,"href":"https:\/\/www.hediyepazar.com\/index.php?rest_route=%2Fwp%2Fv2%2Fproduct_brand&post=125869"},{"taxonomy":"product_cat","embeddable":true,"href":"https:\/\/www.hediyepazar.com\/index.php?rest_route=%2Fwp%2Fv2%2Fproduct_cat&post=125869"},{"taxonomy":"product_tag","embeddable":true,"href":"https:\/\/www.hediyepazar.com\/index.php?rest_route=%2Fwp%2Fv2%2Fproduct_tag&post=125869"}],"curies":[{"name":"wp","href":"https:\/\/api.w.org\/{rel}","templated":true}]}}