{"id":125887,"date":"2026-05-06T19:03:21","date_gmt":"2026-05-06T22:03:21","guid":{"rendered":"https:\/\/www.hediyepazar.com\/?product=bluetooth-kulaklik-stres-carki-anc-ozellikli-gaming-kulaklik"},"modified":"2026-05-06T19:03:21","modified_gmt":"2026-05-06T22:03:21","slug":"bluetooth-kulaklik-stres-carki-anc-ozellikli-gaming-kulaklik","status":"publish","type":"product","link":"https:\/\/www.hediyepazar.com\/?product=bluetooth-kulaklik-stres-carki-anc-ozellikli-gaming-kulaklik","title":{"rendered":"Bluetooth Kulakl\u0131k Stres \u00c7ark\u0131 ANC \u00d6zellikli Gaming Kulakl\u0131k"},"content":{"rendered":"<p>F6 Mecha Stres \u00c7arkl\u0131 Bluetooth Kulakl\u0131k, e\u011flence ve i\u015flevselli\u011fi bir araya getirerek m\u00fczik deneyiminizi bamba\u015fka bir boyuta ta\u015f\u0131yor. G\u00fc\u00e7l\u00fc bass performans\u0131 sayesinde her notay\u0131 derinlemesine hissederken, ANC (Aktif G\u00fcr\u00fclt\u00fc Engelleme) teknolojisi ile d\u0131\u015f d\u00fcnyay\u0131 geride b\u0131rak\u0131p sadece m\u00fczi\u011fe odaklanabilirsiniz. G\u00fcnl\u00fck hayat\u0131n ko\u015fturmacas\u0131nda bir mola vermek istedi\u011finizde ise, kulakl\u0131k kutusundaki stres \u00e7ark\u0131 fonksiyonu sayesinde e\u011flenceli ve rahatlat\u0131c\u0131 bir deneyim ya\u015fayabilirsiniz.F6 Mecha, tek \u015farjla 4,5 g\u00fcne kadar s\u00fcren kullan\u0131m \u00f6mr\u00fc sunarak yo\u011fun tempoya ayak uydurur. Dokunmatik kontrol \u00f6zelli\u011fi ile m\u00fczik y\u00f6netimi ve \u00e7a\u011fr\u0131lara yan\u0131t verme i\u015flemleri son derece pratik hale gelir. Modern ve iddial\u0131 tasar\u0131m\u0131, hem stilinize \u015f\u0131kl\u0131k katar hem de g\u00fcnl\u00fck kullan\u0131mda \u00fcst d\u00fczey konfor sunar. Teknolojiyi e\u011flenceyle bulu\u015fturan bu kulakl\u0131k, m\u00fczi\u011fi ya\u015fam\u0131n\u0131z\u0131n merkezine ta\u015f\u0131yanlar i\u00e7in vazge\u00e7ilmez bir tercih olacak.<\/p>\n","protected":false},"excerpt":{"rendered":"<p>F6 Mecha Stres \u00c7arkl\u0131 Bluetooth Kulakl\u0131k, e\u011flence ve i\u015flevselli\u011fi bir araya getirerek m\u00fczik deneyiminizi bamba\u015fka bir boyuta ta\u015f\u0131yor. G\u00fc\u00e7l\u00fc bass performans\u0131 sayesinde her notay\u0131 derinlemesine hissederken, ANC (Aktif G\u00fcr\u00fclt\u00fc Engelleme) teknolojisi ile d\u0131\u015f d\u00fcnyay\u0131 geride b\u0131rak\u0131p sadece m\u00fczi\u011fe odaklanabilirsiniz. G\u00fcnl\u00fck hayat\u0131n ko\u015fturmacas\u0131nda bir mola vermek istedi\u011finizde ise, kulakl\u0131k kutusundaki stres \u00e7ark\u0131 fonksiyonu sayesinde e\u011flenceli ve&#8230;<\/p>\n","protected":false},"featured_media":125886,"comment_status":"open","ping_status":"closed","template":"","meta":{"_kad_post_transparent":"","_kad_post_title":"","_kad_post_layout":"","_kad_post_sidebar_id":"","_kad_post_content_style":"","_kad_post_vertical_padding":"","_kad_post_feature":"","_kad_post_feature_position":"","_kad_post_header":false,"_kad_post_footer":false,"_kad_post_classname":""},"product_brand":[],"product_cat":[14957],"product_tag":[],"class_list":{"0":"post-125887","1":"product","2":"type-product","3":"status-publish","4":"has-post-thumbnail","6":"product_cat-kablosuz-kulaklik-kablosuz-kulaklik","8":"first","9":"instock","10":"purchasable","11":"product-type-simple","12":"entry","13":"content-bg","14":"loop-entry"},"_links":{"self":[{"href":"https:\/\/www.hediyepazar.com\/index.php?rest_route=\/wp\/v2\/product\/125887","targetHints":{"allow":["GET"]}}],"collection":[{"href":"https:\/\/www.hediyepazar.com\/index.php?rest_route=\/wp\/v2\/product"}],"about":[{"href":"https:\/\/www.hediyepazar.com\/index.php?rest_route=\/wp\/v2\/types\/product"}],"replies":[{"embeddable":true,"href":"https:\/\/www.hediyepazar.com\/index.php?rest_route=%2Fwp%2Fv2%2Fcomments&post=125887"}],"wp:featuredmedia":[{"embeddable":true,"href":"https:\/\/www.hediyepazar.com\/index.php?rest_route=\/wp\/v2\/media\/125886"}],"wp:attachment":[{"href":"https:\/\/www.hediyepazar.com\/index.php?rest_route=%2Fwp%2Fv2%2Fmedia&parent=125887"}],"wp:term":[{"taxonomy":"product_brand","embeddable":true,"href":"https:\/\/www.hediyepazar.com\/index.php?rest_route=%2Fwp%2Fv2%2Fproduct_brand&post=125887"},{"taxonomy":"product_cat","embeddable":true,"href":"https:\/\/www.hediyepazar.com\/index.php?rest_route=%2Fwp%2Fv2%2Fproduct_cat&post=125887"},{"taxonomy":"product_tag","embeddable":true,"href":"https:\/\/www.hediyepazar.com\/index.php?rest_route=%2Fwp%2Fv2%2Fproduct_tag&post=125887"}],"curies":[{"name":"wp","href":"https:\/\/api.w.org\/{rel}","templated":true}]}}