{"id":125897,"date":"2026-05-06T19:06:00","date_gmt":"2026-05-06T22:06:00","guid":{"rendered":"https:\/\/www.hediyepazar.com\/?product=9-bilyeli-masaj-eldiveni-giyilebilir-plastik-vucut-sikilastirici-2"},"modified":"2026-05-06T19:06:00","modified_gmt":"2026-05-06T22:06:00","slug":"9-bilyeli-masaj-eldiveni-giyilebilir-plastik-vucut-sikilastirici-2","status":"publish","type":"product","link":"https:\/\/www.hediyepazar.com\/?product=9-bilyeli-masaj-eldiveni-giyilebilir-plastik-vucut-sikilastirici-2","title":{"rendered":"9 Bilyeli Masaj Eldiveni Giyilebilir Plastik V\u00fccut S\u0131k\u0131la\u015ft\u0131r\u0131c\u0131"},"content":{"rendered":"<p>9 Bilyeli Masaj Eldiveni: G\u00fcn\u00fcn stresinden kurtulmak ve rahatlamak i\u00e7in m\u00fckemmel bir se\u00e7enek olan 9 bilyeli masaj eldiveni, ergonomik tasar\u0131m\u0131yla v\u00fccudunuzun her noktas\u0131na kolayca ula\u015farak rahatlat\u0131c\u0131 bir deneyim sunar. Eldivenin \u00fczerinde bulunan 9 adet d\u00f6nebilen metal bilye, derin dokuya ula\u015farak kan dola\u015f\u0131m\u0131n\u0131 h\u0131zland\u0131r\u0131r, gergin kaslar\u0131 gev\u015fetir ve yorgunlu\u011fu hafifletir. Ayr\u0131ca, v\u00fccudunuzu s\u0131k\u0131la\u015ft\u0131rarak daha sa\u011fl\u0131kl\u0131 bir g\u00f6r\u00fcn\u00fcme sahip olman\u0131za yard\u0131mc\u0131 olur. \u00dcr\u00fcn\u00fcn rahat kullan\u0131m\u0131 sayesinde, herhangi bir ek yard\u0131ma ihtiya\u00e7 duymadan TV izlerken, kitap okurken veya bilgisayar ba\u015f\u0131nda \u00e7al\u0131\u015f\u0131rken bile rahatl\u0131kla kullanabilirsiniz. Cilt \u00fczerinde yapt\u0131\u011f\u0131 masaj etkisi, ya\u015flanma kar\u015f\u0131t\u0131 bir etki yaratarak cildinizin gen\u00e7 ve p\u00fcr\u00fczs\u00fcz kalmas\u0131n\u0131 sa\u011flar. Y\u00fcz b\u00f6lgesinde de etkili olan bu masaj eldiveni, y\u00fcz hatlar\u0131ndaki sarkmalar\u0131 engelleyerek daha gen\u00e7 ve canl\u0131 bir g\u00f6r\u00fcn\u00fcm elde etmenize yard\u0131mc\u0131 olur.<\/p>\n","protected":false},"excerpt":{"rendered":"<p>9 Bilyeli Masaj Eldiveni: G\u00fcn\u00fcn stresinden kurtulmak ve rahatlamak i\u00e7in m\u00fckemmel bir se\u00e7enek olan 9 bilyeli masaj eldiveni, ergonomik tasar\u0131m\u0131yla v\u00fccudunuzun her noktas\u0131na kolayca ula\u015farak rahatlat\u0131c\u0131 bir deneyim sunar. Eldivenin \u00fczerinde bulunan 9 adet d\u00f6nebilen metal bilye, derin dokuya ula\u015farak kan dola\u015f\u0131m\u0131n\u0131 h\u0131zland\u0131r\u0131r, gergin kaslar\u0131 gev\u015fetir ve yorgunlu\u011fu hafifletir. Ayr\u0131ca, v\u00fccudunuzu s\u0131k\u0131la\u015ft\u0131rarak daha sa\u011fl\u0131kl\u0131 bir&#8230;<\/p>\n","protected":false},"featured_media":125896,"comment_status":"open","ping_status":"closed","template":"","meta":{"_kad_post_transparent":"","_kad_post_title":"","_kad_post_layout":"","_kad_post_sidebar_id":"","_kad_post_content_style":"","_kad_post_vertical_padding":"","_kad_post_feature":"","_kad_post_feature_position":"","_kad_post_header":false,"_kad_post_footer":false,"_kad_post_classname":""},"product_brand":[],"product_cat":[14939],"product_tag":[],"class_list":{"0":"post-125897","1":"product","2":"type-product","3":"status-publish","4":"has-post-thumbnail","6":"product_cat-masaj-cihazi-masaj-cihazi","8":"first","9":"instock","10":"purchasable","11":"product-type-simple","12":"entry","13":"content-bg","14":"loop-entry"},"_links":{"self":[{"href":"https:\/\/www.hediyepazar.com\/index.php?rest_route=\/wp\/v2\/product\/125897","targetHints":{"allow":["GET"]}}],"collection":[{"href":"https:\/\/www.hediyepazar.com\/index.php?rest_route=\/wp\/v2\/product"}],"about":[{"href":"https:\/\/www.hediyepazar.com\/index.php?rest_route=\/wp\/v2\/types\/product"}],"replies":[{"embeddable":true,"href":"https:\/\/www.hediyepazar.com\/index.php?rest_route=%2Fwp%2Fv2%2Fcomments&post=125897"}],"wp:featuredmedia":[{"embeddable":true,"href":"https:\/\/www.hediyepazar.com\/index.php?rest_route=\/wp\/v2\/media\/125896"}],"wp:attachment":[{"href":"https:\/\/www.hediyepazar.com\/index.php?rest_route=%2Fwp%2Fv2%2Fmedia&parent=125897"}],"wp:term":[{"taxonomy":"product_brand","embeddable":true,"href":"https:\/\/www.hediyepazar.com\/index.php?rest_route=%2Fwp%2Fv2%2Fproduct_brand&post=125897"},{"taxonomy":"product_cat","embeddable":true,"href":"https:\/\/www.hediyepazar.com\/index.php?rest_route=%2Fwp%2Fv2%2Fproduct_cat&post=125897"},{"taxonomy":"product_tag","embeddable":true,"href":"https:\/\/www.hediyepazar.com\/index.php?rest_route=%2Fwp%2Fv2%2Fproduct_tag&post=125897"}],"curies":[{"name":"wp","href":"https:\/\/api.w.org\/{rel}","templated":true}]}}