{"id":125899,"date":"2026-05-06T19:06:07","date_gmt":"2026-05-06T22:06:07","guid":{"rendered":"https:\/\/www.hediyepazar.com\/?product=giyilebiilir-masaj-eldiveni-9-bilyeli-tum-vucut-masajina-uygun-2"},"modified":"2026-05-06T19:06:07","modified_gmt":"2026-05-06T22:06:07","slug":"giyilebiilir-masaj-eldiveni-9-bilyeli-tum-vucut-masajina-uygun-2","status":"publish","type":"product","link":"https:\/\/www.hediyepazar.com\/?product=giyilebiilir-masaj-eldiveni-9-bilyeli-tum-vucut-masajina-uygun-2","title":{"rendered":"Giyilebiilir Masaj Eldiveni 9 Bilyeli T\u00fcm V\u00fccut Masaj\u0131na Uygun"},"content":{"rendered":"<p>G\u00fcn\u00fcn t\u00fcm yorgunlu\u011funu geride b\u0131rakmak i\u00e7in m\u00fckemmel bir yard\u0131mc\u0131 olan 9 bilyeli masaj eldiveni, sa\u011flad\u0131\u011f\u0131 rahatl\u0131kla sizi bekleyen stresten kurtar\u0131r. Eldiven, 360 derece d\u00f6nebilen 9 adet metal bilye ile tasarlanm\u0131\u015f olup, v\u00fccudunuzun do\u011fru masaj noktalar\u0131na yo\u011funla\u015farak daha derin bir rahatlama sa\u011flar. Kullan\u0131m\u0131 olduk\u00e7a basit ve pratik olan bu masaj eldiveni, istedi\u011finiz her yerde rahatl\u0131kla kullan\u0131labilir; \u00f6rne\u011fin, TV izlerken, kitap okurken veya du\u015ftan sonra. Ergonomik tasar\u0131m\u0131 sayesinde elinize tam uyum sa\u011flar ve arkas\u0131ndaki kemer b\u00f6l\u00fcm\u00fcyle ki\u015fiselle\u015ftirilebilir. D\u00fczenli kullan\u0131ld\u0131\u011f\u0131nda v\u00fccudun s\u0131k\u0131la\u015fmas\u0131na yard\u0131mc\u0131 olur, yorgunlu\u011fu azalt\u0131r ve kan dola\u015f\u0131m\u0131n\u0131 h\u0131zland\u0131r\u0131r. Ayr\u0131ca cildi gen\u00e7le\u015ftirici etkisiyle, y\u00fczdeki sarkmalar\u0131 minimuma indirmeye yard\u0131mc\u0131 olabilir. Hem sa\u011fl\u0131\u011f\u0131n\u0131z hem de g\u00fczelli\u011finiz i\u00e7in harika bir yat\u0131r\u0131m olacak bu bilyeli masaj eldiveni, pratik ve etkili bir \u00e7\u00f6z\u00fcm sunar. \u00dcr\u00fcn kar\u0131\u015f\u0131k renklerde g\u00f6nderilecektir.<\/p>\n","protected":false},"excerpt":{"rendered":"<p>G\u00fcn\u00fcn t\u00fcm yorgunlu\u011funu geride b\u0131rakmak i\u00e7in m\u00fckemmel bir yard\u0131mc\u0131 olan 9 bilyeli masaj eldiveni, sa\u011flad\u0131\u011f\u0131 rahatl\u0131kla sizi bekleyen stresten kurtar\u0131r. Eldiven, 360 derece d\u00f6nebilen 9 adet metal bilye ile tasarlanm\u0131\u015f olup, v\u00fccudunuzun do\u011fru masaj noktalar\u0131na yo\u011funla\u015farak daha derin bir rahatlama sa\u011flar. Kullan\u0131m\u0131 olduk\u00e7a basit ve pratik olan bu masaj eldiveni, istedi\u011finiz her yerde rahatl\u0131kla kullan\u0131labilir;&#8230;<\/p>\n","protected":false},"featured_media":125898,"comment_status":"open","ping_status":"closed","template":"","meta":{"_kad_post_transparent":"","_kad_post_title":"","_kad_post_layout":"","_kad_post_sidebar_id":"","_kad_post_content_style":"","_kad_post_vertical_padding":"","_kad_post_feature":"","_kad_post_feature_position":"","_kad_post_header":false,"_kad_post_footer":false,"_kad_post_classname":""},"product_brand":[],"product_cat":[14939],"product_tag":[],"class_list":{"0":"post-125899","1":"product","2":"type-product","3":"status-publish","4":"has-post-thumbnail","6":"product_cat-masaj-cihazi-masaj-cihazi","8":"first","9":"instock","10":"purchasable","11":"product-type-simple","12":"entry","13":"content-bg","14":"loop-entry"},"_links":{"self":[{"href":"https:\/\/www.hediyepazar.com\/index.php?rest_route=\/wp\/v2\/product\/125899","targetHints":{"allow":["GET"]}}],"collection":[{"href":"https:\/\/www.hediyepazar.com\/index.php?rest_route=\/wp\/v2\/product"}],"about":[{"href":"https:\/\/www.hediyepazar.com\/index.php?rest_route=\/wp\/v2\/types\/product"}],"replies":[{"embeddable":true,"href":"https:\/\/www.hediyepazar.com\/index.php?rest_route=%2Fwp%2Fv2%2Fcomments&post=125899"}],"wp:featuredmedia":[{"embeddable":true,"href":"https:\/\/www.hediyepazar.com\/index.php?rest_route=\/wp\/v2\/media\/125898"}],"wp:attachment":[{"href":"https:\/\/www.hediyepazar.com\/index.php?rest_route=%2Fwp%2Fv2%2Fmedia&parent=125899"}],"wp:term":[{"taxonomy":"product_brand","embeddable":true,"href":"https:\/\/www.hediyepazar.com\/index.php?rest_route=%2Fwp%2Fv2%2Fproduct_brand&post=125899"},{"taxonomy":"product_cat","embeddable":true,"href":"https:\/\/www.hediyepazar.com\/index.php?rest_route=%2Fwp%2Fv2%2Fproduct_cat&post=125899"},{"taxonomy":"product_tag","embeddable":true,"href":"https:\/\/www.hediyepazar.com\/index.php?rest_route=%2Fwp%2Fv2%2Fproduct_tag&post=125899"}],"curies":[{"name":"wp","href":"https:\/\/api.w.org\/{rel}","templated":true}]}}