{"id":125903,"date":"2026-05-06T19:06:19","date_gmt":"2026-05-06T22:06:19","guid":{"rendered":"https:\/\/www.hediyepazar.com\/?product=bluetooth-kulaklik-stres-carkli-dondurulebilir-uzun-sarj-sureli-oyuncu-kulakligi"},"modified":"2026-05-06T19:06:19","modified_gmt":"2026-05-06T22:06:19","slug":"bluetooth-kulaklik-stres-carkli-dondurulebilir-uzun-sarj-sureli-oyuncu-kulakligi","status":"publish","type":"product","link":"https:\/\/www.hediyepazar.com\/?product=bluetooth-kulaklik-stres-carkli-dondurulebilir-uzun-sarj-sureli-oyuncu-kulakligi","title":{"rendered":"Bluetooth Kulakl\u0131k Stres \u00c7arkl\u0131 D\u00f6nd\u00fcr\u00fclebilir Uzun \u015earj S\u00fcreli Oyuncu Kulakl\u0131\u011f\u0131"},"content":{"rendered":"<p>Modern ve \u015f\u0131k tasar\u0131m\u0131 ile her ya\u015fa hitap eden bu m\u00fczikli spinner, y\u00fcksek kaliteli malzemelerden \u00fcretilmi\u015ftir. Parlak renkler ve \u00f6zg\u00fcn desenlerle bezeli yap\u0131s\u0131, sadece bir oyuncak de\u011fil ayn\u0131 zamanda dikkat \u00e7ekici bir aksesuard\u0131r. E\u011flenceli bir deneyim sunarken, \u015f\u0131k g\u00f6r\u00fcn\u00fcm\u00fc ile de g\u00f6z doldurur.M\u00fczik Fonksiyonlar\u0131Spinner, entegre hoparl\u00f6rleri sayesinde oyun oynarken m\u00fczik dinlemenize olanak tan\u0131r. Sevdi\u011finiz m\u00fczikleri \u00e7alarak her d\u00f6n\u00fc\u015f\u00fc daha da e\u011flenceli hale getirir. M\u00fczik modu sayesinde, oyun deneyiminiz ritmle birle\u015ferek daha da keyifli hale gelir.Stres Azaltma ve Konsantrasyon Art\u0131rmaG\u00fcnl\u00fck kayg\u0131lardan uzakla\u015fmak ve zihinsel rahatlama sa\u011flamak i\u00e7in ideal bir ara\u00e7t\u0131r. Spinner\u2019\u0131 d\u00f6nd\u00fcrmek, stresinizi azalt\u0131rken ayn\u0131 zamanda odaklanma becerinizi de geli\u015ftirir. \u00d6\u011frenciler ve \u00e7al\u0131\u015fanlar i\u00e7in m\u00fckemmel bir yard\u0131mc\u0131d\u0131r, verimlili\u011fi art\u0131r\u0131r ve mental yorgunlu\u011fu azalt\u0131r.E\u011flenceli Oyun DeneyimiArkada\u015flar\u0131n\u0131zla yar\u0131\u015fmalar yaparak e\u011flenceli anlar ya\u015fayabilirsiniz. D\u00f6n\u00fc\u015f s\u00fcrelerini kar\u015f\u0131la\u015ft\u0131rarak, rekabet\u00e7i bir oyun deneyimi olu\u015fturabilirsiniz. Ayr\u0131ca, yarat\u0131c\u0131l\u0131\u011f\u0131n\u0131z\u0131 geli\u015ftirmenize olanak tan\u0131yacak farkl\u0131 oyunlar ile e\u011flencenin s\u0131n\u0131rlar\u0131n\u0131 zorlayabilirsiniz.Ta\u015f\u0131nabilirlik ve Kullan\u0131m Kolayl\u0131\u011f\u0131Kompakt boyutu sayesinde her yerde kolayca ta\u015f\u0131yabilirsiniz. \u00c7antan\u0131za veya cebinize rahatl\u0131kla s\u0131\u011far ve istedi\u011finiz her yerde kullanabilirsiniz. Basit kullan\u0131m\u0131 sayesinde her ya\u015ftan insan\u0131n rahat\u00e7a kullanabilece\u011fi bir tasar\u0131ma sahiptir.M\u00fczikli spinner, hem e\u011flenceli hem de i\u015flevsel bir oyun deneyimi sunarak, her an\u0131n\u0131z\u0131 daha keyifli hale getirecek.<\/p>\n","protected":false},"excerpt":{"rendered":"<p>Modern ve \u015f\u0131k tasar\u0131m\u0131 ile her ya\u015fa hitap eden bu m\u00fczikli spinner, y\u00fcksek kaliteli malzemelerden \u00fcretilmi\u015ftir. Parlak renkler ve \u00f6zg\u00fcn desenlerle bezeli yap\u0131s\u0131, sadece bir oyuncak de\u011fil ayn\u0131 zamanda dikkat \u00e7ekici bir aksesuard\u0131r. E\u011flenceli bir deneyim sunarken, \u015f\u0131k g\u00f6r\u00fcn\u00fcm\u00fc ile de g\u00f6z doldurur.M\u00fczik Fonksiyonlar\u0131Spinner, entegre hoparl\u00f6rleri sayesinde oyun oynarken m\u00fczik dinlemenize olanak tan\u0131r. Sevdi\u011finiz m\u00fczikleri&#8230;<\/p>\n","protected":false},"featured_media":125902,"comment_status":"open","ping_status":"closed","template":"","meta":{"_kad_post_transparent":"","_kad_post_title":"","_kad_post_layout":"","_kad_post_sidebar_id":"","_kad_post_content_style":"","_kad_post_vertical_padding":"","_kad_post_feature":"","_kad_post_feature_position":"","_kad_post_header":false,"_kad_post_footer":false,"_kad_post_classname":""},"product_brand":[],"product_cat":[14957],"product_tag":[],"class_list":{"0":"post-125903","1":"product","2":"type-product","3":"status-publish","4":"has-post-thumbnail","6":"product_cat-kablosuz-kulaklik-kablosuz-kulaklik","8":"first","9":"instock","10":"purchasable","11":"product-type-simple","12":"entry","13":"content-bg","14":"loop-entry"},"_links":{"self":[{"href":"https:\/\/www.hediyepazar.com\/index.php?rest_route=\/wp\/v2\/product\/125903","targetHints":{"allow":["GET"]}}],"collection":[{"href":"https:\/\/www.hediyepazar.com\/index.php?rest_route=\/wp\/v2\/product"}],"about":[{"href":"https:\/\/www.hediyepazar.com\/index.php?rest_route=\/wp\/v2\/types\/product"}],"replies":[{"embeddable":true,"href":"https:\/\/www.hediyepazar.com\/index.php?rest_route=%2Fwp%2Fv2%2Fcomments&post=125903"}],"wp:featuredmedia":[{"embeddable":true,"href":"https:\/\/www.hediyepazar.com\/index.php?rest_route=\/wp\/v2\/media\/125902"}],"wp:attachment":[{"href":"https:\/\/www.hediyepazar.com\/index.php?rest_route=%2Fwp%2Fv2%2Fmedia&parent=125903"}],"wp:term":[{"taxonomy":"product_brand","embeddable":true,"href":"https:\/\/www.hediyepazar.com\/index.php?rest_route=%2Fwp%2Fv2%2Fproduct_brand&post=125903"},{"taxonomy":"product_cat","embeddable":true,"href":"https:\/\/www.hediyepazar.com\/index.php?rest_route=%2Fwp%2Fv2%2Fproduct_cat&post=125903"},{"taxonomy":"product_tag","embeddable":true,"href":"https:\/\/www.hediyepazar.com\/index.php?rest_route=%2Fwp%2Fv2%2Fproduct_tag&post=125903"}],"curies":[{"name":"wp","href":"https:\/\/api.w.org\/{rel}","templated":true}]}}