{"id":125907,"date":"2026-05-06T19:07:06","date_gmt":"2026-05-06T22:07:06","guid":{"rendered":"https:\/\/www.hediyepazar.com\/?product=tiras-makinesi-uzun-omurlu-batarya-keskin-bicaklar-ve-profesyonel-2"},"modified":"2026-05-06T19:07:06","modified_gmt":"2026-05-06T22:07:06","slug":"tiras-makinesi-uzun-omurlu-batarya-keskin-bicaklar-ve-profesyonel-2","status":"publish","type":"product","link":"https:\/\/www.hediyepazar.com\/?product=tiras-makinesi-uzun-omurlu-batarya-keskin-bicaklar-ve-profesyonel-2","title":{"rendered":"T\u0131ra\u015f Makinesi Uzun \u00d6m\u00fcrl\u00fc Batarya Keskin B\u0131\u00e7aklar ve Profesyonel"},"content":{"rendered":"<p>Insua HK-700, profesyonel t\u0131ra\u015f deneyimi i\u00e7in t\u00fcm gereksinimleri kar\u015f\u0131layan \u00f6zelliklere sahiptir. \u015earj edilebilir lityum bataryas\u0131, yaln\u0131zca 4 saatte tam \u015farj olup 150 dakika kesintisiz kullan\u0131m sa\u011flar. Keskin \u00e7elik b\u0131\u00e7aklar\u0131, t\u00fcylerinizi m\u00fckemmel bir \u015fekilde keserken, sa\u011flam yap\u0131s\u0131 sayesinde uzun y\u0131llar boyunca dayan\u0131kl\u0131d\u0131r. 4 farkl\u0131 k\u0131lavuz tara\u011f\u0131 ile her t\u00fcrl\u00fc sa\u00e7 ve sakal kesimi i\u00e7in ideal olan Insua HK-700, \u0131slak ve kuru t\u0131ra\u015f imkan\u0131 sunar. Ayr\u0131ca, 220-240V 50\/60Hz motor g\u00fcc\u00fcyle profesyonel kullan\u0131mda \u00fcst\u00fcn performans sergiler. Yedek b\u0131\u00e7ak hediyesi, uzun s\u00fcreli kullan\u0131mda ekstra maliyetleri ortadan kald\u0131r\u0131r ve kolayca de\u011fi\u015ftirilebilen b\u0131\u00e7aklar sayesinde makinenizin performans\u0131n\u0131 ilk g\u00fcnk\u00fc gibi tutabilirsiniz.<\/p>\n","protected":false},"excerpt":{"rendered":"<p>Insua HK-700, profesyonel t\u0131ra\u015f deneyimi i\u00e7in t\u00fcm gereksinimleri kar\u015f\u0131layan \u00f6zelliklere sahiptir. \u015earj edilebilir lityum bataryas\u0131, yaln\u0131zca 4 saatte tam \u015farj olup 150 dakika kesintisiz kullan\u0131m sa\u011flar. Keskin \u00e7elik b\u0131\u00e7aklar\u0131, t\u00fcylerinizi m\u00fckemmel bir \u015fekilde keserken, sa\u011flam yap\u0131s\u0131 sayesinde uzun y\u0131llar boyunca dayan\u0131kl\u0131d\u0131r. 4 farkl\u0131 k\u0131lavuz tara\u011f\u0131 ile her t\u00fcrl\u00fc sa\u00e7 ve sakal kesimi i\u00e7in ideal olan&#8230;<\/p>\n","protected":false},"featured_media":125906,"comment_status":"open","ping_status":"closed","template":"","meta":{"_kad_post_transparent":"","_kad_post_title":"","_kad_post_layout":"","_kad_post_sidebar_id":"","_kad_post_content_style":"","_kad_post_vertical_padding":"","_kad_post_feature":"","_kad_post_feature_position":"","_kad_post_header":false,"_kad_post_footer":false,"_kad_post_classname":""},"product_brand":[],"product_cat":[14925],"product_tag":[],"class_list":{"0":"post-125907","1":"product","2":"type-product","3":"status-publish","4":"has-post-thumbnail","6":"product_cat-tiras-makinesi-tiras-makinesi","8":"first","9":"instock","10":"purchasable","11":"product-type-simple","12":"entry","13":"content-bg","14":"loop-entry"},"_links":{"self":[{"href":"https:\/\/www.hediyepazar.com\/index.php?rest_route=\/wp\/v2\/product\/125907","targetHints":{"allow":["GET"]}}],"collection":[{"href":"https:\/\/www.hediyepazar.com\/index.php?rest_route=\/wp\/v2\/product"}],"about":[{"href":"https:\/\/www.hediyepazar.com\/index.php?rest_route=\/wp\/v2\/types\/product"}],"replies":[{"embeddable":true,"href":"https:\/\/www.hediyepazar.com\/index.php?rest_route=%2Fwp%2Fv2%2Fcomments&post=125907"}],"wp:featuredmedia":[{"embeddable":true,"href":"https:\/\/www.hediyepazar.com\/index.php?rest_route=\/wp\/v2\/media\/125906"}],"wp:attachment":[{"href":"https:\/\/www.hediyepazar.com\/index.php?rest_route=%2Fwp%2Fv2%2Fmedia&parent=125907"}],"wp:term":[{"taxonomy":"product_brand","embeddable":true,"href":"https:\/\/www.hediyepazar.com\/index.php?rest_route=%2Fwp%2Fv2%2Fproduct_brand&post=125907"},{"taxonomy":"product_cat","embeddable":true,"href":"https:\/\/www.hediyepazar.com\/index.php?rest_route=%2Fwp%2Fv2%2Fproduct_cat&post=125907"},{"taxonomy":"product_tag","embeddable":true,"href":"https:\/\/www.hediyepazar.com\/index.php?rest_route=%2Fwp%2Fv2%2Fproduct_tag&post=125907"}],"curies":[{"name":"wp","href":"https:\/\/api.w.org\/{rel}","templated":true}]}}