{"id":125919,"date":"2026-05-06T19:09:14","date_gmt":"2026-05-06T22:09:14","guid":{"rendered":"https:\/\/www.hediyepazar.com\/?product=fonksiyonel-ve-estetik-calar-saat-masa-ve-komodin-uyumlu"},"modified":"2026-05-06T19:09:14","modified_gmt":"2026-05-06T22:09:14","slug":"fonksiyonel-ve-estetik-calar-saat-masa-ve-komodin-uyumlu","status":"publish","type":"product","link":"https:\/\/www.hediyepazar.com\/?product=fonksiyonel-ve-estetik-calar-saat-masa-ve-komodin-uyumlu","title":{"rendered":"Fonksiyonel ve Estetik \u00c7alar Saat Masa ve Komodin Uyumlu"},"content":{"rendered":"<p>Fonksiyonel ve estetik \u00e7alar saat, modern tasar\u0131m\u0131yla g\u00fcnl\u00fck ya\u015famda pratik bir kullan\u0131m sunarken dekoratif g\u00f6r\u00fcn\u00fcm\u00fcyle de dikkat \u00e7eker. Masa\u00fcst\u00fc kullan\u0131m i\u00e7in ideal olan bu \u00fcr\u00fcn, alarm fonksiyonu sayesinde zaman\u0131 etkili \u015fekilde y\u00f6netmenize yard\u0131mc\u0131 olur. \u015e\u0131k formu sayesinde bulundu\u011fu alanda d\u00fczenli ve dengeli bir g\u00f6r\u00fcn\u00fcm sa\u011flar.Minimal \u00e7izgilerle tasarlanm\u0131\u015f olan bu masa saati, farkl\u0131 dekorasyon tarzlar\u0131na uyum sa\u011flar. Modern, sade veya klasik alanlarda rahatl\u0131kla kullan\u0131labilir. Renkli ve estetik d\u0131\u015f y\u00fczeyi, \u00fcr\u00fcn\u00fc yaln\u0131zca i\u015flevsel bir saat olmaktan \u00e7\u0131kararak dekoratif bir obje haline getirir.Kullan\u0131c\u0131 dostu tasar\u0131m\u0131 sayesinde kurulumu ve kullan\u0131m\u0131 olduk\u00e7a kolayd\u0131r. Karma\u015f\u0131k ayarlara gerek kalmadan k\u0131sa s\u00fcrede \u00e7al\u0131\u015ft\u0131r\u0131labilir. Alarm fonksiyonu, g\u00fcnl\u00fck rutinlerin planlanmas\u0131n\u0131 destekler ve d\u00fczenli bir ya\u015fam temposu olu\u015fturur. Kontrol mekanizmas\u0131 sade ve anla\u015f\u0131l\u0131r \u015fekilde tasarlanm\u0131\u015ft\u0131r.\u00dcr\u00fcn\u00fcn g\u00f6vdesi kaliteli malzemeden \u00fcretilmi\u015ftir ve uzun s\u00fcreli kullan\u0131m i\u00e7in dayan\u0131kl\u0131d\u0131r. G\u00fcnl\u00fck kullan\u0131mlarda formunu korur ve sa\u011flam yap\u0131s\u0131yla g\u00fcven verir. Hafif ve kompakt tasar\u0131m\u0131, masa \u00fczerinde fazla yer kaplamadan kullan\u0131m imkan\u0131 sunar.Hem ev hem de ofis ortamlar\u0131 i\u00e7in uygun olan bu \u00e7alar saat, pratikli\u011fi ve \u015f\u0131kl\u0131\u011f\u0131 bir arada arayan kullan\u0131c\u0131lar i\u00e7in ideal bir se\u00e7enektir. Ayn\u0131 zamanda hediye olarak da de\u011ferlendirilebilecek bu \u00fcr\u00fcn, i\u015flevsellik ve esteti\u011fi tek bir tasar\u0131mda bulu\u015fturur.<\/p>\n","protected":false},"excerpt":{"rendered":"<p>Fonksiyonel ve estetik \u00e7alar saat, modern tasar\u0131m\u0131yla g\u00fcnl\u00fck ya\u015famda pratik bir kullan\u0131m sunarken dekoratif g\u00f6r\u00fcn\u00fcm\u00fcyle de dikkat \u00e7eker. Masa\u00fcst\u00fc kullan\u0131m i\u00e7in ideal olan bu \u00fcr\u00fcn, alarm fonksiyonu sayesinde zaman\u0131 etkili \u015fekilde y\u00f6netmenize yard\u0131mc\u0131 olur. \u015e\u0131k formu sayesinde bulundu\u011fu alanda d\u00fczenli ve dengeli bir g\u00f6r\u00fcn\u00fcm sa\u011flar.Minimal \u00e7izgilerle tasarlanm\u0131\u015f olan bu masa saati, farkl\u0131 dekorasyon tarzlar\u0131na uyum&#8230;<\/p>\n","protected":false},"featured_media":125918,"comment_status":"open","ping_status":"closed","template":"","meta":{"_kad_post_transparent":"","_kad_post_title":"","_kad_post_layout":"","_kad_post_sidebar_id":"","_kad_post_content_style":"","_kad_post_vertical_padding":"","_kad_post_feature":"","_kad_post_feature_position":"","_kad_post_header":false,"_kad_post_footer":false,"_kad_post_classname":""},"product_brand":[],"product_cat":[15038],"product_tag":[],"class_list":{"0":"post-125919","1":"product","2":"type-product","3":"status-publish","4":"has-post-thumbnail","6":"product_cat-masa-saati-masa-saati","8":"first","9":"instock","10":"purchasable","11":"product-type-simple","12":"entry","13":"content-bg","14":"loop-entry"},"_links":{"self":[{"href":"https:\/\/www.hediyepazar.com\/index.php?rest_route=\/wp\/v2\/product\/125919","targetHints":{"allow":["GET"]}}],"collection":[{"href":"https:\/\/www.hediyepazar.com\/index.php?rest_route=\/wp\/v2\/product"}],"about":[{"href":"https:\/\/www.hediyepazar.com\/index.php?rest_route=\/wp\/v2\/types\/product"}],"replies":[{"embeddable":true,"href":"https:\/\/www.hediyepazar.com\/index.php?rest_route=%2Fwp%2Fv2%2Fcomments&post=125919"}],"wp:featuredmedia":[{"embeddable":true,"href":"https:\/\/www.hediyepazar.com\/index.php?rest_route=\/wp\/v2\/media\/125918"}],"wp:attachment":[{"href":"https:\/\/www.hediyepazar.com\/index.php?rest_route=%2Fwp%2Fv2%2Fmedia&parent=125919"}],"wp:term":[{"taxonomy":"product_brand","embeddable":true,"href":"https:\/\/www.hediyepazar.com\/index.php?rest_route=%2Fwp%2Fv2%2Fproduct_brand&post=125919"},{"taxonomy":"product_cat","embeddable":true,"href":"https:\/\/www.hediyepazar.com\/index.php?rest_route=%2Fwp%2Fv2%2Fproduct_cat&post=125919"},{"taxonomy":"product_tag","embeddable":true,"href":"https:\/\/www.hediyepazar.com\/index.php?rest_route=%2Fwp%2Fv2%2Fproduct_tag&post=125919"}],"curies":[{"name":"wp","href":"https:\/\/api.w.org\/{rel}","templated":true}]}}