{"id":125925,"date":"2026-05-06T19:11:09","date_gmt":"2026-05-06T22:11:09","guid":{"rendered":"https:\/\/www.hediyepazar.com\/?product=sik-gorunumlu-masaustu-calar-saat-gunluk-kullanima-uygun"},"modified":"2026-05-06T19:11:09","modified_gmt":"2026-05-06T22:11:09","slug":"sik-gorunumlu-masaustu-calar-saat-gunluk-kullanima-uygun","status":"publish","type":"product","link":"https:\/\/www.hediyepazar.com\/?product=sik-gorunumlu-masaustu-calar-saat-gunluk-kullanima-uygun","title":{"rendered":"\u015e\u0131k G\u00f6r\u00fcn\u00fcml\u00fc Masa\u00fcst\u00fc \u00c7alar Saat G\u00fcnl\u00fck Kullan\u0131ma Uygun"},"content":{"rendered":"<p>Modern tasar\u0131m\u0131 sayesinde yatak odas\u0131, \u00e7al\u0131\u015fma alan\u0131 veya ofis gibi farkl\u0131 mekanlarda uyum sa\u011flar. Sade ama dikkat \u00e7ekici g\u00f6r\u00fcn\u00fcm\u00fc, kalabal\u0131k olu\u015fturmadan dekorasyona katk\u0131 sa\u011flar. Bu \u00f6zellik, \u00fcr\u00fcn\u00fc klasik saat modellerinden ay\u0131rarak daha \u00e7a\u011fda\u015f bir se\u00e7enek haline getirir.Kullan\u0131m\u0131 olduk\u00e7a pratiktir. Kolay tak\u0131labilir yap\u0131s\u0131 sayesinde k\u0131sa s\u00fcrede kullan\u0131ma haz\u0131r hale gelir. Alarm ayarlama i\u015flemleri basit ve anla\u015f\u0131l\u0131r \u015fekilde tasarlanm\u0131\u015ft\u0131r. Bu sayede g\u00fcn\u00fcn temposuna h\u0131zl\u0131ca uyum sa\u011flar ve d\u00fczenli bir zaman y\u00f6netimi sunar.Dayan\u0131kl\u0131 malzemeden \u00fcretilmi\u015f g\u00f6vdesi, uzun s\u00fcreli kullan\u0131m i\u00e7in g\u00fcven verir. G\u00fcnl\u00fck kullan\u0131mlarda formunu korur ve sa\u011flam yap\u0131s\u0131yla dikkat \u00e7eker. Masa \u00fczerinde sabit durur ve kayma yapmaz, bu da kullan\u0131m konforunu art\u0131r\u0131r.Hem i\u015flevsel hem de dekoratif \u00f6zellikler sunan bu \u00e7alar saat, hediye alternatifi olarak da de\u011ferlendirilebilir. Modern ya\u015fam tarz\u0131na uygun tasar\u0131m\u0131 sayesinde farkl\u0131 ya\u015f gruplar\u0131na hitap eder. G\u00fcnl\u00fck kullan\u0131mda pratiklik arayan ve dekoratif detaylara \u00f6nem veren kullan\u0131c\u0131lar i\u00e7in ideal bir tercihtir.<\/p>\n","protected":false},"excerpt":{"rendered":"<p>Modern tasar\u0131m\u0131 sayesinde yatak odas\u0131, \u00e7al\u0131\u015fma alan\u0131 veya ofis gibi farkl\u0131 mekanlarda uyum sa\u011flar. Sade ama dikkat \u00e7ekici g\u00f6r\u00fcn\u00fcm\u00fc, kalabal\u0131k olu\u015fturmadan dekorasyona katk\u0131 sa\u011flar. Bu \u00f6zellik, \u00fcr\u00fcn\u00fc klasik saat modellerinden ay\u0131rarak daha \u00e7a\u011fda\u015f bir se\u00e7enek haline getirir.Kullan\u0131m\u0131 olduk\u00e7a pratiktir. Kolay tak\u0131labilir yap\u0131s\u0131 sayesinde k\u0131sa s\u00fcrede kullan\u0131ma haz\u0131r hale gelir. Alarm ayarlama i\u015flemleri basit ve anla\u015f\u0131l\u0131r&#8230;<\/p>\n","protected":false},"featured_media":125924,"comment_status":"open","ping_status":"closed","template":"","meta":{"_kad_post_transparent":"","_kad_post_title":"","_kad_post_layout":"","_kad_post_sidebar_id":"","_kad_post_content_style":"","_kad_post_vertical_padding":"","_kad_post_feature":"","_kad_post_feature_position":"","_kad_post_header":false,"_kad_post_footer":false,"_kad_post_classname":""},"product_brand":[],"product_cat":[15038],"product_tag":[],"class_list":{"0":"post-125925","1":"product","2":"type-product","3":"status-publish","4":"has-post-thumbnail","6":"product_cat-masa-saati-masa-saati","8":"first","9":"instock","10":"purchasable","11":"product-type-simple","12":"entry","13":"content-bg","14":"loop-entry"},"_links":{"self":[{"href":"https:\/\/www.hediyepazar.com\/index.php?rest_route=\/wp\/v2\/product\/125925","targetHints":{"allow":["GET"]}}],"collection":[{"href":"https:\/\/www.hediyepazar.com\/index.php?rest_route=\/wp\/v2\/product"}],"about":[{"href":"https:\/\/www.hediyepazar.com\/index.php?rest_route=\/wp\/v2\/types\/product"}],"replies":[{"embeddable":true,"href":"https:\/\/www.hediyepazar.com\/index.php?rest_route=%2Fwp%2Fv2%2Fcomments&post=125925"}],"wp:featuredmedia":[{"embeddable":true,"href":"https:\/\/www.hediyepazar.com\/index.php?rest_route=\/wp\/v2\/media\/125924"}],"wp:attachment":[{"href":"https:\/\/www.hediyepazar.com\/index.php?rest_route=%2Fwp%2Fv2%2Fmedia&parent=125925"}],"wp:term":[{"taxonomy":"product_brand","embeddable":true,"href":"https:\/\/www.hediyepazar.com\/index.php?rest_route=%2Fwp%2Fv2%2Fproduct_brand&post=125925"},{"taxonomy":"product_cat","embeddable":true,"href":"https:\/\/www.hediyepazar.com\/index.php?rest_route=%2Fwp%2Fv2%2Fproduct_cat&post=125925"},{"taxonomy":"product_tag","embeddable":true,"href":"https:\/\/www.hediyepazar.com\/index.php?rest_route=%2Fwp%2Fv2%2Fproduct_tag&post=125925"}],"curies":[{"name":"wp","href":"https:\/\/api.w.org\/{rel}","templated":true}]}}