{"id":125949,"date":"2026-05-06T19:17:08","date_gmt":"2026-05-06T22:17:08","guid":{"rendered":"https:\/\/www.hediyepazar.com\/?product=ev-tipi-manikur-icin-ultraviyole-led-oje-kurutucu"},"modified":"2026-05-06T19:17:08","modified_gmt":"2026-05-06T22:17:08","slug":"ev-tipi-manikur-icin-ultraviyole-led-oje-kurutucu","status":"publish","type":"product","link":"https:\/\/www.hediyepazar.com\/?product=ev-tipi-manikur-icin-ultraviyole-led-oje-kurutucu","title":{"rendered":"Ev Tipi Manik\u00fcr \u0130\u00e7in Ultraviyole LED Oje Kurutucu"},"content":{"rendered":"<p>Ev tipi manik\u00fcr uygulamalar\u0131 i\u00e7in tasarlanan bu ultraviyole LED oje kurutucu, kullan\u0131m kolayl\u0131\u011f\u0131 ve performans\u0131 bir arada sunar. 15 LED \u0131\u015f\u0131k kayna\u011f\u0131, ojelerin t\u00fcm y\u00fczeye e\u015fit \u015fekilde kurumas\u0131n\u0131 destekler. 45W g\u00fcc\u00fc sayesinde h\u0131zl\u0131 ve dengeli kurutma sa\u011flar.Zaman ayarl\u0131 kullan\u0131m \u00f6zelli\u011fi, farkl\u0131 oje t\u00fcrleri i\u00e7in ideal kurutma s\u00fcresinin se\u00e7ilmesine yard\u0131mc\u0131 olur. 60, 90 ve 120 saniyelik se\u00e7enekler sayesinde kontroll\u00fc kullan\u0131m m\u00fcmk\u00fcnd\u00fcr. Elinizi cihazdan \u00e7ekti\u011finizde \u0131\u015f\u0131\u011f\u0131n otomatik olarak kapanmas\u0131, g\u00fcvenli bir kullan\u0131m sunar.USB kablo ile \u00e7al\u0131\u015fmas\u0131, cihaz\u0131n farkl\u0131 alanlarda kullan\u0131lmas\u0131na olanak tan\u0131r. USB kablo kutu i\u00e7eri\u011finde yer al\u0131r. Kompakt tasar\u0131m\u0131 sayesinde az yer kaplar ve kolayca ta\u015f\u0131nabilir. D\u00fczenli kullan\u0131mda ojelerin daha d\u00fczg\u00fcn ve estetik g\u00f6r\u00fcnmesine katk\u0131 sa\u011flar.<\/p>\n","protected":false},"excerpt":{"rendered":"<p>Ev tipi manik\u00fcr uygulamalar\u0131 i\u00e7in tasarlanan bu ultraviyole LED oje kurutucu, kullan\u0131m kolayl\u0131\u011f\u0131 ve performans\u0131 bir arada sunar. 15 LED \u0131\u015f\u0131k kayna\u011f\u0131, ojelerin t\u00fcm y\u00fczeye e\u015fit \u015fekilde kurumas\u0131n\u0131 destekler. 45W g\u00fcc\u00fc sayesinde h\u0131zl\u0131 ve dengeli kurutma sa\u011flar.Zaman ayarl\u0131 kullan\u0131m \u00f6zelli\u011fi, farkl\u0131 oje t\u00fcrleri i\u00e7in ideal kurutma s\u00fcresinin se\u00e7ilmesine yard\u0131mc\u0131 olur. 60, 90 ve 120 saniyelik&#8230;<\/p>\n","protected":false},"featured_media":125948,"comment_status":"open","ping_status":"closed","template":"","meta":{"_kad_post_transparent":"","_kad_post_title":"","_kad_post_layout":"","_kad_post_sidebar_id":"","_kad_post_content_style":"","_kad_post_vertical_padding":"","_kad_post_feature":"","_kad_post_feature_position":"","_kad_post_header":false,"_kad_post_footer":false,"_kad_post_classname":""},"product_brand":[],"product_cat":[15044],"product_tag":[],"class_list":{"0":"post-125949","1":"product","2":"type-product","3":"status-publish","4":"has-post-thumbnail","6":"product_cat-oje-kurutucu-oje-kurutucu","8":"first","9":"instock","10":"purchasable","11":"product-type-simple","12":"entry","13":"content-bg","14":"loop-entry"},"_links":{"self":[{"href":"https:\/\/www.hediyepazar.com\/index.php?rest_route=\/wp\/v2\/product\/125949","targetHints":{"allow":["GET"]}}],"collection":[{"href":"https:\/\/www.hediyepazar.com\/index.php?rest_route=\/wp\/v2\/product"}],"about":[{"href":"https:\/\/www.hediyepazar.com\/index.php?rest_route=\/wp\/v2\/types\/product"}],"replies":[{"embeddable":true,"href":"https:\/\/www.hediyepazar.com\/index.php?rest_route=%2Fwp%2Fv2%2Fcomments&post=125949"}],"wp:featuredmedia":[{"embeddable":true,"href":"https:\/\/www.hediyepazar.com\/index.php?rest_route=\/wp\/v2\/media\/125948"}],"wp:attachment":[{"href":"https:\/\/www.hediyepazar.com\/index.php?rest_route=%2Fwp%2Fv2%2Fmedia&parent=125949"}],"wp:term":[{"taxonomy":"product_brand","embeddable":true,"href":"https:\/\/www.hediyepazar.com\/index.php?rest_route=%2Fwp%2Fv2%2Fproduct_brand&post=125949"},{"taxonomy":"product_cat","embeddable":true,"href":"https:\/\/www.hediyepazar.com\/index.php?rest_route=%2Fwp%2Fv2%2Fproduct_cat&post=125949"},{"taxonomy":"product_tag","embeddable":true,"href":"https:\/\/www.hediyepazar.com\/index.php?rest_route=%2Fwp%2Fv2%2Fproduct_tag&post=125949"}],"curies":[{"name":"wp","href":"https:\/\/api.w.org\/{rel}","templated":true}]}}